{"id":4801,"date":"2025-07-03T09:33:09","date_gmt":"2025-07-03T07:33:09","guid":{"rendered":"https:\/\/vilardellpurti.com\/capacidad\/instalaciones\/"},"modified":"2026-01-27T12:07:29","modified_gmt":"2026-01-27T11:07:29","slug":"instalaciones","status":"publish","type":"page","link":"https:\/\/vilardellpurti.com\/es\/capacidad\/instalaciones\/","title":{"rendered":"Instalaciones"},"content":{"rendered":"\t\t<div data-elementor-type=\"wp-page\" data-elementor-id=\"4801\" class=\"elementor elementor-4801 elementor-2475\" data-elementor-post-type=\"page\">\n\t\t\t\t<div class=\"elementor-element elementor-element-ebc09c1 e-con-full e-flex e-con e-parent\" data-id=\"ebc09c1\" data-element_type=\"container\" data-e-type=\"container\" data-settings=\"{&quot;background_background&quot;:&quot;classic&quot;}\">\n\t\t\t\t<div class=\"elementor-element elementor-element-42ee391 elementor-widget elementor-widget-heading\" data-id=\"42ee391\" data-element_type=\"widget\" data-e-type=\"widget\" data-widget_type=\"heading.default\">\n\t\t\t\t<div class=\"elementor-widget-container\">\n\t\t\t\t\t<p class=\"elementor-heading-title elementor-size-default\">Instalaciones innovadoras para<br><strong><span style=\"color: #00AFD3\">proyectos de alta precisi\u00f3n<\/span><\/strong><\/p>\t\t\t\t<\/div>\n\t\t\t\t<\/div>\n\t\t\t\t<\/div>\n\t\t<div class=\"elementor-element elementor-element-bc8a3f2 image-columns-section e-flex e-con-boxed e-con e-parent\" data-id=\"bc8a3f2\" data-element_type=\"container\" data-e-type=\"container\">\n\t\t\t\t\t<div class=\"e-con-inner\">\n\t\t\t\t<div class=\"elementor-element elementor-element-99347c6 elementor-widget elementor-widget-heading\" data-id=\"99347c6\" data-element_type=\"widget\" data-e-type=\"widget\" data-widget_type=\"heading.default\">\n\t\t\t\t<div class=\"elementor-widget-container\">\n\t\t\t\t\t<h2 class=\"elementor-heading-title elementor-size-default\">Vilardell Purt\u00ed\n<br>El socio que necesita<\/h2>\t\t\t\t<\/div>\n\t\t\t\t<\/div>\n\t\t\t\t<div class=\"elementor-element elementor-element-ac49c91 elementor-widget__width-initial elementor-widget elementor-widget-text-editor\" data-id=\"ac49c91\" data-element_type=\"widget\" data-e-type=\"widget\" data-widget_type=\"text-editor.default\">\n\t\t\t\t<div class=\"elementor-widget-container\">\n\t\t\t\t\t\t\t\t\t<p>Contamos con las instalaciones necesarias para liderar globalmente el mecanizado de tornillos y piezas de torneado de alta precisi\u00f3n, lo que nos permite afrontar los retos m\u00e1s exigentes con excelencia.<\/p>\t\t\t\t\t\t\t\t<\/div>\n\t\t\t\t<\/div>\n\t\t\t\t\t<\/div>\n\t\t\t\t<\/div>\n\t\t<div class=\"elementor-element elementor-element-439e021 e-flex e-con-boxed e-con e-parent\" data-id=\"439e021\" data-element_type=\"container\" data-e-type=\"container\">\n\t\t\t\t\t<div class=\"e-con-inner\">\n\t\t<div class=\"elementor-element elementor-element-6cca432 e-con-full e-flex e-con e-child\" data-id=\"6cca432\" data-element_type=\"container\" data-e-type=\"container\">\n\t\t<div class=\"elementor-element elementor-element-bdbc27b e-con-full e-flex e-con e-child\" data-id=\"bdbc27b\" data-element_type=\"container\" data-e-type=\"container\" data-settings=\"{&quot;background_background&quot;:&quot;video&quot;,&quot;background_video_link&quot;:&quot;https:\\\/\\\/player.vimeo.com\\\/video\\\/1090030505?h=9ac0f909d0&amp;badge=0&amp;autopause=0&amp;player_id=0&amp;app_id=58479&quot;,&quot;background_play_on_mobile&quot;:&quot;yes&quot;}\">\n\t\t<div class=\"elementor-background-video-container\">\n\t\t\t\t\t\t\t<div class=\"elementor-background-video-embed\" role=\"presentation\"><\/div>\n\t\t\t\t\t\t<\/div>\t\t<\/div>\n\t\t\t\t<div class=\"elementor-element elementor-element-5f208f1 elementor-widget elementor-widget-heading\" data-id=\"5f208f1\" data-element_type=\"widget\" data-e-type=\"widget\" data-widget_type=\"heading.default\">\n\t\t\t\t<div class=\"elementor-widget-container\">\n\t\t\t\t\t<h1 class=\"elementor-heading-title elementor-size-default\">Sobre nosotros<\/h1>\t\t\t\t<\/div>\n\t\t\t\t<\/div>\n\t\t\t\t<div class=\"elementor-element elementor-element-1847685 elementor-widget elementor-widget-text-editor\" data-id=\"1847685\" data-element_type=\"widget\" data-e-type=\"widget\" data-widget_type=\"text-editor.default\">\n\t\t\t\t<div class=\"elementor-widget-container\">\n\t\t\t\t\t\t\t\t\t<p>Nuestro equipo de profesionales gestiona cada paso del proceso para que usted pueda centrarse en sus objetivos.<br>Operamos una planta altamente productiva especializada en piezas de torneado de precisi\u00f3n de alta calidad.<\/p>\t\t\t\t\t\t\t\t<\/div>\n\t\t\t\t<\/div>\n\t\t\t\t<div class=\"elementor-element elementor-element-2aef68d elementor-align-left elementor-widget elementor-widget-button\" data-id=\"2aef68d\" data-element_type=\"widget\" data-e-type=\"widget\" data-widget_type=\"button.default\">\n\t\t\t\t<div class=\"elementor-widget-container\">\n\t\t\t\t\t\t\t\t\t<div class=\"elementor-button-wrapper\">\n\t\t\t\t\t<a class=\"elementor-button elementor-button-link elementor-size-sm\" href=\"https:\/\/vilardellpurti.com\/es\/contacto\/\">\n\t\t\t\t\t\t<span class=\"elementor-button-content-wrapper\">\n\t\t\t\t\t\t\t\t\t<span class=\"elementor-button-text\">Cont\u00e1ctanos para m\u00e1s informaci\u00f3n<\/span>\n\t\t\t\t\t<\/span>\n\t\t\t\t\t<\/a>\n\t\t\t\t<\/div>\n\t\t\t\t\t\t\t\t<\/div>\n\t\t\t\t<\/div>\n\t\t\t\t<\/div>\n\t\t\t\t\t<\/div>\n\t\t\t\t<\/div>\n\t\t<div class=\"elementor-element elementor-element-936ba95 percent-values-section e-flex e-con-boxed e-con e-parent\" data-id=\"936ba95\" data-element_type=\"container\" data-e-type=\"container\">\n\t\t\t\t\t<div class=\"e-con-inner\">\n\t\t<div class=\"elementor-element elementor-element-fdfb924 e-con-full e-flex e-con e-child\" data-id=\"fdfb924\" data-element_type=\"container\" data-e-type=\"container\">\n\t\t<div class=\"elementor-element elementor-element-c025115 e-con-full e-flex e-con e-child\" data-id=\"c025115\" data-element_type=\"container\" data-e-type=\"container\" data-settings=\"{&quot;background_background&quot;:&quot;classic&quot;}\">\n\t\t\t\t<div class=\"elementor-element elementor-element-88aa162 elementor-widget elementor-widget-counter\" data-id=\"88aa162\" data-element_type=\"widget\" data-e-type=\"widget\" data-widget_type=\"counter.default\">\n\t\t\t\t<div class=\"elementor-widget-container\">\n\t\t\t\t\t\t\t<div class=\"elementor-counter\">\n\t\t\t<p class=\"elementor-counter-title\">Surface<\/p>\t\t\t<div class=\"elementor-counter-number-wrapper\">\n\t\t\t\t<span class=\"elementor-counter-number-prefix\"><\/span>\n\t\t\t\t<span class=\"elementor-counter-number\" data-duration=\"2000\" data-to-value=\"28000\" data-from-value=\"0\" data-delimiter=\",\">0<\/span>\n\t\t\t\t<span class=\"elementor-counter-number-suffix\">m2<\/span>\n\t\t\t<\/div>\n\t\t<\/div>\n\t\t\t\t\t\t<\/div>\n\t\t\t\t<\/div>\n\t\t\t\t<\/div>\n\t\t<div class=\"elementor-element elementor-element-7dab2eb e-con-full e-flex e-con e-child\" data-id=\"7dab2eb\" data-element_type=\"container\" data-e-type=\"container\" data-settings=\"{&quot;background_background&quot;:&quot;classic&quot;}\">\n\t\t\t\t<div class=\"elementor-element elementor-element-177b5b2 elementor-widget elementor-widget-counter\" data-id=\"177b5b2\" data-element_type=\"widget\" data-e-type=\"widget\" data-widget_type=\"counter.default\">\n\t\t\t\t<div class=\"elementor-widget-container\">\n\t\t\t\t\t\t\t<div class=\"elementor-counter\">\n\t\t\t<p class=\"elementor-counter-title\">Facturaci\u00f3n 2025 (\u20ac)<\/p>\t\t\t<div class=\"elementor-counter-number-wrapper\">\n\t\t\t\t<span class=\"elementor-counter-number-prefix\"><\/span>\n\t\t\t\t<span class=\"elementor-counter-number\" data-duration=\"2000\" data-to-value=\"41\" data-from-value=\"0\">0<\/span>\n\t\t\t\t<span class=\"elementor-counter-number-suffix\"> M<\/span>\n\t\t\t<\/div>\n\t\t<\/div>\n\t\t\t\t\t\t<\/div>\n\t\t\t\t<\/div>\n\t\t\t\t<\/div>\n\t\t<div class=\"elementor-element elementor-element-517fcf7 e-con-full e-flex e-con e-child\" data-id=\"517fcf7\" data-element_type=\"container\" data-e-type=\"container\" data-settings=\"{&quot;background_background&quot;:&quot;classic&quot;}\">\n\t\t\t\t<div class=\"elementor-element elementor-element-c90cc14 elementor-widget elementor-widget-counter\" data-id=\"c90cc14\" data-element_type=\"widget\" data-e-type=\"widget\" data-widget_type=\"counter.default\">\n\t\t\t\t<div class=\"elementor-widget-container\">\n\t\t\t\t\t\t\t<div class=\"elementor-counter\">\n\t\t\t<p class=\"elementor-counter-title\">Plantilla 2025<\/p>\t\t\t<div class=\"elementor-counter-number-wrapper\">\n\t\t\t\t<span class=\"elementor-counter-number-prefix\"><\/span>\n\t\t\t\t<span class=\"elementor-counter-number\" data-duration=\"2000\" data-to-value=\"356\" data-from-value=\"0\">0<\/span>\n\t\t\t\t<span class=\"elementor-counter-number-suffix\"> <\/span>\n\t\t\t<\/div>\n\t\t<\/div>\n\t\t\t\t\t\t<\/div>\n\t\t\t\t<\/div>\n\t\t\t\t<\/div>\n\t\t\t\t<\/div>\n\t\t\t\t\t<\/div>\n\t\t\t\t<\/div>\n\t\t<div class=\"elementor-element elementor-element-fafcd52 e-con-full e-flex e-con e-parent\" data-id=\"fafcd52\" data-element_type=\"container\" data-e-type=\"container\">\n\t\t\t\t<div class=\"elementor-element elementor-element-2d79414 elementor-widget elementor-widget-image\" data-id=\"2d79414\" data-element_type=\"widget\" data-e-type=\"widget\" data-widget_type=\"image.default\">\n\t\t\t\t<div class=\"elementor-widget-container\">\n\t\t\t\t\t\t\t\t\t\t\t\t\t\t\t\t<a href=\"https:\/\/vilardellpurti.com\/wp-content\/uploads\/2025\/07\/mapa-punts-linies2-scaled.jpg\" data-elementor-open-lightbox=\"yes\" data-elementor-lightbox-title=\"Pa\u00edses de Internacionalizaci\u00f3n Vilardell Purt\u00ed\" data-e-action-hash=\"#elementor-action%3Aaction%3Dlightbox%26settings%3DeyJpZCI6Mjc5OCwidXJsIjoiaHR0cHM6XC9cL3ZpbGFyZGVsbHB1cnRpLmNvbVwvd3AtY29udGVudFwvdXBsb2Fkc1wvMjAyNVwvMDdcL21hcGEtcHVudHMtbGluaWVzMi1zY2FsZWQuanBnIn0%3D\">\n\t\t\t\t\t\t\t<img fetchpriority=\"high\" decoding=\"async\" width=\"2560\" height=\"981\" src=\"https:\/\/vilardellpurti.com\/wp-content\/uploads\/2025\/07\/mapa-punts-linies2-scaled.jpg\" class=\"attachment-full size-full wp-image-2798\" alt=\"Pa\u00edses de Internacionalizaci\u00f3n Vilardell Purt\u00ed\" srcset=\"https:\/\/vilardellpurti.com\/wp-content\/uploads\/2025\/07\/mapa-punts-linies2-scaled.jpg 2560w, https:\/\/vilardellpurti.com\/wp-content\/uploads\/2025\/07\/mapa-punts-linies2-300x115.jpg 300w, https:\/\/vilardellpurti.com\/wp-content\/uploads\/2025\/07\/mapa-punts-linies2-1024x392.jpg 1024w, https:\/\/vilardellpurti.com\/wp-content\/uploads\/2025\/07\/mapa-punts-linies2-768x294.jpg 768w, https:\/\/vilardellpurti.com\/wp-content\/uploads\/2025\/07\/mapa-punts-linies2-1536x589.jpg 1536w, https:\/\/vilardellpurti.com\/wp-content\/uploads\/2025\/07\/mapa-punts-linies2-2048x785.jpg 2048w, https:\/\/vilardellpurti.com\/wp-content\/uploads\/2025\/07\/mapa-punts-linies2-180x69.jpg 180w, https:\/\/vilardellpurti.com\/wp-content\/uploads\/2025\/07\/mapa-punts-linies2-360x138.jpg 360w, https:\/\/vilardellpurti.com\/wp-content\/uploads\/2025\/07\/mapa-punts-linies2-640x245.jpg 640w, https:\/\/vilardellpurti.com\/wp-content\/uploads\/2025\/07\/mapa-punts-linies2-1366x524.jpg 1366w, https:\/\/vilardellpurti.com\/wp-content\/uploads\/2025\/07\/mapa-punts-linies2-1600x613.jpg 1600w, https:\/\/vilardellpurti.com\/wp-content\/uploads\/2025\/07\/mapa-punts-linies2-1920x736.jpg 1920w\" sizes=\"(max-width: 2560px) 100vw, 2560px\" \/>\t\t\t\t\t\t\t\t<\/a>\n\t\t\t\t\t\t\t\t\t\t\t\t\t\t\t<\/div>\n\t\t\t\t<\/div>\n\t\t\t\t<\/div>\n\t\t\t\t<\/div>\n\t\t","protected":false},"excerpt":{"rendered":"<p>Instalaciones innovadoras paraproyectos de alta precisi\u00f3n Vilardell Purt\u00ed El socio que necesita Contamos con las instalaciones necesarias para liderar globalmente el mecanizado de tornillos y piezas de torneado de alta precisi\u00f3n, lo que nos permite afrontar los retos m\u00e1s exigentes con excelencia. Sobre nosotros Nuestro equipo de profesionales gestiona cada paso del proceso para que [&hellip;]<\/p>\n","protected":false},"author":3,"featured_media":0,"parent":4785,"menu_order":0,"comment_status":"closed","ping_status":"closed","template":"","meta":{"_acf_changed":false,"inline_featured_image":false,"footnotes":""},"class_list":["post-4801","page","type-page","status-publish","hentry"],"acf":[],"yoast_head":"<!-- This site is optimized with the Yoast SEO plugin v27.6 - https:\/\/yoast.com\/product\/yoast-seo-wordpress\/ -->\n<title>Instalaciones acordes a nuestra capacidad productiva | Vilardell Purt\u00ed<\/title>\n<meta name=\"description\" content=\"Discover the facilities of Vilardell Purt\u00ed, the industrial company specialized in high precision screw-cutting and turning parts\" \/>\n<meta name=\"robots\" content=\"index, follow, max-snippet:-1, max-image-preview:large, max-video-preview:-1\" \/>\n<link rel=\"canonical\" href=\"https:\/\/vilardellpurti.com\/es\/capacidad\/instalaciones\/\" \/>\n<meta property=\"og:locale\" content=\"es_ES\" \/>\n<meta property=\"og:type\" content=\"article\" \/>\n<meta property=\"og:title\" content=\"Instalaciones acordes a nuestra capacidad productiva | Vilardell Purt\u00ed\" \/>\n<meta property=\"og:description\" content=\"Discover the facilities of Vilardell Purt\u00ed, the industrial company specialized in high precision screw-cutting and turning parts\" \/>\n<meta property=\"og:url\" content=\"https:\/\/vilardellpurti.com\/es\/capacidad\/instalaciones\/\" \/>\n<meta property=\"og:site_name\" content=\"Vilardell Purt\u00ed\" \/>\n<meta property=\"article:modified_time\" content=\"2026-01-27T11:07:29+00:00\" \/>\n<meta property=\"og:image\" content=\"https:\/\/vilardellpurti.com\/wp-content\/uploads\/2025\/07\/mapa-punts-linies2-scaled.jpg\" \/>\n\t<meta property=\"og:image:width\" content=\"2560\" \/>\n\t<meta property=\"og:image:height\" content=\"981\" \/>\n\t<meta property=\"og:image:type\" content=\"image\/jpeg\" \/>\n<meta name=\"twitter:card\" content=\"summary_large_image\" \/>\n<script type=\"application\/ld+json\" class=\"yoast-schema-graph\">{\"@context\":\"https:\\\/\\\/schema.org\",\"@graph\":[{\"@type\":\"WebPage\",\"@id\":\"https:\\\/\\\/vilardellpurti.com\\\/es\\\/capacidad\\\/instalaciones\\\/\",\"url\":\"https:\\\/\\\/vilardellpurti.com\\\/es\\\/capacidad\\\/instalaciones\\\/\",\"name\":\"Instalaciones acordes a nuestra capacidad productiva | Vilardell Purt\u00ed\",\"isPartOf\":{\"@id\":\"https:\\\/\\\/vilardellpurti.com\\\/#website\"},\"primaryImageOfPage\":{\"@id\":\"https:\\\/\\\/vilardellpurti.com\\\/es\\\/capacidad\\\/instalaciones\\\/#primaryimage\"},\"image\":{\"@id\":\"https:\\\/\\\/vilardellpurti.com\\\/es\\\/capacidad\\\/instalaciones\\\/#primaryimage\"},\"thumbnailUrl\":\"https:\\\/\\\/vilardellpurti.com\\\/wp-content\\\/uploads\\\/2025\\\/07\\\/mapa-punts-linies2-scaled.jpg\",\"datePublished\":\"2025-07-03T07:33:09+00:00\",\"dateModified\":\"2026-01-27T11:07:29+00:00\",\"description\":\"Discover the facilities of Vilardell Purt\u00ed, the industrial company specialized in high precision screw-cutting and turning parts\",\"breadcrumb\":{\"@id\":\"https:\\\/\\\/vilardellpurti.com\\\/es\\\/capacidad\\\/instalaciones\\\/#breadcrumb\"},\"inLanguage\":\"es\",\"potentialAction\":[{\"@type\":\"ReadAction\",\"target\":[\"https:\\\/\\\/vilardellpurti.com\\\/es\\\/capacidad\\\/instalaciones\\\/\"]}]},{\"@type\":\"ImageObject\",\"inLanguage\":\"es\",\"@id\":\"https:\\\/\\\/vilardellpurti.com\\\/es\\\/capacidad\\\/instalaciones\\\/#primaryimage\",\"url\":\"https:\\\/\\\/vilardellpurti.com\\\/wp-content\\\/uploads\\\/2025\\\/07\\\/mapa-punts-linies2-scaled.jpg\",\"contentUrl\":\"https:\\\/\\\/vilardellpurti.com\\\/wp-content\\\/uploads\\\/2025\\\/07\\\/mapa-punts-linies2-scaled.jpg\"},{\"@type\":\"BreadcrumbList\",\"@id\":\"https:\\\/\\\/vilardellpurti.com\\\/es\\\/capacidad\\\/instalaciones\\\/#breadcrumb\",\"itemListElement\":[{\"@type\":\"ListItem\",\"position\":1,\"name\":\"Portada\",\"item\":\"https:\\\/\\\/vilardellpurti.com\\\/es\\\/home\\\/\"},{\"@type\":\"ListItem\",\"position\":2,\"name\":\"Capacidad\",\"item\":\"https:\\\/\\\/vilardellpurti.com\\\/es\\\/capacidad\\\/\"},{\"@type\":\"ListItem\",\"position\":3,\"name\":\"Instalaciones\"}]},{\"@type\":\"WebSite\",\"@id\":\"https:\\\/\\\/vilardellpurti.com\\\/#website\",\"url\":\"https:\\\/\\\/vilardellpurti.com\\\/\",\"name\":\"Vilardell Purt\u00ed\",\"description\":\"Grupo industrial especializado\",\"publisher\":{\"@id\":\"https:\\\/\\\/vilardellpurti.com\\\/#organization\"},\"potentialAction\":[{\"@type\":\"SearchAction\",\"target\":{\"@type\":\"EntryPoint\",\"urlTemplate\":\"https:\\\/\\\/vilardellpurti.com\\\/?s={search_term_string}\"},\"query-input\":{\"@type\":\"PropertyValueSpecification\",\"valueRequired\":true,\"valueName\":\"search_term_string\"}}],\"inLanguage\":\"es\"},{\"@type\":\"Organization\",\"@id\":\"https:\\\/\\\/vilardellpurti.com\\\/#organization\",\"name\":\"Vilardell Purt\u00ed\",\"url\":\"https:\\\/\\\/vilardellpurti.com\\\/\",\"logo\":{\"@type\":\"ImageObject\",\"inLanguage\":\"es\",\"@id\":\"https:\\\/\\\/vilardellpurti.com\\\/#\\\/schema\\\/logo\\\/image\\\/\",\"url\":\"https:\\\/\\\/vilardellpurti.com\\\/wp-content\\\/uploads\\\/2025\\\/04\\\/vilardell-purti-logo.svg\",\"contentUrl\":\"https:\\\/\\\/vilardellpurti.com\\\/wp-content\\\/uploads\\\/2025\\\/04\\\/vilardell-purti-logo.svg\",\"width\":231,\"height\":49,\"caption\":\"Vilardell Purt\u00ed\"},\"image\":{\"@id\":\"https:\\\/\\\/vilardellpurti.com\\\/#\\\/schema\\\/logo\\\/image\\\/\"}}]}<\/script>\n<!-- \/ Yoast SEO plugin. -->","yoast_head_json":{"title":"Instalaciones acordes a nuestra capacidad productiva | Vilardell Purt\u00ed","description":"Discover the facilities of Vilardell Purt\u00ed, the industrial company specialized in high precision screw-cutting and turning parts","robots":{"index":"index","follow":"follow","max-snippet":"max-snippet:-1","max-image-preview":"max-image-preview:large","max-video-preview":"max-video-preview:-1"},"canonical":"https:\/\/vilardellpurti.com\/es\/capacidad\/instalaciones\/","og_locale":"es_ES","og_type":"article","og_title":"Instalaciones acordes a nuestra capacidad productiva | Vilardell Purt\u00ed","og_description":"Discover the facilities of Vilardell Purt\u00ed, the industrial company specialized in high precision screw-cutting and turning parts","og_url":"https:\/\/vilardellpurti.com\/es\/capacidad\/instalaciones\/","og_site_name":"Vilardell Purt\u00ed","article_modified_time":"2026-01-27T11:07:29+00:00","og_image":[{"width":2560,"height":981,"url":"https:\/\/vilardellpurti.com\/wp-content\/uploads\/2025\/07\/mapa-punts-linies2-scaled.jpg","type":"image\/jpeg"}],"twitter_card":"summary_large_image","schema":{"@context":"https:\/\/schema.org","@graph":[{"@type":"WebPage","@id":"https:\/\/vilardellpurti.com\/es\/capacidad\/instalaciones\/","url":"https:\/\/vilardellpurti.com\/es\/capacidad\/instalaciones\/","name":"Instalaciones acordes a nuestra capacidad productiva | Vilardell Purt\u00ed","isPartOf":{"@id":"https:\/\/vilardellpurti.com\/#website"},"primaryImageOfPage":{"@id":"https:\/\/vilardellpurti.com\/es\/capacidad\/instalaciones\/#primaryimage"},"image":{"@id":"https:\/\/vilardellpurti.com\/es\/capacidad\/instalaciones\/#primaryimage"},"thumbnailUrl":"https:\/\/vilardellpurti.com\/wp-content\/uploads\/2025\/07\/mapa-punts-linies2-scaled.jpg","datePublished":"2025-07-03T07:33:09+00:00","dateModified":"2026-01-27T11:07:29+00:00","description":"Discover the facilities of Vilardell Purt\u00ed, the industrial company specialized in high precision screw-cutting and turning parts","breadcrumb":{"@id":"https:\/\/vilardellpurti.com\/es\/capacidad\/instalaciones\/#breadcrumb"},"inLanguage":"es","potentialAction":[{"@type":"ReadAction","target":["https:\/\/vilardellpurti.com\/es\/capacidad\/instalaciones\/"]}]},{"@type":"ImageObject","inLanguage":"es","@id":"https:\/\/vilardellpurti.com\/es\/capacidad\/instalaciones\/#primaryimage","url":"https:\/\/vilardellpurti.com\/wp-content\/uploads\/2025\/07\/mapa-punts-linies2-scaled.jpg","contentUrl":"https:\/\/vilardellpurti.com\/wp-content\/uploads\/2025\/07\/mapa-punts-linies2-scaled.jpg"},{"@type":"BreadcrumbList","@id":"https:\/\/vilardellpurti.com\/es\/capacidad\/instalaciones\/#breadcrumb","itemListElement":[{"@type":"ListItem","position":1,"name":"Portada","item":"https:\/\/vilardellpurti.com\/es\/home\/"},{"@type":"ListItem","position":2,"name":"Capacidad","item":"https:\/\/vilardellpurti.com\/es\/capacidad\/"},{"@type":"ListItem","position":3,"name":"Instalaciones"}]},{"@type":"WebSite","@id":"https:\/\/vilardellpurti.com\/#website","url":"https:\/\/vilardellpurti.com\/","name":"Vilardell Purt\u00ed","description":"Grupo industrial especializado","publisher":{"@id":"https:\/\/vilardellpurti.com\/#organization"},"potentialAction":[{"@type":"SearchAction","target":{"@type":"EntryPoint","urlTemplate":"https:\/\/vilardellpurti.com\/?s={search_term_string}"},"query-input":{"@type":"PropertyValueSpecification","valueRequired":true,"valueName":"search_term_string"}}],"inLanguage":"es"},{"@type":"Organization","@id":"https:\/\/vilardellpurti.com\/#organization","name":"Vilardell Purt\u00ed","url":"https:\/\/vilardellpurti.com\/","logo":{"@type":"ImageObject","inLanguage":"es","@id":"https:\/\/vilardellpurti.com\/#\/schema\/logo\/image\/","url":"https:\/\/vilardellpurti.com\/wp-content\/uploads\/2025\/04\/vilardell-purti-logo.svg","contentUrl":"https:\/\/vilardellpurti.com\/wp-content\/uploads\/2025\/04\/vilardell-purti-logo.svg","width":231,"height":49,"caption":"Vilardell Purt\u00ed"},"image":{"@id":"https:\/\/vilardellpurti.com\/#\/schema\/logo\/image\/"}}]}},"_links":{"self":[{"href":"https:\/\/vilardellpurti.com\/es\/wp-json\/wp\/v2\/pages\/4801","targetHints":{"allow":["GET"]}}],"collection":[{"href":"https:\/\/vilardellpurti.com\/es\/wp-json\/wp\/v2\/pages"}],"about":[{"href":"https:\/\/vilardellpurti.com\/es\/wp-json\/wp\/v2\/types\/page"}],"author":[{"embeddable":true,"href":"https:\/\/vilardellpurti.com\/es\/wp-json\/wp\/v2\/users\/3"}],"replies":[{"embeddable":true,"href":"https:\/\/vilardellpurti.com\/es\/wp-json\/wp\/v2\/comments?post=4801"}],"version-history":[{"count":5,"href":"https:\/\/vilardellpurti.com\/es\/wp-json\/wp\/v2\/pages\/4801\/revisions"}],"predecessor-version":[{"id":5323,"href":"https:\/\/vilardellpurti.com\/es\/wp-json\/wp\/v2\/pages\/4801\/revisions\/5323"}],"up":[{"embeddable":true,"href":"https:\/\/vilardellpurti.com\/es\/wp-json\/wp\/v2\/pages\/4785"}],"wp:attachment":[{"href":"https:\/\/vilardellpurti.com\/es\/wp-json\/wp\/v2\/media?parent=4801"}],"curies":[{"name":"wp","href":"https:\/\/api.w.org\/{rel}","templated":true}]}}