{"id":4668,"date":"2025-11-03T11:18:26","date_gmt":"2025-11-03T10:18:26","guid":{"rendered":"https:\/\/vilardellpurti.com\/canal-y-codigo-etico\/"},"modified":"2025-12-16T15:32:43","modified_gmt":"2025-12-16T14:32:43","slug":"canal-y-codigo-etico","status":"publish","type":"page","link":"https:\/\/vilardellpurti.com\/es\/canal-y-codigo-etico\/","title":{"rendered":"Canal y c\u00f3digo \u00e9tico"},"content":{"rendered":"\t\t<div data-elementor-type=\"wp-page\" data-elementor-id=\"4668\" class=\"elementor elementor-4668 elementor-4187\" data-elementor-post-type=\"page\">\n\t\t\t\t<div class=\"elementor-element elementor-element-d459bc8 e-flex e-con-boxed e-con e-parent\" data-id=\"d459bc8\" data-element_type=\"container\" data-e-type=\"container\">\n\t\t\t\t\t<div class=\"e-con-inner\">\n\t\t\t\t<div class=\"elementor-element elementor-element-8a1b6c0 elementor-widget elementor-widget-heading\" data-id=\"8a1b6c0\" data-element_type=\"widget\" data-e-type=\"widget\" data-widget_type=\"heading.default\">\n\t\t\t\t<div class=\"elementor-widget-container\">\n\t\t\t\t\t<h1 class=\"elementor-heading-title elementor-size-default\"><b>Canal y c\u00f3digo \u00e9tico<\/b><\/h1>\t\t\t\t<\/div>\n\t\t\t\t<\/div>\n\t\t\t\t<div class=\"elementor-element elementor-element-1516b77 elementor-widget elementor-widget-spacer\" data-id=\"1516b77\" data-element_type=\"widget\" data-e-type=\"widget\" data-widget_type=\"spacer.default\">\n\t\t\t\t<div class=\"elementor-widget-container\">\n\t\t\t\t\t\t\t<div class=\"elementor-spacer\">\n\t\t\t<div class=\"elementor-spacer-inner\"><\/div>\n\t\t<\/div>\n\t\t\t\t\t\t<\/div>\n\t\t\t\t<\/div>\n\t\t\t\t<div class=\"elementor-element elementor-element-ea3eb76 elementor-widget elementor-widget-text-editor\" data-id=\"ea3eb76\" data-element_type=\"widget\" data-e-type=\"widget\" data-widget_type=\"text-editor.default\">\n\t\t\t\t<div class=\"elementor-widget-container\">\n\t\t\t\t\t\t\t\t\t<p>El GRUPO AVINENT, a trav\u00e9s de su c\u00f3digo \u00e9tico, declara p\u00fablicamente sus valores y normas de comportamiento para todo su personal y tambi\u00e9n para su relaci\u00f3n con terceros. Puedes consultarlo <span style=\"text-decoration: underline;\"><a style=\"color: inherit; text-decoration: underline;\" href=\"https:\/\/vilardellpurti.com\/wp-content\/uploads\/2025\/12\/Codigo-Etico_Avinent-Group.pdf\">pulsando aqu\u00ed<\/a><\/span>.<\/p><p>GRUPO AVINENT est\u00e1 firmemente comprometido con el cumplimiento de las leyes aplicables y otras normativas voluntarias. Por ello, con el fin de cumplir con la Ley 2\/2023, si crees que puede existir un incumplimiento de la misma, puedes ponerte en contacto con nosotros a trav\u00e9s de este canal \u00e9tico.<\/p><p>Puedes acceder a la pol\u00edtica de privacidad <a style=\"color: inherit; text-decoration: underline;\" href=\"https:\/\/vilardellpurti.com\/es\/politica-de-privacidad\/\">haciendo clic aqu\u00ed<\/a>.<\/p><p>Para ponerte en contacto con nosotros, ponemos a tu disposici\u00f3n los siguientes canales de comunicaci\u00f3n:<\/p>\t\t\t\t\t\t\t\t<\/div>\n\t\t\t\t<\/div>\n\t\t\t\t\t<\/div>\n\t\t\t\t<\/div>\n\t\t<div class=\"elementor-element elementor-element-91fd115 e-flex e-con-boxed e-con e-parent\" data-id=\"91fd115\" data-element_type=\"container\" data-e-type=\"container\">\n\t\t\t\t\t<div class=\"e-con-inner\">\n\t\t<div class=\"elementor-element elementor-element-2c32c1b e-con-full e-flex e-con e-child\" data-id=\"2c32c1b\" data-element_type=\"container\" data-e-type=\"container\">\n\t\t\t\t<div class=\"elementor-element elementor-element-b5e64ff elementor-widget elementor-widget-text-editor\" data-id=\"b5e64ff\" data-element_type=\"widget\" data-e-type=\"widget\" data-widget_type=\"text-editor.default\">\n\t\t\t\t<div class=\"elementor-widget-container\">\n\t\t\t\t\t\t\t\t\t<h4 style=\"text-align: center;\"><strong>FORMULARIO INTERNO<\/strong><\/h4><p>Las comunicaciones realizadas a trav\u00e9s del formulario \u00abCanal \u00c9tico\u00bb pueden hacerse por escrito utilizando el formulario que se encuentra haciendo <a style=\"color: inherit; text-decoration: none;\" href=\"https:\/\/centinela.lefebvre.es\/public\/concept\/2293031\"><span style=\"text-decoration: underline;\">pulsando aqu\u00ed<\/span><\/a>.<\/p>\t\t\t\t\t\t\t\t<\/div>\n\t\t\t\t<\/div>\n\t\t\t\t<\/div>\n\t\t<div class=\"elementor-element elementor-element-86091a7 e-con-full e-flex e-con e-child\" data-id=\"86091a7\" data-element_type=\"container\" data-e-type=\"container\">\n\t\t\t\t<div class=\"elementor-element elementor-element-53b5b49 elementor-widget elementor-widget-text-editor\" data-id=\"53b5b49\" data-element_type=\"widget\" data-e-type=\"widget\" data-widget_type=\"text-editor.default\">\n\t\t\t\t<div class=\"elementor-widget-container\">\n\t\t\t\t\t\t\t\t\t<h4 style=\"text-align: center;\"><strong>COMUNICACI\u00d3N ESCRITA<\/strong><\/h3>\nEnviando una comunicaci\u00f3n escrita a la atenci\u00f3n del Responsable del Sistema de Informaci\u00f3n Interna a la siguiente direcci\u00f3n postal:\n<p style=\"padding-left: 40px;\">Carretera de Navarcles, 107\nPol. Ind. Santa Anna I\n08251, Santpedor, Barcelona.<\/p>\t\t\t\t\t\t\t\t<\/div>\n\t\t\t\t<\/div>\n\t\t\t\t<\/div>\n\t\t\t\t\t<\/div>\n\t\t\t\t<\/div>\n\t\t<div class=\"elementor-element elementor-element-c13b727 e-flex e-con-boxed e-con e-parent\" data-id=\"c13b727\" data-element_type=\"container\" data-e-type=\"container\">\n\t\t\t\t\t<div class=\"e-con-inner\">\n\t\t<div class=\"elementor-element elementor-element-b336f1c e-con-full e-flex e-con e-child\" data-id=\"b336f1c\" data-element_type=\"container\" data-e-type=\"container\">\n\t\t\t\t<div class=\"elementor-element elementor-element-5826e81 elementor-widget elementor-widget-text-editor\" data-id=\"5826e81\" data-element_type=\"widget\" data-e-type=\"widget\" data-widget_type=\"text-editor.default\">\n\t\t\t\t<div class=\"elementor-widget-container\">\n\t\t\t\t\t\t\t\t\t<h4 style=\"text-align: center;\"><strong>EN PERSONA<\/strong><\/h3>\nPuedes realizar esta comunicaci\u00f3n personalmente en nuestras instalaciones situadas en  <a href=\"https:\/\/maps.app.goo.gl\/zm55QBPHmiVXmmNQ6\">Carretera de Navarcles, 107, Pol. Ind. Santa Anna I, 08251, Santpedor, Barcelona<\/a>. En este caso, deber\u00e1s solicitar hablar con el Responsable del Sistema de Informaci\u00f3n Interna para realizar la comunicaci\u00f3n correctamente.\t\t\t\t\t\t\t\t<\/div>\n\t\t\t\t<\/div>\n\t\t\t\t<\/div>\n\t\t<div class=\"elementor-element elementor-element-9d8a7fd e-con-full e-flex e-con e-child\" data-id=\"9d8a7fd\" data-element_type=\"container\" data-e-type=\"container\">\n\t\t\t\t<div class=\"elementor-element elementor-element-630f7f0 elementor-widget elementor-widget-text-editor\" data-id=\"630f7f0\" data-element_type=\"widget\" data-e-type=\"widget\" data-widget_type=\"text-editor.default\">\n\t\t\t\t<div class=\"elementor-widget-container\">\n\t\t\t\t\t\t\t\t\t<h4 style=\"text-align: center;\"><strong>COMUNICACI\u00d3N TELEF\u00d3NICA<\/strong><\/h4><p>Por \u00faltimo, tambi\u00e9n puedes comunicarte por tel\u00e9fono, llamando al <a href=\"tel:938272720\"><span data-olk-copy-source=\"MessageBody\">938 272 720<\/span><\/a> y preguntando por el Responsable del Sistema de Informaci\u00f3n Interna. Tambi\u00e9n te informamos de que esta comunicaci\u00f3n puede hacerse de forma an\u00f3nima, si lo consideras oportuno. <\/p>\t\t\t\t\t\t\t\t<\/div>\n\t\t\t\t<\/div>\n\t\t\t\t<\/div>\n\t\t\t\t\t<\/div>\n\t\t\t\t<\/div>\n\t\t\t\t<\/div>\n\t\t","protected":false},"excerpt":{"rendered":"<p>Canal y c\u00f3digo \u00e9tico El GRUPO AVINENT, a trav\u00e9s de su c\u00f3digo \u00e9tico, declara p\u00fablicamente sus valores y normas de comportamiento para todo su personal y tambi\u00e9n para su relaci\u00f3n con terceros. Puedes consultarlo pulsando aqu\u00ed. GRUPO AVINENT est\u00e1 firmemente comprometido con el cumplimiento de las leyes aplicables y otras normativas voluntarias. Por ello, con [&hellip;]<\/p>\n","protected":false},"author":3,"featured_media":0,"parent":0,"menu_order":0,"comment_status":"closed","ping_status":"closed","template":"elementor_header_footer","meta":{"_acf_changed":false,"inline_featured_image":false,"footnotes":""},"class_list":["post-4668","page","type-page","status-publish","hentry"],"acf":[],"yoast_head":"<!-- This site is optimized with the Yoast SEO plugin v27.6 - https:\/\/yoast.com\/product\/yoast-seo-wordpress\/ -->\n<title>Canal y c\u00f3digo \u00e9tico - Vilardell Purt\u00ed<\/title>\n<meta name=\"description\" content=\"Canal y c\u00f3digo \u00e9tico El GRUPO AVINENT, a trav\u00e9s de su c\u00f3digo \u00e9tico, declara p\u00fablicamente sus valores y normas de comportamiento para todo su personal y\" \/>\n<meta name=\"robots\" content=\"noindex, nofollow\" \/>\n<meta property=\"og:locale\" content=\"es_ES\" \/>\n<meta property=\"og:type\" content=\"article\" \/>\n<meta property=\"og:title\" content=\"Canal y c\u00f3digo \u00e9tico - Vilardell Purt\u00ed\" \/>\n<meta property=\"og:description\" content=\"Canal y c\u00f3digo \u00e9tico El GRUPO AVINENT, a trav\u00e9s de su c\u00f3digo \u00e9tico, declara p\u00fablicamente sus valores y normas de comportamiento para todo su personal y\" \/>\n<meta property=\"og:url\" content=\"https:\/\/vilardellpurti.com\/channel-and-code-of-ethics\/\" \/>\n<meta property=\"og:site_name\" content=\"Vilardell Purt\u00ed\" \/>\n<meta property=\"article:modified_time\" content=\"2025-12-16T14:32:43+00:00\" \/>\n<meta name=\"twitter:card\" content=\"summary_large_image\" \/>\n<meta name=\"twitter:label1\" content=\"Tiempo de lectura\" \/>\n\t<meta name=\"twitter:data1\" content=\"2 minutos\" \/>\n<script type=\"application\/ld+json\" class=\"yoast-schema-graph\">{\"@context\":\"https:\\\/\\\/schema.org\",\"@graph\":[{\"@type\":\"WebPage\",\"@id\":\"https:\\\/\\\/vilardellpurti.com\\\/channel-and-code-of-ethics\\\/\",\"url\":\"https:\\\/\\\/vilardellpurti.com\\\/channel-and-code-of-ethics\\\/\",\"name\":\"Canal y c\u00f3digo \u00e9tico - Vilardell Purt\u00ed\",\"isPartOf\":{\"@id\":\"https:\\\/\\\/vilardellpurti.com\\\/#website\"},\"datePublished\":\"2025-11-03T10:18:26+00:00\",\"dateModified\":\"2025-12-16T14:32:43+00:00\",\"description\":\"Canal y c\u00f3digo \u00e9tico El GRUPO AVINENT, a trav\u00e9s de su c\u00f3digo \u00e9tico, declara p\u00fablicamente sus valores y normas de comportamiento para todo su personal y\",\"breadcrumb\":{\"@id\":\"https:\\\/\\\/vilardellpurti.com\\\/channel-and-code-of-ethics\\\/#breadcrumb\"},\"inLanguage\":\"es\",\"potentialAction\":[{\"@type\":\"ReadAction\",\"target\":[\"https:\\\/\\\/vilardellpurti.com\\\/channel-and-code-of-ethics\\\/\"]}]},{\"@type\":\"BreadcrumbList\",\"@id\":\"https:\\\/\\\/vilardellpurti.com\\\/channel-and-code-of-ethics\\\/#breadcrumb\",\"itemListElement\":[{\"@type\":\"ListItem\",\"position\":1,\"name\":\"Portada\",\"item\":\"https:\\\/\\\/vilardellpurti.com\\\/es\\\/home\\\/\"},{\"@type\":\"ListItem\",\"position\":2,\"name\":\"Canal y c\u00f3digo \u00e9tico\"}]},{\"@type\":\"WebSite\",\"@id\":\"https:\\\/\\\/vilardellpurti.com\\\/#website\",\"url\":\"https:\\\/\\\/vilardellpurti.com\\\/\",\"name\":\"Vilardell Purt\u00ed\",\"description\":\"Grupo industrial especializado\",\"publisher\":{\"@id\":\"https:\\\/\\\/vilardellpurti.com\\\/#organization\"},\"potentialAction\":[{\"@type\":\"SearchAction\",\"target\":{\"@type\":\"EntryPoint\",\"urlTemplate\":\"https:\\\/\\\/vilardellpurti.com\\\/?s={search_term_string}\"},\"query-input\":{\"@type\":\"PropertyValueSpecification\",\"valueRequired\":true,\"valueName\":\"search_term_string\"}}],\"inLanguage\":\"es\"},{\"@type\":\"Organization\",\"@id\":\"https:\\\/\\\/vilardellpurti.com\\\/#organization\",\"name\":\"Vilardell Purt\u00ed\",\"url\":\"https:\\\/\\\/vilardellpurti.com\\\/\",\"logo\":{\"@type\":\"ImageObject\",\"inLanguage\":\"es\",\"@id\":\"https:\\\/\\\/vilardellpurti.com\\\/#\\\/schema\\\/logo\\\/image\\\/\",\"url\":\"https:\\\/\\\/vilardellpurti.com\\\/wp-content\\\/uploads\\\/2025\\\/04\\\/vilardell-purti-logo.svg\",\"contentUrl\":\"https:\\\/\\\/vilardellpurti.com\\\/wp-content\\\/uploads\\\/2025\\\/04\\\/vilardell-purti-logo.svg\",\"width\":231,\"height\":49,\"caption\":\"Vilardell Purt\u00ed\"},\"image\":{\"@id\":\"https:\\\/\\\/vilardellpurti.com\\\/#\\\/schema\\\/logo\\\/image\\\/\"}}]}<\/script>\n<!-- \/ Yoast SEO plugin. -->","yoast_head_json":{"title":"Canal y c\u00f3digo \u00e9tico - Vilardell Purt\u00ed","description":"Canal y c\u00f3digo \u00e9tico El GRUPO AVINENT, a trav\u00e9s de su c\u00f3digo \u00e9tico, declara p\u00fablicamente sus valores y normas de comportamiento para todo su personal y","robots":{"index":"noindex","follow":"nofollow"},"og_locale":"es_ES","og_type":"article","og_title":"Canal y c\u00f3digo \u00e9tico - Vilardell Purt\u00ed","og_description":"Canal y c\u00f3digo \u00e9tico El GRUPO AVINENT, a trav\u00e9s de su c\u00f3digo \u00e9tico, declara p\u00fablicamente sus valores y normas de comportamiento para todo su personal y","og_url":"https:\/\/vilardellpurti.com\/channel-and-code-of-ethics\/","og_site_name":"Vilardell Purt\u00ed","article_modified_time":"2025-12-16T14:32:43+00:00","twitter_card":"summary_large_image","twitter_misc":{"Tiempo de lectura":"2 minutos"},"schema":{"@context":"https:\/\/schema.org","@graph":[{"@type":"WebPage","@id":"https:\/\/vilardellpurti.com\/channel-and-code-of-ethics\/","url":"https:\/\/vilardellpurti.com\/channel-and-code-of-ethics\/","name":"Canal y c\u00f3digo \u00e9tico - Vilardell Purt\u00ed","isPartOf":{"@id":"https:\/\/vilardellpurti.com\/#website"},"datePublished":"2025-11-03T10:18:26+00:00","dateModified":"2025-12-16T14:32:43+00:00","description":"Canal y c\u00f3digo \u00e9tico El GRUPO AVINENT, a trav\u00e9s de su c\u00f3digo \u00e9tico, declara p\u00fablicamente sus valores y normas de comportamiento para todo su personal y","breadcrumb":{"@id":"https:\/\/vilardellpurti.com\/channel-and-code-of-ethics\/#breadcrumb"},"inLanguage":"es","potentialAction":[{"@type":"ReadAction","target":["https:\/\/vilardellpurti.com\/channel-and-code-of-ethics\/"]}]},{"@type":"BreadcrumbList","@id":"https:\/\/vilardellpurti.com\/channel-and-code-of-ethics\/#breadcrumb","itemListElement":[{"@type":"ListItem","position":1,"name":"Portada","item":"https:\/\/vilardellpurti.com\/es\/home\/"},{"@type":"ListItem","position":2,"name":"Canal y c\u00f3digo \u00e9tico"}]},{"@type":"WebSite","@id":"https:\/\/vilardellpurti.com\/#website","url":"https:\/\/vilardellpurti.com\/","name":"Vilardell Purt\u00ed","description":"Grupo industrial especializado","publisher":{"@id":"https:\/\/vilardellpurti.com\/#organization"},"potentialAction":[{"@type":"SearchAction","target":{"@type":"EntryPoint","urlTemplate":"https:\/\/vilardellpurti.com\/?s={search_term_string}"},"query-input":{"@type":"PropertyValueSpecification","valueRequired":true,"valueName":"search_term_string"}}],"inLanguage":"es"},{"@type":"Organization","@id":"https:\/\/vilardellpurti.com\/#organization","name":"Vilardell Purt\u00ed","url":"https:\/\/vilardellpurti.com\/","logo":{"@type":"ImageObject","inLanguage":"es","@id":"https:\/\/vilardellpurti.com\/#\/schema\/logo\/image\/","url":"https:\/\/vilardellpurti.com\/wp-content\/uploads\/2025\/04\/vilardell-purti-logo.svg","contentUrl":"https:\/\/vilardellpurti.com\/wp-content\/uploads\/2025\/04\/vilardell-purti-logo.svg","width":231,"height":49,"caption":"Vilardell Purt\u00ed"},"image":{"@id":"https:\/\/vilardellpurti.com\/#\/schema\/logo\/image\/"}}]}},"_links":{"self":[{"href":"https:\/\/vilardellpurti.com\/es\/wp-json\/wp\/v2\/pages\/4668","targetHints":{"allow":["GET"]}}],"collection":[{"href":"https:\/\/vilardellpurti.com\/es\/wp-json\/wp\/v2\/pages"}],"about":[{"href":"https:\/\/vilardellpurti.com\/es\/wp-json\/wp\/v2\/types\/page"}],"author":[{"embeddable":true,"href":"https:\/\/vilardellpurti.com\/es\/wp-json\/wp\/v2\/users\/3"}],"replies":[{"embeddable":true,"href":"https:\/\/vilardellpurti.com\/es\/wp-json\/wp\/v2\/comments?post=4668"}],"version-history":[{"count":4,"href":"https:\/\/vilardellpurti.com\/es\/wp-json\/wp\/v2\/pages\/4668\/revisions"}],"predecessor-version":[{"id":4777,"href":"https:\/\/vilardellpurti.com\/es\/wp-json\/wp\/v2\/pages\/4668\/revisions\/4777"}],"wp:attachment":[{"href":"https:\/\/vilardellpurti.com\/es\/wp-json\/wp\/v2\/media?parent=4668"}],"curies":[{"name":"wp","href":"https:\/\/api.w.org\/{rel}","templated":true}]}}