{"id":4657,"date":"2021-10-18T07:29:35","date_gmt":"2021-10-18T05:29:35","guid":{"rendered":"https:\/\/vilardellpurti.com\/politica-de-cookies\/"},"modified":"2025-12-12T14:53:02","modified_gmt":"2025-12-12T13:53:02","slug":"politica-de-cookies","status":"publish","type":"page","link":"https:\/\/vilardellpurti.com\/es\/politica-de-cookies\/","title":{"rendered":"Pol\u00edtica de cookies"},"content":{"rendered":"\t\t<div data-elementor-type=\"wp-page\" data-elementor-id=\"4657\" class=\"elementor elementor-4657 elementor-99\" data-elementor-post-type=\"page\">\n\t\t\t\t<div class=\"elementor-element elementor-element-98c8198 e-flex e-con-boxed e-con e-parent\" data-id=\"98c8198\" data-element_type=\"container\" data-e-type=\"container\">\n\t\t\t\t\t<div class=\"e-con-inner\">\n\t\t\t\t<div class=\"elementor-element elementor-element-f164451 elementor-widget elementor-widget-heading\" data-id=\"f164451\" data-element_type=\"widget\" data-e-type=\"widget\" data-widget_type=\"heading.default\">\n\t\t\t\t<div class=\"elementor-widget-container\">\n\t\t\t\t\t<h1 class=\"elementor-heading-title elementor-size-default\"><b>Pol\u00edtica de cookies<\/b><\/h1>\t\t\t\t<\/div>\n\t\t\t\t<\/div>\n\t\t\t\t<div class=\"elementor-element elementor-element-631428a elementor-widget elementor-widget-spacer\" data-id=\"631428a\" data-element_type=\"widget\" data-e-type=\"widget\" data-widget_type=\"spacer.default\">\n\t\t\t\t<div class=\"elementor-widget-container\">\n\t\t\t\t\t\t\t<div class=\"elementor-spacer\">\n\t\t\t<div class=\"elementor-spacer-inner\"><\/div>\n\t\t<\/div>\n\t\t\t\t\t\t<\/div>\n\t\t\t\t<\/div>\n\t\t\t\t<div class=\"elementor-element elementor-element-94459ff elementor-widget elementor-widget-text-editor\" data-id=\"94459ff\" data-element_type=\"widget\" data-e-type=\"widget\" data-widget_type=\"text-editor.default\">\n\t\t\t\t<div class=\"elementor-widget-container\">\n\t\t\t\t\t\t\t\t\t<p>Nuestro sitio web, vilardellpurti.com, utiliza cookies que almacenan y recuperan informaci\u00f3n mientras navega.<\/p><p>Una cookie es un archivo que se descarga en su ordenador, tel\u00e9fono m\u00f3vil, tableta, etc. al acceder a determinados sitios web. En general, las cookies pueden utilizarse para diversas finalidades, como reconocerle como usuario, obtener informaci\u00f3n sobre sus h\u00e1bitos de navegaci\u00f3n o personalizar la forma en que se muestra el contenido. <\/p><p>Las cookies son esenciales para el funcionamiento de internet, aportando innumerables ventajas en la prestaci\u00f3n de servicios interactivos, facilitando su navegaci\u00f3n y usabilidad de nuestro sitio web.<\/p><p>Cuando visite nuestro sitio web por primera vez, le mostraremos una ventana emergente con una explicaci\u00f3n sobre las cookies. Al hacer clic en \u00abGuardar preferencias\u00bb, acepta que usemos las categor\u00edas de cookies que haya seleccionado en la ventana emergente, tal y como se describe en esta pol\u00edtica de cookies. Puede desactivar el uso de cookies a trav\u00e9s de su navegador, pero tenga en cuenta que es posible que nuestro sitio web deje de funcionar correctamente.  <\/p><h4><strong>TIPOS DE COOKIES<\/strong><\/h4><h6><b>COOKIES T\u00c9CNICAS O FUNCIONALES<\/b><\/h6><p>Son cookies que permiten al usuario navegar por un sitio web, plataforma o aplicaci\u00f3n y utilizar las diferentes opciones o servicios disponibles, incluyendo<\/p><p>aquellas que garantizan el correcto funcionamiento de ciertas partes del sitio web y el recuerdo de las preferencias del usuario. Al instalar cookies funcionales, facilitamos su visita a nuestro sitio web. No se requiere consentimiento para el uso de cookies t\u00e9cnicas o funcionales.  <\/p><p> <\/p><h6><b>COOKIES ESTAD\u00cdSTICAS<\/b><\/h6><p>Utilizamos cookies estad\u00edsticas para optimizar la experiencia del usuario en nuestro sitio web. Estas cookies estad\u00edsticas nos proporcionan informaci\u00f3n sobre el uso de nuestro sitio web. Solicitamos su consentimiento para instalar cookies estad\u00edsticas.  <\/p><p> <\/p><h6><b>COOKIES DE SESI\u00d3N<\/b><\/h6><p>Estas cookies permiten reconocer a los usuarios en un sitio web para que cualquier cambio que realicen, los elementos que seleccionen o los datos que introduzcan se recuerden de una p\u00e1gina a otra.<\/p><p><b style=\"font-weight: bold;\"> <\/b><\/p><h4><b style=\"font-weight: bold;\">COOKIES DE MARKETING\/SEGUIMIENTO<\/b><\/h4><p>Las cookies de marketing\/seguimiento son cookies, o cualquier otro tipo de almacenamiento local, que se utilizan para crear perfiles de usuario con el fin de mostrar publicidad o rastrear al usuario en este sitio web o en varios sitios web con fines comerciales similares.<\/p><p> <\/p><h4><b>COOKIES DE VILARDELL PURTI S.A.U.<\/b><\/h4><p>De conformidad con lo dispuesto en el art\u00edculo 22.2 de la Ley 34\/2002, de 11 de julio, de Servicios de la Sociedad de la Informaci\u00f3n y de Comercio Electr\u00f3nico (LSSI-CE), VILARDELL PURTI SA le informa sobre las cookies utilizadas en nuestro sitio web:<\/p><table><tbody><tr><td colspan=\"6\" width=\"566\"><strong>TIPOS DE COOKIES<\/strong><\/td><\/tr><tr> <td colspan=\"2\" width=\"189\"><\/td><td width=\"94\">Cookies propias<\/td><td width=\"94\">Cookies de terceros<\/td><td width=\"94\">Cookies de sesi\u00f3n<\/td><td width=\"94\">Cookies persistentes<\/td><\/tr><tr><td rowspan=\"4\" width=\"94\">FINALIDAD<\/td><td width=\"94\">Cookies t\u00e9cnicas<\/td><td width=\"94\">X<\/td><td width=\"94\">&#8211;<\/td><td width=\"94\">X<\/td><td width=\"94\">&#8211;<\/td><\/tr><tr><td width=\"94\">Cookies de personalizaci\u00f3n<\/td><td width=\"94\">X<\/td><td width=\"94\">&#8211;<\/td><td width=\"94\">X<\/td><td width=\"94\">&#8211;<\/td><\/tr><tr><td width=\"94\">Cookies estad\u00edsticas<\/td><td width=\"94\">&#8211;<\/td><td width=\"94\">X<\/td><td width=\"94\">&#8211;<\/td><td width=\"94\">X<\/td><\/tr><tr><td width=\"94\">Cookies publicitarias<\/td><td width=\"94\">&#8211;<\/td><td width=\"94\">&#8211;<\/td><td width=\"94\">&#8211;<\/td><td width=\"94\">&#8211;<\/td><\/tr><\/tbody><\/table><p> <\/p><h4><b>ACTIVACI\u00d3N\/DESACTIVACI\u00d3N Y ELIMINACI\u00d3N DE COOKIES<\/b><\/h4><p>Puede utilizar su navegador de internet para eliminar las cookies de forma autom\u00e1tica o manual. Tambi\u00e9n puede optar por impedir la instalaci\u00f3n de determinadas cookies.<br>Aqu\u00ed tienes los enlaces a varios navegadores donde puedes configurar estas opciones: <\/p><ul><li>Firefox desde aqu\u00ed: <a href=\"http:\/\/support.mozilla.org\/es\/kb\/habilitar-y-deshabilitar-cookies-que-los-sitios-we\">http:\/\/support.mozilla.org\/es\/kb\/habilitar-y-deshabilitar-cookies-que-los-sitios-we<\/a><\/li><li>Chrome desde aqu\u00ed: <a href=\"http:\/\/support.google.com\/chrome\/bin\/answer.py?hl=es&amp;answer=95647\">http:\/\/support.google.com\/chrome\/bin\/answer.py?hl=es&amp;answer=95647<\/a><\/li><li>Explorer desde aqu\u00ed: <a href=\"http:\/\/windows.microsoft.com\/es-es\/internet-explorer\/delete-manage-cookies#ie=ie-10\">http:\/\/windows.microsoft.com\/es-es\/internet-explorer\/delete-manage-cookies#ie=ie-10<\/a><\/li><li>Safari desde aqu\u00ed: <a href=\"https:\/\/support.apple.com\/kb\/ph17191?locale=es_ES\">https:\/\/support.apple.com\/kb\/ph17191?locale=es_ES<\/a><\/li><li>Opera desde aqu\u00ed: <a href=\"http:\/\/help.opera.com\/Windows\/11.50\/es-ES\/cookies.html\">http:\/\/help.opera.com\/Windows\/11.50\/es-ES\/cookies.html<\/a><\/li><\/ul>\t\t\t\t\t\t\t\t<\/div>\n\t\t\t\t<\/div>\n\t\t\t\t\t<\/div>\n\t\t\t\t<\/div>\n\t\t\t\t<\/div>\n\t\t","protected":false},"excerpt":{"rendered":"<p>Pol\u00edtica de cookies Nuestro sitio web, vilardellpurti.com, utiliza cookies que almacenan y recuperan informaci\u00f3n mientras navega. Una cookie es un archivo que se descarga en su ordenador, tel\u00e9fono m\u00f3vil, tableta, etc. al acceder a determinados sitios web. En general, las cookies pueden utilizarse para diversas finalidades, como reconocerle como usuario, obtener informaci\u00f3n sobre sus h\u00e1bitos [&hellip;]<\/p>\n","protected":false},"author":2,"featured_media":0,"parent":0,"menu_order":0,"comment_status":"closed","ping_status":"closed","template":"","meta":{"_acf_changed":false,"inline_featured_image":false,"footnotes":""},"class_list":["post-4657","page","type-page","status-publish","hentry"],"acf":[],"yoast_head":"<!-- This site is optimized with the Yoast SEO plugin v27.6 - https:\/\/yoast.com\/product\/yoast-seo-wordpress\/ -->\n<title>Pol\u00edtica de cookies - Vilardell Purt\u00ed<\/title>\n<meta name=\"description\" content=\"Pol\u00edtica de cookies Nuestro sitio web, vilardellpurti.com, utiliza cookies que almacenan y recuperan informaci\u00f3n mientras navega.Una cookie es un archivo \u2713\" \/>\n<meta name=\"robots\" content=\"noindex, nofollow\" \/>\n<meta property=\"og:locale\" content=\"es_ES\" \/>\n<meta property=\"og:type\" content=\"article\" \/>\n<meta property=\"og:title\" content=\"Pol\u00edtica de cookies - Vilardell Purt\u00ed\" \/>\n<meta property=\"og:description\" content=\"Pol\u00edtica de cookies Nuestro sitio web, vilardellpurti.com, utiliza cookies que almacenan y recuperan informaci\u00f3n mientras navega.Una cookie es un archivo \u2713\" \/>\n<meta property=\"og:url\" content=\"https:\/\/vilardellpurti.com\/es\/politica-de-cookies\/\" \/>\n<meta property=\"og:site_name\" content=\"Vilardell Purt\u00ed\" \/>\n<meta property=\"article:modified_time\" content=\"2025-12-12T13:53:02+00:00\" \/>\n<meta name=\"twitter:card\" content=\"summary_large_image\" \/>\n<meta name=\"twitter:label1\" content=\"Tiempo de lectura\" \/>\n\t<meta name=\"twitter:data1\" content=\"3 minutos\" \/>\n<script type=\"application\/ld+json\" class=\"yoast-schema-graph\">{\"@context\":\"https:\\\/\\\/schema.org\",\"@graph\":[{\"@type\":\"WebPage\",\"@id\":\"https:\\\/\\\/vilardellpurti.com\\\/es\\\/politica-de-cookies\\\/\",\"url\":\"https:\\\/\\\/vilardellpurti.com\\\/es\\\/politica-de-cookies\\\/\",\"name\":\"Pol\u00edtica de cookies - Vilardell Purt\u00ed\",\"isPartOf\":{\"@id\":\"https:\\\/\\\/vilardellpurti.com\\\/#website\"},\"datePublished\":\"2021-10-18T05:29:35+00:00\",\"dateModified\":\"2025-12-12T13:53:02+00:00\",\"description\":\"Pol\u00edtica de cookies Nuestro sitio web, vilardellpurti.com, utiliza cookies que almacenan y recuperan informaci\u00f3n mientras navega.Una cookie es un archivo \u2713\",\"breadcrumb\":{\"@id\":\"https:\\\/\\\/vilardellpurti.com\\\/es\\\/politica-de-cookies\\\/#breadcrumb\"},\"inLanguage\":\"es\",\"potentialAction\":[{\"@type\":\"ReadAction\",\"target\":[\"https:\\\/\\\/vilardellpurti.com\\\/es\\\/politica-de-cookies\\\/\"]}]},{\"@type\":\"BreadcrumbList\",\"@id\":\"https:\\\/\\\/vilardellpurti.com\\\/es\\\/politica-de-cookies\\\/#breadcrumb\",\"itemListElement\":[{\"@type\":\"ListItem\",\"position\":1,\"name\":\"Portada\",\"item\":\"https:\\\/\\\/vilardellpurti.com\\\/es\\\/home\\\/\"},{\"@type\":\"ListItem\",\"position\":2,\"name\":\"Pol\u00edtica de cookies\"}]},{\"@type\":\"WebSite\",\"@id\":\"https:\\\/\\\/vilardellpurti.com\\\/#website\",\"url\":\"https:\\\/\\\/vilardellpurti.com\\\/\",\"name\":\"Vilardell Purt\u00ed\",\"description\":\"Grupo industrial especializado\",\"publisher\":{\"@id\":\"https:\\\/\\\/vilardellpurti.com\\\/#organization\"},\"potentialAction\":[{\"@type\":\"SearchAction\",\"target\":{\"@type\":\"EntryPoint\",\"urlTemplate\":\"https:\\\/\\\/vilardellpurti.com\\\/?s={search_term_string}\"},\"query-input\":{\"@type\":\"PropertyValueSpecification\",\"valueRequired\":true,\"valueName\":\"search_term_string\"}}],\"inLanguage\":\"es\"},{\"@type\":\"Organization\",\"@id\":\"https:\\\/\\\/vilardellpurti.com\\\/#organization\",\"name\":\"Vilardell Purt\u00ed\",\"url\":\"https:\\\/\\\/vilardellpurti.com\\\/\",\"logo\":{\"@type\":\"ImageObject\",\"inLanguage\":\"es\",\"@id\":\"https:\\\/\\\/vilardellpurti.com\\\/#\\\/schema\\\/logo\\\/image\\\/\",\"url\":\"https:\\\/\\\/vilardellpurti.com\\\/wp-content\\\/uploads\\\/2025\\\/04\\\/vilardell-purti-logo.svg\",\"contentUrl\":\"https:\\\/\\\/vilardellpurti.com\\\/wp-content\\\/uploads\\\/2025\\\/04\\\/vilardell-purti-logo.svg\",\"width\":231,\"height\":49,\"caption\":\"Vilardell Purt\u00ed\"},\"image\":{\"@id\":\"https:\\\/\\\/vilardellpurti.com\\\/#\\\/schema\\\/logo\\\/image\\\/\"}}]}<\/script>\n<!-- \/ Yoast SEO plugin. -->","yoast_head_json":{"title":"Pol\u00edtica de cookies - Vilardell Purt\u00ed","description":"Pol\u00edtica de cookies Nuestro sitio web, vilardellpurti.com, utiliza cookies que almacenan y recuperan informaci\u00f3n mientras navega.Una cookie es un archivo \u2713","robots":{"index":"noindex","follow":"nofollow"},"og_locale":"es_ES","og_type":"article","og_title":"Pol\u00edtica de cookies - Vilardell Purt\u00ed","og_description":"Pol\u00edtica de cookies Nuestro sitio web, vilardellpurti.com, utiliza cookies que almacenan y recuperan informaci\u00f3n mientras navega.Una cookie es un archivo \u2713","og_url":"https:\/\/vilardellpurti.com\/es\/politica-de-cookies\/","og_site_name":"Vilardell Purt\u00ed","article_modified_time":"2025-12-12T13:53:02+00:00","twitter_card":"summary_large_image","twitter_misc":{"Tiempo de lectura":"3 minutos"},"schema":{"@context":"https:\/\/schema.org","@graph":[{"@type":"WebPage","@id":"https:\/\/vilardellpurti.com\/es\/politica-de-cookies\/","url":"https:\/\/vilardellpurti.com\/es\/politica-de-cookies\/","name":"Pol\u00edtica de cookies - Vilardell Purt\u00ed","isPartOf":{"@id":"https:\/\/vilardellpurti.com\/#website"},"datePublished":"2021-10-18T05:29:35+00:00","dateModified":"2025-12-12T13:53:02+00:00","description":"Pol\u00edtica de cookies Nuestro sitio web, vilardellpurti.com, utiliza cookies que almacenan y recuperan informaci\u00f3n mientras navega.Una cookie es un archivo \u2713","breadcrumb":{"@id":"https:\/\/vilardellpurti.com\/es\/politica-de-cookies\/#breadcrumb"},"inLanguage":"es","potentialAction":[{"@type":"ReadAction","target":["https:\/\/vilardellpurti.com\/es\/politica-de-cookies\/"]}]},{"@type":"BreadcrumbList","@id":"https:\/\/vilardellpurti.com\/es\/politica-de-cookies\/#breadcrumb","itemListElement":[{"@type":"ListItem","position":1,"name":"Portada","item":"https:\/\/vilardellpurti.com\/es\/home\/"},{"@type":"ListItem","position":2,"name":"Pol\u00edtica de cookies"}]},{"@type":"WebSite","@id":"https:\/\/vilardellpurti.com\/#website","url":"https:\/\/vilardellpurti.com\/","name":"Vilardell Purt\u00ed","description":"Grupo industrial especializado","publisher":{"@id":"https:\/\/vilardellpurti.com\/#organization"},"potentialAction":[{"@type":"SearchAction","target":{"@type":"EntryPoint","urlTemplate":"https:\/\/vilardellpurti.com\/?s={search_term_string}"},"query-input":{"@type":"PropertyValueSpecification","valueRequired":true,"valueName":"search_term_string"}}],"inLanguage":"es"},{"@type":"Organization","@id":"https:\/\/vilardellpurti.com\/#organization","name":"Vilardell Purt\u00ed","url":"https:\/\/vilardellpurti.com\/","logo":{"@type":"ImageObject","inLanguage":"es","@id":"https:\/\/vilardellpurti.com\/#\/schema\/logo\/image\/","url":"https:\/\/vilardellpurti.com\/wp-content\/uploads\/2025\/04\/vilardell-purti-logo.svg","contentUrl":"https:\/\/vilardellpurti.com\/wp-content\/uploads\/2025\/04\/vilardell-purti-logo.svg","width":231,"height":49,"caption":"Vilardell Purt\u00ed"},"image":{"@id":"https:\/\/vilardellpurti.com\/#\/schema\/logo\/image\/"}}]}},"_links":{"self":[{"href":"https:\/\/vilardellpurti.com\/es\/wp-json\/wp\/v2\/pages\/4657","targetHints":{"allow":["GET"]}}],"collection":[{"href":"https:\/\/vilardellpurti.com\/es\/wp-json\/wp\/v2\/pages"}],"about":[{"href":"https:\/\/vilardellpurti.com\/es\/wp-json\/wp\/v2\/types\/page"}],"author":[{"embeddable":true,"href":"https:\/\/vilardellpurti.com\/es\/wp-json\/wp\/v2\/users\/2"}],"replies":[{"embeddable":true,"href":"https:\/\/vilardellpurti.com\/es\/wp-json\/wp\/v2\/comments?post=4657"}],"version-history":[{"count":1,"href":"https:\/\/vilardellpurti.com\/es\/wp-json\/wp\/v2\/pages\/4657\/revisions"}],"predecessor-version":[{"id":4658,"href":"https:\/\/vilardellpurti.com\/es\/wp-json\/wp\/v2\/pages\/4657\/revisions\/4658"}],"wp:attachment":[{"href":"https:\/\/vilardellpurti.com\/es\/wp-json\/wp\/v2\/media?parent=4657"}],"curies":[{"name":"wp","href":"https:\/\/api.w.org\/{rel}","templated":true}]}}