{"id":4655,"date":"2021-10-14T15:46:36","date_gmt":"2021-10-14T13:46:36","guid":{"rendered":"https:\/\/vilardellpurti.com\/politica-de-privacidad\/"},"modified":"2025-12-12T13:38:07","modified_gmt":"2025-12-12T12:38:07","slug":"politica-de-privacidad","status":"publish","type":"page","link":"https:\/\/vilardellpurti.com\/es\/politica-de-privacidad\/","title":{"rendered":"Pol\u00edtica de privacidad"},"content":{"rendered":"\t\t<div data-elementor-type=\"wp-page\" data-elementor-id=\"4655\" class=\"elementor elementor-4655 elementor-38\" data-elementor-post-type=\"page\">\n\t\t\t\t<div class=\"elementor-element elementor-element-d459bc8 e-flex e-con-boxed e-con e-parent\" data-id=\"d459bc8\" data-element_type=\"container\" data-e-type=\"container\">\n\t\t\t\t\t<div class=\"e-con-inner\">\n\t\t\t\t<div class=\"elementor-element elementor-element-8a1b6c0 elementor-widget elementor-widget-heading\" data-id=\"8a1b6c0\" data-element_type=\"widget\" data-e-type=\"widget\" data-widget_type=\"heading.default\">\n\t\t\t\t<div class=\"elementor-widget-container\">\n\t\t\t\t\t<h1 class=\"elementor-heading-title elementor-size-default\"><b>Pol\u00edtica de privacidad<\/b><\/h1>\t\t\t\t<\/div>\n\t\t\t\t<\/div>\n\t\t\t\t<div class=\"elementor-element elementor-element-1516b77 elementor-widget elementor-widget-spacer\" data-id=\"1516b77\" data-element_type=\"widget\" data-e-type=\"widget\" data-widget_type=\"spacer.default\">\n\t\t\t\t<div class=\"elementor-widget-container\">\n\t\t\t\t\t\t\t<div class=\"elementor-spacer\">\n\t\t\t<div class=\"elementor-spacer-inner\"><\/div>\n\t\t<\/div>\n\t\t\t\t\t\t<\/div>\n\t\t\t\t<\/div>\n\t\t\t\t<div class=\"elementor-element elementor-element-ea3eb76 elementor-widget elementor-widget-text-editor\" data-id=\"ea3eb76\" data-element_type=\"widget\" data-e-type=\"widget\" data-widget_type=\"text-editor.default\">\n\t\t\t\t<div class=\"elementor-widget-container\">\n\t\t\t\t\t\t\t\t\t<p>De acuerdo con la normativa vigente en materia de Protecci\u00f3n de Datos de Car\u00e1cter Personal, te informamos que tus datos ser\u00e1n incorporados al sistema de tratamiento titularidad de<\/p><ul><li>VILARDELL PURT\u00cd, S.A.<\/li><li>Carretera de Navarcles, 107, Pol. Ind. Santa Ana I.08251 Santpedor (Barcelona).<\/li><li>F.<a href=\"tel:+34938272720\">+34 938 272 720<\/a><\/li><li>N\u00daMERO DE IDENTIFICACI\u00d3N FISCAL: ESA08283798<\/li><li>Contacto de protecci\u00f3n de datos: <a href=\"mailto:vpsa@vilardellpurti.com\">vpsa@vilardellpurti.com<\/a><\/li><\/ul><p><strong> <\/strong><\/p><p> <\/p><h4><strong>FINALIDAD DEL TRATAMIENTO DE DATOS PERSONALES<\/strong><\/h4><p>En VILARDELL PURTI, S.A. tratamos los datos que nos facilitan nuestros clientes, proveedores, colaboradores, candidatos y\/o interesados con las siguientes finalidades:<\/p><ul><li>Ofrecer la mejor experiencia posible y poder cumplir los compromisos derivados de nuestra relaci\u00f3n comercial.<\/li><li>Mantener la relaci\u00f3n comercial existente y cumplir con las obligaciones que puedan derivarse de la misma y de la normativa aplicable.<\/li><li>Registrarte en nuestro sitio web para ponerte en contacto con nosotros utilizando las secciones \u00abcontacto\u00bb y \u00abtrabaja con nosotros\u00bb.<\/li><li>Para responder a tus consultas y proporcionar a las partes interesadas informaci\u00f3n sobre nuestros productos y servicios.<\/li><li>Para enviarte la informaci\u00f3n que solicitas y mantenerte informado de cualquier novedad que afecte a nuestros productos y servicios.<\/li><\/ul><p>VILARDELL PURTI, SA te informa que tus datos ser\u00e1n conservados durante el plazo estrictamente necesario para cumplir con lo establecido, respetando siempre el tiempo necesario para cumplir con las obligaciones legales.<\/p><p>Mientras no nos comuniques lo contrario, entenderemos que tus datos no han sido modificados, que te comprometes a notificarnos cualquier variaci\u00f3n y que tenemos tu consentimiento para utilizarlos para las finalidades se\u00f1aladas.<\/p><p>Los datos de contacto corporativos podr\u00e1n ser utilizados para el env\u00edo de informaci\u00f3n comercial sobre nuestros productos y servicios, siempre en base al inter\u00e9s leg\u00edtimo de nuestras relaciones existentes y\/o al consentimiento libremente expresado para recibir este tipo de informaci\u00f3n, de conformidad con lo dispuesto en el propio GDPR y en el art\u00edculo 21.2 de la Ley 34\/2002, de 11 de julio, de Servicios de la Sociedad de la Informaci\u00f3n.<\/p><p> <\/p><h4><strong>LEGITIMACI\u00d3N DEL TRATAMIENTO<\/strong><\/h4><p>La legitimaci\u00f3n para el tratamiento de los datos personales es el consentimiento otorgado de forma expl\u00edcita y libre por el usuario. Los datos no se ceder\u00e1n a terceros salvo obligaci\u00f3n legal.<\/p><h6><strong>DESTINATARIOS:  <\/strong><\/h6><p>Los datos facilitados no ser\u00e1n cedidos a terceros, salvo obligaci\u00f3n legal. No obstante, cuando sea necesario para la ejecuci\u00f3n de una relaci\u00f3n contractual y\/o para cumplir las disposiciones de la normativa aplicable, los datos personales podr\u00e1n ser comunicados a:<\/p><ul><li>Entidades bancarias y de gesti\u00f3n de pagos, autoridades fiscales y aduaneras y otras administraciones p\u00fablicas, as\u00ed como autoridades competentes en cumplimiento de la normativa aplicable.<\/li><li>Transportistas u operadores log\u00edsticos que realicen actividades de transporte o env\u00edo, fabricantes, subcontratistas y\/o proveedores de determinados productos\/servicios suministrados, en la medida estrictamente necesaria para la ejecuci\u00f3n de la relaci\u00f3n.<\/li><li>Empresas colaboradoras en el proceso de selecci\u00f3n de personal, sobre los datos de los candidatos.<\/li><\/ul><p> <\/p><p> <\/p><h4><strong>DERECHOS<\/strong><\/h4><p>De acuerdo con los derechos que le confiere la normativa vigente en materia de protecci\u00f3n de datos , el Usuario podr\u00e1 ejercer sus derechos de acceso, rectificaci\u00f3n, supresi\u00f3n, limitaci\u00f3n del tratamiento, oposici\u00f3n, portabilidad y oposici\u00f3n a la toma de decisiones individuales automatizadas dirigi\u00e9ndose a VILARDELL PURT\u00cd, SA, en su caso, mediante el env\u00edo de un correo electr\u00f3nico a <a href=\"mailto:vpsa@vilardellpurti.com\">vpsa@vilardellpurti.com<\/a> o por escrito al domicilio social de VILARDELL PURT\u00cd, S.A. Carretera de Navarcles, 107, Pol. Ind. Santa Anna I, 08251 Santpedor (Barcelona). Tambi\u00e9n pueden revocar su consentimiento si lo han dado para un fin espec\u00edfico y pueden modificar sus preferencias en cualquier momento.<\/p><p>Por \u00faltimo, informamos a los interesados de que pueden presentar reclamaciones sobre el tratamiento de sus datos personales ante la Agencia Espa\u00f1ola de Protecci\u00f3n de Datos o ante los tribunales de justicia competentes.<\/p>\t\t\t\t\t\t\t\t<\/div>\n\t\t\t\t<\/div>\n\t\t\t\t\t<\/div>\n\t\t\t\t<\/div>\n\t\t\t\t<\/div>\n\t\t","protected":false},"excerpt":{"rendered":"<p>Pol\u00edtica de privacidad De acuerdo con la normativa vigente en materia de Protecci\u00f3n de Datos de Car\u00e1cter Personal, te informamos que tus datos ser\u00e1n incorporados al sistema de tratamiento titularidad de VILARDELL PURT\u00cd, S.A. Carretera de Navarcles, 107, Pol. Ind. Santa Ana I.08251 Santpedor (Barcelona). F.+34 938 272 720 N\u00daMERO DE IDENTIFICACI\u00d3N FISCAL: ESA08283798 Contacto [&hellip;]<\/p>\n","protected":false},"author":2,"featured_media":0,"parent":0,"menu_order":0,"comment_status":"closed","ping_status":"closed","template":"elementor_header_footer","meta":{"_acf_changed":false,"inline_featured_image":false,"footnotes":""},"class_list":["post-4655","page","type-page","status-publish","hentry"],"acf":[],"yoast_head":"<!-- This site is optimized with the Yoast SEO plugin v27.6 - https:\/\/yoast.com\/product\/yoast-seo-wordpress\/ -->\n<title>Pol\u00edtica de privacidad - Vilardell Purt\u00ed<\/title>\n<meta name=\"description\" content=\"Pol\u00edtica de privacidad De acuerdo con la normativa vigente en materia de Protecci\u00f3n de Datos de Car\u00e1cter Personal, te informamos que tus datos ser\u00e1n\" \/>\n<meta name=\"robots\" content=\"noindex, nofollow\" \/>\n<meta property=\"og:locale\" content=\"es_ES\" \/>\n<meta property=\"og:type\" content=\"article\" \/>\n<meta property=\"og:title\" content=\"Pol\u00edtica de privacidad - Vilardell Purt\u00ed\" \/>\n<meta property=\"og:description\" content=\"Pol\u00edtica de privacidad De acuerdo con la normativa vigente en materia de Protecci\u00f3n de Datos de Car\u00e1cter Personal, te informamos que tus datos ser\u00e1n\" \/>\n<meta property=\"og:url\" content=\"https:\/\/vilardellpurti.com\/es\/politica-de-privacidad\/\" \/>\n<meta property=\"og:site_name\" content=\"Vilardell Purt\u00ed\" \/>\n<meta property=\"article:modified_time\" content=\"2025-12-12T12:38:07+00:00\" \/>\n<meta name=\"twitter:card\" content=\"summary_large_image\" \/>\n<meta name=\"twitter:label1\" content=\"Tiempo de lectura\" \/>\n\t<meta name=\"twitter:data1\" content=\"3 minutos\" \/>\n<script type=\"application\/ld+json\" class=\"yoast-schema-graph\">{\"@context\":\"https:\\\/\\\/schema.org\",\"@graph\":[{\"@type\":\"WebPage\",\"@id\":\"https:\\\/\\\/vilardellpurti.com\\\/es\\\/politica-de-privacidad\\\/\",\"url\":\"https:\\\/\\\/vilardellpurti.com\\\/es\\\/politica-de-privacidad\\\/\",\"name\":\"Pol\u00edtica de privacidad - Vilardell Purt\u00ed\",\"isPartOf\":{\"@id\":\"https:\\\/\\\/vilardellpurti.com\\\/#website\"},\"datePublished\":\"2021-10-14T13:46:36+00:00\",\"dateModified\":\"2025-12-12T12:38:07+00:00\",\"description\":\"Pol\u00edtica de privacidad De acuerdo con la normativa vigente en materia de Protecci\u00f3n de Datos de Car\u00e1cter Personal, te informamos que tus datos ser\u00e1n\",\"breadcrumb\":{\"@id\":\"https:\\\/\\\/vilardellpurti.com\\\/es\\\/politica-de-privacidad\\\/#breadcrumb\"},\"inLanguage\":\"es\",\"potentialAction\":[{\"@type\":\"ReadAction\",\"target\":[\"https:\\\/\\\/vilardellpurti.com\\\/es\\\/politica-de-privacidad\\\/\"]}]},{\"@type\":\"BreadcrumbList\",\"@id\":\"https:\\\/\\\/vilardellpurti.com\\\/es\\\/politica-de-privacidad\\\/#breadcrumb\",\"itemListElement\":[{\"@type\":\"ListItem\",\"position\":1,\"name\":\"Portada\",\"item\":\"https:\\\/\\\/vilardellpurti.com\\\/es\\\/home\\\/\"},{\"@type\":\"ListItem\",\"position\":2,\"name\":\"Pol\u00edtica de privacidad\"}]},{\"@type\":\"WebSite\",\"@id\":\"https:\\\/\\\/vilardellpurti.com\\\/#website\",\"url\":\"https:\\\/\\\/vilardellpurti.com\\\/\",\"name\":\"Vilardell Purt\u00ed\",\"description\":\"Grupo industrial especializado\",\"publisher\":{\"@id\":\"https:\\\/\\\/vilardellpurti.com\\\/#organization\"},\"potentialAction\":[{\"@type\":\"SearchAction\",\"target\":{\"@type\":\"EntryPoint\",\"urlTemplate\":\"https:\\\/\\\/vilardellpurti.com\\\/?s={search_term_string}\"},\"query-input\":{\"@type\":\"PropertyValueSpecification\",\"valueRequired\":true,\"valueName\":\"search_term_string\"}}],\"inLanguage\":\"es\"},{\"@type\":\"Organization\",\"@id\":\"https:\\\/\\\/vilardellpurti.com\\\/#organization\",\"name\":\"Vilardell Purt\u00ed\",\"url\":\"https:\\\/\\\/vilardellpurti.com\\\/\",\"logo\":{\"@type\":\"ImageObject\",\"inLanguage\":\"es\",\"@id\":\"https:\\\/\\\/vilardellpurti.com\\\/#\\\/schema\\\/logo\\\/image\\\/\",\"url\":\"https:\\\/\\\/vilardellpurti.com\\\/wp-content\\\/uploads\\\/2025\\\/04\\\/vilardell-purti-logo.svg\",\"contentUrl\":\"https:\\\/\\\/vilardellpurti.com\\\/wp-content\\\/uploads\\\/2025\\\/04\\\/vilardell-purti-logo.svg\",\"width\":231,\"height\":49,\"caption\":\"Vilardell Purt\u00ed\"},\"image\":{\"@id\":\"https:\\\/\\\/vilardellpurti.com\\\/#\\\/schema\\\/logo\\\/image\\\/\"}}]}<\/script>\n<!-- \/ Yoast SEO plugin. -->","yoast_head_json":{"title":"Pol\u00edtica de privacidad - Vilardell Purt\u00ed","description":"Pol\u00edtica de privacidad De acuerdo con la normativa vigente en materia de Protecci\u00f3n de Datos de Car\u00e1cter Personal, te informamos que tus datos ser\u00e1n","robots":{"index":"noindex","follow":"nofollow"},"og_locale":"es_ES","og_type":"article","og_title":"Pol\u00edtica de privacidad - Vilardell Purt\u00ed","og_description":"Pol\u00edtica de privacidad De acuerdo con la normativa vigente en materia de Protecci\u00f3n de Datos de Car\u00e1cter Personal, te informamos que tus datos ser\u00e1n","og_url":"https:\/\/vilardellpurti.com\/es\/politica-de-privacidad\/","og_site_name":"Vilardell Purt\u00ed","article_modified_time":"2025-12-12T12:38:07+00:00","twitter_card":"summary_large_image","twitter_misc":{"Tiempo de lectura":"3 minutos"},"schema":{"@context":"https:\/\/schema.org","@graph":[{"@type":"WebPage","@id":"https:\/\/vilardellpurti.com\/es\/politica-de-privacidad\/","url":"https:\/\/vilardellpurti.com\/es\/politica-de-privacidad\/","name":"Pol\u00edtica de privacidad - Vilardell Purt\u00ed","isPartOf":{"@id":"https:\/\/vilardellpurti.com\/#website"},"datePublished":"2021-10-14T13:46:36+00:00","dateModified":"2025-12-12T12:38:07+00:00","description":"Pol\u00edtica de privacidad De acuerdo con la normativa vigente en materia de Protecci\u00f3n de Datos de Car\u00e1cter Personal, te informamos que tus datos ser\u00e1n","breadcrumb":{"@id":"https:\/\/vilardellpurti.com\/es\/politica-de-privacidad\/#breadcrumb"},"inLanguage":"es","potentialAction":[{"@type":"ReadAction","target":["https:\/\/vilardellpurti.com\/es\/politica-de-privacidad\/"]}]},{"@type":"BreadcrumbList","@id":"https:\/\/vilardellpurti.com\/es\/politica-de-privacidad\/#breadcrumb","itemListElement":[{"@type":"ListItem","position":1,"name":"Portada","item":"https:\/\/vilardellpurti.com\/es\/home\/"},{"@type":"ListItem","position":2,"name":"Pol\u00edtica de privacidad"}]},{"@type":"WebSite","@id":"https:\/\/vilardellpurti.com\/#website","url":"https:\/\/vilardellpurti.com\/","name":"Vilardell Purt\u00ed","description":"Grupo industrial especializado","publisher":{"@id":"https:\/\/vilardellpurti.com\/#organization"},"potentialAction":[{"@type":"SearchAction","target":{"@type":"EntryPoint","urlTemplate":"https:\/\/vilardellpurti.com\/?s={search_term_string}"},"query-input":{"@type":"PropertyValueSpecification","valueRequired":true,"valueName":"search_term_string"}}],"inLanguage":"es"},{"@type":"Organization","@id":"https:\/\/vilardellpurti.com\/#organization","name":"Vilardell Purt\u00ed","url":"https:\/\/vilardellpurti.com\/","logo":{"@type":"ImageObject","inLanguage":"es","@id":"https:\/\/vilardellpurti.com\/#\/schema\/logo\/image\/","url":"https:\/\/vilardellpurti.com\/wp-content\/uploads\/2025\/04\/vilardell-purti-logo.svg","contentUrl":"https:\/\/vilardellpurti.com\/wp-content\/uploads\/2025\/04\/vilardell-purti-logo.svg","width":231,"height":49,"caption":"Vilardell Purt\u00ed"},"image":{"@id":"https:\/\/vilardellpurti.com\/#\/schema\/logo\/image\/"}}]}},"_links":{"self":[{"href":"https:\/\/vilardellpurti.com\/es\/wp-json\/wp\/v2\/pages\/4655","targetHints":{"allow":["GET"]}}],"collection":[{"href":"https:\/\/vilardellpurti.com\/es\/wp-json\/wp\/v2\/pages"}],"about":[{"href":"https:\/\/vilardellpurti.com\/es\/wp-json\/wp\/v2\/types\/page"}],"author":[{"embeddable":true,"href":"https:\/\/vilardellpurti.com\/es\/wp-json\/wp\/v2\/users\/2"}],"replies":[{"embeddable":true,"href":"https:\/\/vilardellpurti.com\/es\/wp-json\/wp\/v2\/comments?post=4655"}],"version-history":[{"count":1,"href":"https:\/\/vilardellpurti.com\/es\/wp-json\/wp\/v2\/pages\/4655\/revisions"}],"predecessor-version":[{"id":4656,"href":"https:\/\/vilardellpurti.com\/es\/wp-json\/wp\/v2\/pages\/4655\/revisions\/4656"}],"wp:attachment":[{"href":"https:\/\/vilardellpurti.com\/es\/wp-json\/wp\/v2\/media?parent=4655"}],"curies":[{"name":"wp","href":"https:\/\/api.w.org\/{rel}","templated":true}]}}