{"id":4653,"date":"2021-10-16T15:24:59","date_gmt":"2021-10-16T13:24:59","guid":{"rendered":"https:\/\/vilardellpurti.com\/aviso-legal\/"},"modified":"2025-12-12T13:32:22","modified_gmt":"2025-12-12T12:32:22","slug":"aviso-legal","status":"publish","type":"page","link":"https:\/\/vilardellpurti.com\/es\/aviso-legal\/","title":{"rendered":"Aviso legal"},"content":{"rendered":"\t\t<div data-elementor-type=\"wp-page\" data-elementor-id=\"4653\" class=\"elementor elementor-4653 elementor-57\" data-elementor-post-type=\"page\">\n\t\t\t\t<div class=\"elementor-element elementor-element-1fe9f8c e-flex e-con-boxed e-con e-parent\" data-id=\"1fe9f8c\" data-element_type=\"container\" data-e-type=\"container\">\n\t\t\t\t\t<div class=\"e-con-inner\">\n\t\t\t\t<div class=\"elementor-element elementor-element-a5ff62c elementor-widget elementor-widget-heading\" data-id=\"a5ff62c\" data-element_type=\"widget\" data-e-type=\"widget\" data-widget_type=\"heading.default\">\n\t\t\t\t<div class=\"elementor-widget-container\">\n\t\t\t\t\t<h1 class=\"elementor-heading-title elementor-size-default\"><strong>Aviso legal<\/strong><\/h1>\t\t\t\t<\/div>\n\t\t\t\t<\/div>\n\t\t\t\t<div class=\"elementor-element elementor-element-3456f9a elementor-widget elementor-widget-spacer\" data-id=\"3456f9a\" data-element_type=\"widget\" data-e-type=\"widget\" data-widget_type=\"spacer.default\">\n\t\t\t\t<div class=\"elementor-widget-container\">\n\t\t\t\t\t\t\t<div class=\"elementor-spacer\">\n\t\t\t<div class=\"elementor-spacer-inner\"><\/div>\n\t\t<\/div>\n\t\t\t\t\t\t<\/div>\n\t\t\t\t<\/div>\n\t\t\t\t<div class=\"elementor-element elementor-element-1cd37e0 elementor-widget elementor-widget-text-editor\" data-id=\"1cd37e0\" data-element_type=\"widget\" data-e-type=\"widget\" data-widget_type=\"text-editor.default\">\n\t\t\t\t<div class=\"elementor-widget-container\">\n\t\t\t\t\t\t\t\t\t<h4><strong>CONDICIONES DE USO<\/strong><\/h4><p>De conformidad con la Ley 34\/2002, de 11 de junio, Sociedad de la Informaci\u00f3n y Comercio Electr\u00f3nico (LSSI-CE) (LSSI-CE) VILARDELL PURTI SA informa al usuario que ellos es el propietario de la p\u00e1gina web https:\/\/www.vilardellpurti.com. En cumplimiento de a26&gt; lo establecido en el art\u00edculo 10 de la citada Ley, VILARDELL PURT\u00cd SA informa a los usuarios de lo siguiente: <br>Este sitio web es propiedad de VILARDELLPURTI SA, con n\u00famero de identificaci\u00f3n fiscal ESA08283798 y con su domicilio social en CARRETERA DE NAVARCLES, 107 POL. IND. SANTA ANNA I, 08251 SANTPEDOR, BARCELONA, inscrita en el Registro Mercantil de Barcelona, volumen 2035, Libro 1438, Secci\u00f3n 2, Folio 86, P\u00e1gina 20230. El correo electr\u00f3nico de contacto de la empresa es: <a href=\"mailto:vpsa@vilardellputri.com\">vpsa@vilardellputri.com<\/a> y el tel\u00e9fono es +34 938 272 720.   <\/p><p> <\/p><h5><strong>Usuarios y r\u00e9gimen de responsabilidad<\/strong><\/h5><p>El sitio web de VILARDELL PURTI SA ofrece una amplia gama de servicios, informaci\u00f3n y datos. El usuario asume la responsabilidad personal del correcto uso de este sitio web. Esta responsabilidad incluye, entre otros:  <\/p><ul><li>El uso de los servicios, la informaci\u00f3n y los datos ofrecidos por VILARDELL PURTI SA<\/li><li>El uso contrario a lo dispuesto en estos t\u00e9rminos y condiciones, la ley, la moral, las buenas costumbres y el orden p\u00fablico, o cualquier otro uso que pueda afectar al correcto funcionamiento del sitio web.<\/li><li>La veracidad y licitud de la informaci\u00f3n facilitada por el usuario en los formularios solicitados por VILARDELL PURTI SA para acceder a los servicios ofrecidos en el sitio web.<\/li><\/ul><p>Al navegar, acceder y utilizar el sitio web de VILARDELL PURTI SA, usted se convierte en usuario. Al navegar por el sitio web de VILARDELL PURTI SA, el usuario acepta todas las condiciones de uso establecidas en este documento, de conformidad con la legislaci\u00f3n vigente en cada materia. <\/p><p> <\/p><h5><strong>Pol\u00edtica de enlaces y exenci\u00f3n de responsabilidad<\/strong><\/h5><p>VILARDELL PURTI SA no se responsabiliza del contenido de los sitios web a los que los usuarios puedan acceder a trav\u00e9s de enlaces incluidos en el sitio web, y en ning\u00fan caso examinar\u00e1 ni ejercer\u00e1 control alguno sobre el contenido de otros sitios web. Asimismo, no puede garantizar la veracidad, exactitud, disponibilidad t\u00e9cnica ni legalidad de los sitios web de terceros a los que se pueda acceder a trav\u00e9s de los enlaces incluidos en este sitio web. <\/p><p>VILARDELL PURTI SA, a trav\u00e9s de la seguridad de la informaci\u00f3n, puede garantizar que ha tomado las medidas necesarias para evitar que la experiencia del cliente al navegar por el sitio web no sea segura. En consecuencia, VILARDELL PURTI SA no se responsabiliza de los posibles da\u00f1os que el usuario pueda sufrir en relaci\u00f3n con el uso de Internet. <\/p><p> <\/p><h5><strong>Modificaciones<\/strong><\/h5><p>VILARDELL PURTI SA podr\u00e1 modificar o actualizar la informaci\u00f3n de este sitio web sin previo aviso. Esto incluye el contenido del sitio web, sus T\u00e9rminos y Condiciones de Uso y las Condiciones Generales de Contrataci\u00f3n. Estas modificaciones ser\u00e1n vinculantes mientras permanezcan publicadas en el sitio web y hasta que sean modificadas por modificaciones posteriores.  <\/p><p> <\/p><h5><strong>Acciones legales, legislaci\u00f3n aplicable y jurisdicci\u00f3n<\/strong><\/h5><p>VILARDELL PURTI SA se reserva el derecho a emprender cualquier acci\u00f3n civil o penal que considere oportuna por el uso no autorizado de su sitio web y sus contenidos, o por el incumplimiento de estas condiciones.<\/p><p>La relaci\u00f3n entre el usuario y VILARDELL PURT\u00cd SA se regir\u00e1 por la legislaci\u00f3n vigente en Espa\u00f1a. En caso de controversia, las partes podr\u00e1n someter sus conflictos a arbitraje o acudir a los cauces legales habituales, de conformidad con las normas aplicables en materia de jurisdicci\u00f3n y competencia. El domicilio social de VILARDELL PURTI SA se encuentra en SANTPEDOR, Espa\u00f1a.  <\/p><p> <\/p><h4><strong>COOKIES <\/strong><\/h4><p>El sitio web de VILARDELL PURTI, SA utiliza cookies propias y de terceros con fines t\u00e9cnicos y anal\u00edticos. Puede encontrar informaci\u00f3n detallada en nuestra Pol\u00edtica de Cookies y configurar o rechazar su uso seg\u00fan sus preferencias a trav\u00e9s del panel de configuraci\u00f3n correspondiente. <\/p><p> <\/p><h4><strong>PROPIEDAD INTELECTUAL E INDUSTRIAL<\/strong><\/h4><p>VILARDELL PURTI SA es titular de todos los derechos de propiedad intelectual e industrial de su sitio web. Asimismo, todos los elementos contenidos en el sitio web (incluyendo, a t\u00edtulo enunciativo y no limitativo, im\u00e1genes, audio, sonido, v\u00eddeo, software o textos; marcas o logotipos, combinaciones de colores, dise\u00f1o y maquetaci\u00f3n, etc.) son propiedad de VILARDELL PURTI SA. En consecuencia, estas obras est\u00e1n protegidas como propiedad intelectual por las leyes espa\u00f1olas y europeas.  <\/p><p>El usuario no debe suprimir ni manipular ning\u00fan dispositivo de protecci\u00f3n o sistema de seguridad instalado en el sitio web de VILARDELL PURTI SA.<\/p><p>Todos los derechos reservados. De conformidad con lo dispuesto en esta Ley, queda terminantemente prohibida la reproducci\u00f3n, distribuci\u00f3n y comunicaci\u00f3n p\u00fablica, total o parcial, de los contenidos de este sitio web con fines comerciales, en cualquier soporte o por cualquier medio t\u00e9cnico, sin la autorizaci\u00f3n de VILARDELL PURTI SA. <\/p><p>El usuario se compromete a respetar los derechos de propiedad intelectual e industrial titularidad de VILARDELL PURTI SA. Queda prohibido suprimir, alterar o manipular cualquier dispositivo de protecci\u00f3n o sistema de seguridad instalado en el sitio web de VILARDELL PURT\u00cd SA. <\/p><p>Si observa alg\u00fan contenido en el sitio web que pueda infringir derechos de propiedad intelectual e industrial, le rogamos que lo notifique al proveedor lo antes posible enviando un correo electr\u00f3nico a <a href=\"mailto:vpsa@vilardellpurti.com\">vpsa@vilardellpurti.com<\/a>.<\/p><p> <\/p><h4><strong>PROTECCI\u00d3N DE DATOS<\/strong><\/h4><p>De conformidad con lo dispuesto en la legislaci\u00f3n vigente en materia de Protecci\u00f3n de Datos Personales, le informamos de que sus datos ser\u00e1n incorporados al sistema de tratamiento titularidad de VILARDELL PURTI SA, con NIF ESA08283798 y domicilio social en CARRETERA DE NAVARCLES, 107 POL. IND. SANTA ANNA I, 08251 SANTPEDOR, BARCELONA, con la finalidad de facilitar, atender y cumplir los compromisos establecidos entre ambas partes. De conformidad con la normativa aplicable, VILARDELL PURTI SA informa a los usuarios de que sus datos se conservar\u00e1n durante el plazo necesario para el cumplimiento de las condiciones.   <\/p><p>VILARDELL PURTI SA le informa de que trataremos sus datos con base en un inter\u00e9s leg\u00edtimo de VILARDELL PURTI SA. Usted es responsable de mantener sus datos actualizados y se compromete a notificarnos cualquier modificaci\u00f3n. Por consiguiente, contamos con su consentimiento para utilizar sus datos para las finalidades indicadas anteriormente.  <\/p><p>VILARDELL PURTI SA tambi\u00e9n le informa que tratar\u00e1 sus datos de forma l\u00edcita, leal, transparente, adecuada, pertinente, limitada y precisa (art. 5 del RGPD). En consecuencia, VILARDELL PURTI SA se compromete a adoptar todas las medidas razonables para garantizar que sus datos se supriman o rectifiquen sin dilaci\u00f3n si son inexactos. <\/p><p>De acuerdo con los derechos que le confiere la legislaci\u00f3n vigente en Protecci\u00f3n de Datos Personales, puede ejercer los derechos de acceso, rectificaci\u00f3n, limitaci\u00f3n del tratamiento, supresi\u00f3n, portabilidad y oposici\u00f3n enviando su solicitud a la direcci\u00f3n postal indicada anteriormente o escribiendo un correo electr\u00f3nico a <a href=\"mailto:vpsa@vilardellpurti.com\">vpsa@vilardellpurti.com<\/a>.<\/p><p>Puede ponerse en contacto con la Agencia Espa\u00f1ola de Protecci\u00f3n de Datos (AEPD) si considera que sus datos personales no se han tratado correctamente.<\/p>\t\t\t\t\t\t\t\t<\/div>\n\t\t\t\t<\/div>\n\t\t\t\t\t<\/div>\n\t\t\t\t<\/div>\n\t\t\t\t<\/div>\n\t\t","protected":false},"excerpt":{"rendered":"<p>Aviso legal CONDICIONES DE USO De conformidad con la Ley 34\/2002, de 11 de junio, Sociedad de la Informaci\u00f3n y Comercio Electr\u00f3nico (LSSI-CE) (LSSI-CE) VILARDELL PURTI SA informa al usuario que ellos es el propietario de la p\u00e1gina web https:\/\/www.vilardellpurti.com. En cumplimiento de a26&gt; lo establecido en el art\u00edculo 10 de la citada Ley, VILARDELL [&hellip;]<\/p>\n","protected":false},"author":2,"featured_media":0,"parent":0,"menu_order":0,"comment_status":"closed","ping_status":"closed","template":"elementor_header_footer","meta":{"_acf_changed":false,"inline_featured_image":false,"footnotes":""},"class_list":["post-4653","page","type-page","status-publish","hentry"],"acf":[],"yoast_head":"<!-- This site is optimized with the Yoast SEO plugin v27.6 - https:\/\/yoast.com\/product\/yoast-seo-wordpress\/ -->\n<title>Aviso legal - Vilardell Purt\u00ed<\/title>\n<meta name=\"description\" content=\"Aviso legal CONDICIONES DE USODe conformidad con la Ley 34\/2002, de 11 de junio, Sociedad de la Informaci\u00f3n y Comercio Electr\u00f3nico (LSSI-CE) (LSSI-CE)\" \/>\n<meta name=\"robots\" content=\"noindex, nofollow\" \/>\n<meta property=\"og:locale\" content=\"es_ES\" \/>\n<meta property=\"og:type\" content=\"article\" \/>\n<meta property=\"og:title\" content=\"Aviso legal - Vilardell Purt\u00ed\" \/>\n<meta property=\"og:description\" content=\"Aviso legal CONDICIONES DE USODe conformidad con la Ley 34\/2002, de 11 de junio, Sociedad de la Informaci\u00f3n y Comercio Electr\u00f3nico (LSSI-CE) (LSSI-CE)\" \/>\n<meta property=\"og:url\" content=\"https:\/\/vilardellpurti.com\/es\/aviso-legal\/\" \/>\n<meta property=\"og:site_name\" content=\"Vilardell Purt\u00ed\" \/>\n<meta property=\"article:modified_time\" content=\"2025-12-12T12:32:22+00:00\" \/>\n<meta name=\"twitter:card\" content=\"summary_large_image\" \/>\n<meta name=\"twitter:label1\" content=\"Tiempo de lectura\" \/>\n\t<meta name=\"twitter:data1\" content=\"6 minutos\" \/>\n<script type=\"application\/ld+json\" class=\"yoast-schema-graph\">{\"@context\":\"https:\\\/\\\/schema.org\",\"@graph\":[{\"@type\":\"WebPage\",\"@id\":\"https:\\\/\\\/vilardellpurti.com\\\/es\\\/aviso-legal\\\/\",\"url\":\"https:\\\/\\\/vilardellpurti.com\\\/es\\\/aviso-legal\\\/\",\"name\":\"Aviso legal - Vilardell Purt\u00ed\",\"isPartOf\":{\"@id\":\"https:\\\/\\\/vilardellpurti.com\\\/#website\"},\"datePublished\":\"2021-10-16T13:24:59+00:00\",\"dateModified\":\"2025-12-12T12:32:22+00:00\",\"description\":\"Aviso legal CONDICIONES DE USODe conformidad con la Ley 34\\\/2002, de 11 de junio, Sociedad de la Informaci\u00f3n y Comercio Electr\u00f3nico (LSSI-CE) (LSSI-CE)\",\"breadcrumb\":{\"@id\":\"https:\\\/\\\/vilardellpurti.com\\\/es\\\/aviso-legal\\\/#breadcrumb\"},\"inLanguage\":\"es\",\"potentialAction\":[{\"@type\":\"ReadAction\",\"target\":[\"https:\\\/\\\/vilardellpurti.com\\\/es\\\/aviso-legal\\\/\"]}]},{\"@type\":\"BreadcrumbList\",\"@id\":\"https:\\\/\\\/vilardellpurti.com\\\/es\\\/aviso-legal\\\/#breadcrumb\",\"itemListElement\":[{\"@type\":\"ListItem\",\"position\":1,\"name\":\"Portada\",\"item\":\"https:\\\/\\\/vilardellpurti.com\\\/es\\\/home\\\/\"},{\"@type\":\"ListItem\",\"position\":2,\"name\":\"Aviso legal\"}]},{\"@type\":\"WebSite\",\"@id\":\"https:\\\/\\\/vilardellpurti.com\\\/#website\",\"url\":\"https:\\\/\\\/vilardellpurti.com\\\/\",\"name\":\"Vilardell Purt\u00ed\",\"description\":\"Grupo industrial especializado\",\"publisher\":{\"@id\":\"https:\\\/\\\/vilardellpurti.com\\\/#organization\"},\"potentialAction\":[{\"@type\":\"SearchAction\",\"target\":{\"@type\":\"EntryPoint\",\"urlTemplate\":\"https:\\\/\\\/vilardellpurti.com\\\/?s={search_term_string}\"},\"query-input\":{\"@type\":\"PropertyValueSpecification\",\"valueRequired\":true,\"valueName\":\"search_term_string\"}}],\"inLanguage\":\"es\"},{\"@type\":\"Organization\",\"@id\":\"https:\\\/\\\/vilardellpurti.com\\\/#organization\",\"name\":\"Vilardell Purt\u00ed\",\"url\":\"https:\\\/\\\/vilardellpurti.com\\\/\",\"logo\":{\"@type\":\"ImageObject\",\"inLanguage\":\"es\",\"@id\":\"https:\\\/\\\/vilardellpurti.com\\\/#\\\/schema\\\/logo\\\/image\\\/\",\"url\":\"https:\\\/\\\/vilardellpurti.com\\\/wp-content\\\/uploads\\\/2025\\\/04\\\/vilardell-purti-logo.svg\",\"contentUrl\":\"https:\\\/\\\/vilardellpurti.com\\\/wp-content\\\/uploads\\\/2025\\\/04\\\/vilardell-purti-logo.svg\",\"width\":231,\"height\":49,\"caption\":\"Vilardell Purt\u00ed\"},\"image\":{\"@id\":\"https:\\\/\\\/vilardellpurti.com\\\/#\\\/schema\\\/logo\\\/image\\\/\"}}]}<\/script>\n<!-- \/ Yoast SEO plugin. -->","yoast_head_json":{"title":"Aviso legal - Vilardell Purt\u00ed","description":"Aviso legal CONDICIONES DE USODe conformidad con la Ley 34\/2002, de 11 de junio, Sociedad de la Informaci\u00f3n y Comercio Electr\u00f3nico (LSSI-CE) (LSSI-CE)","robots":{"index":"noindex","follow":"nofollow"},"og_locale":"es_ES","og_type":"article","og_title":"Aviso legal - Vilardell Purt\u00ed","og_description":"Aviso legal CONDICIONES DE USODe conformidad con la Ley 34\/2002, de 11 de junio, Sociedad de la Informaci\u00f3n y Comercio Electr\u00f3nico (LSSI-CE) (LSSI-CE)","og_url":"https:\/\/vilardellpurti.com\/es\/aviso-legal\/","og_site_name":"Vilardell Purt\u00ed","article_modified_time":"2025-12-12T12:32:22+00:00","twitter_card":"summary_large_image","twitter_misc":{"Tiempo de lectura":"6 minutos"},"schema":{"@context":"https:\/\/schema.org","@graph":[{"@type":"WebPage","@id":"https:\/\/vilardellpurti.com\/es\/aviso-legal\/","url":"https:\/\/vilardellpurti.com\/es\/aviso-legal\/","name":"Aviso legal - Vilardell Purt\u00ed","isPartOf":{"@id":"https:\/\/vilardellpurti.com\/#website"},"datePublished":"2021-10-16T13:24:59+00:00","dateModified":"2025-12-12T12:32:22+00:00","description":"Aviso legal CONDICIONES DE USODe conformidad con la Ley 34\/2002, de 11 de junio, Sociedad de la Informaci\u00f3n y Comercio Electr\u00f3nico (LSSI-CE) (LSSI-CE)","breadcrumb":{"@id":"https:\/\/vilardellpurti.com\/es\/aviso-legal\/#breadcrumb"},"inLanguage":"es","potentialAction":[{"@type":"ReadAction","target":["https:\/\/vilardellpurti.com\/es\/aviso-legal\/"]}]},{"@type":"BreadcrumbList","@id":"https:\/\/vilardellpurti.com\/es\/aviso-legal\/#breadcrumb","itemListElement":[{"@type":"ListItem","position":1,"name":"Portada","item":"https:\/\/vilardellpurti.com\/es\/home\/"},{"@type":"ListItem","position":2,"name":"Aviso legal"}]},{"@type":"WebSite","@id":"https:\/\/vilardellpurti.com\/#website","url":"https:\/\/vilardellpurti.com\/","name":"Vilardell Purt\u00ed","description":"Grupo industrial especializado","publisher":{"@id":"https:\/\/vilardellpurti.com\/#organization"},"potentialAction":[{"@type":"SearchAction","target":{"@type":"EntryPoint","urlTemplate":"https:\/\/vilardellpurti.com\/?s={search_term_string}"},"query-input":{"@type":"PropertyValueSpecification","valueRequired":true,"valueName":"search_term_string"}}],"inLanguage":"es"},{"@type":"Organization","@id":"https:\/\/vilardellpurti.com\/#organization","name":"Vilardell Purt\u00ed","url":"https:\/\/vilardellpurti.com\/","logo":{"@type":"ImageObject","inLanguage":"es","@id":"https:\/\/vilardellpurti.com\/#\/schema\/logo\/image\/","url":"https:\/\/vilardellpurti.com\/wp-content\/uploads\/2025\/04\/vilardell-purti-logo.svg","contentUrl":"https:\/\/vilardellpurti.com\/wp-content\/uploads\/2025\/04\/vilardell-purti-logo.svg","width":231,"height":49,"caption":"Vilardell Purt\u00ed"},"image":{"@id":"https:\/\/vilardellpurti.com\/#\/schema\/logo\/image\/"}}]}},"_links":{"self":[{"href":"https:\/\/vilardellpurti.com\/es\/wp-json\/wp\/v2\/pages\/4653","targetHints":{"allow":["GET"]}}],"collection":[{"href":"https:\/\/vilardellpurti.com\/es\/wp-json\/wp\/v2\/pages"}],"about":[{"href":"https:\/\/vilardellpurti.com\/es\/wp-json\/wp\/v2\/types\/page"}],"author":[{"embeddable":true,"href":"https:\/\/vilardellpurti.com\/es\/wp-json\/wp\/v2\/users\/2"}],"replies":[{"embeddable":true,"href":"https:\/\/vilardellpurti.com\/es\/wp-json\/wp\/v2\/comments?post=4653"}],"version-history":[{"count":1,"href":"https:\/\/vilardellpurti.com\/es\/wp-json\/wp\/v2\/pages\/4653\/revisions"}],"predecessor-version":[{"id":4654,"href":"https:\/\/vilardellpurti.com\/es\/wp-json\/wp\/v2\/pages\/4653\/revisions\/4654"}],"wp:attachment":[{"href":"https:\/\/vilardellpurti.com\/es\/wp-json\/wp\/v2\/media?parent=4653"}],"curies":[{"name":"wp","href":"https:\/\/api.w.org\/{rel}","templated":true}]}}