{"id":4849,"date":"2025-09-25T16:47:16","date_gmt":"2025-09-25T14:47:16","guid":{"rendered":"https:\/\/vilardellpurti.com\/maquines-de-neteja\/"},"modified":"2025-12-22T14:43:55","modified_gmt":"2025-12-22T13:43:55","slug":"maquines-de-neteja","status":"publish","type":"page","link":"https:\/\/vilardellpurti.com\/ca\/tecnologia\/maquines-de-neteja\/","title":{"rendered":"M\u00e0quines de neteja"},"content":{"rendered":"\t\t<div data-elementor-type=\"wp-page\" data-elementor-id=\"4849\" class=\"elementor elementor-4849 elementor-3596\" data-elementor-post-type=\"page\">\n\t\t\t\t<div class=\"elementor-element elementor-element-8b036ca e-flex e-con-boxed e-con e-parent\" data-id=\"8b036ca\" data-element_type=\"container\" data-e-type=\"container\">\n\t\t\t\t\t<div class=\"e-con-inner\">\n\t\t<div class=\"elementor-element elementor-element-5931496 e-con-full e-flex e-con e-child\" data-id=\"5931496\" data-element_type=\"container\" data-e-type=\"container\">\n\t\t\t\t<div class=\"elementor-element elementor-element-d48a5ee elementor-widget elementor-widget-heading\" data-id=\"d48a5ee\" data-element_type=\"widget\" data-e-type=\"widget\" data-widget_type=\"heading.default\">\n\t\t\t\t<div class=\"elementor-widget-container\">\n\t\t\t\t\t<h2 class=\"elementor-heading-title elementor-size-default\">Tecnologies<\/h2>\t\t\t\t<\/div>\n\t\t\t\t<\/div>\n\t\t\t\t<div class=\"elementor-element elementor-element-f6469d1 elementor-widget elementor-widget-heading\" data-id=\"f6469d1\" data-element_type=\"widget\" data-e-type=\"widget\" data-widget_type=\"heading.default\">\n\t\t\t\t<div class=\"elementor-widget-container\">\n\t\t\t\t\t<h1 class=\"elementor-heading-title elementor-size-default\"><b>M\u00e0quines de neteja<\/b><\/h1>\t\t\t\t<\/div>\n\t\t\t\t<\/div>\n\t\t\t\t<div class=\"elementor-element elementor-element-9019e7f elementor-widget__width-initial elementor-widget elementor-widget-text-editor\" data-id=\"9019e7f\" data-element_type=\"widget\" data-e-type=\"widget\" data-widget_type=\"text-editor.default\">\n\t\t\t\t<div class=\"elementor-widget-container\">\n\t\t\t\t\t\t\t\t\t<p>Una tecnologia per buscar valor afegit<\/p>\t\t\t\t\t\t\t\t<\/div>\n\t\t\t\t<\/div>\n\t\t\t\t<\/div>\n\t\t\t\t\t<\/div>\n\t\t\t\t<\/div>\n\t\t<div class=\"elementor-element elementor-element-f84378b e-flex e-con-boxed e-con e-parent\" data-id=\"f84378b\" data-element_type=\"container\" data-e-type=\"container\">\n\t\t\t\t\t<div class=\"e-con-inner\">\n\t\t<div class=\"elementor-element elementor-element-e8c65e2 e-con-full e-flex e-con e-child\" data-id=\"e8c65e2\" data-element_type=\"container\" data-e-type=\"container\" data-settings=\"{&quot;background_background&quot;:&quot;classic&quot;}\">\n\t\t<div class=\"elementor-element elementor-element-25e7fec e-con-full e-flex e-con e-child\" data-id=\"25e7fec\" data-element_type=\"container\" data-e-type=\"container\" data-settings=\"{&quot;background_background&quot;:&quot;classic&quot;}\">\n\t\t\t\t<div class=\"elementor-element elementor-element-5da79e6 elementor-widget elementor-widget-heading\" data-id=\"5da79e6\" data-element_type=\"widget\" data-e-type=\"widget\" data-widget_type=\"heading.default\">\n\t\t\t\t<div class=\"elementor-widget-container\">\n\t\t\t\t\t<h2 class=\"elementor-heading-title elementor-size-default\">El proc\u00e9s<\/h2>\t\t\t\t<\/div>\n\t\t\t\t<\/div>\n\t\t\t\t<div class=\"elementor-element elementor-element-9959bb9 elementor-widget elementor-widget-text-editor\" data-id=\"9959bb9\" data-element_type=\"widget\" data-e-type=\"widget\" data-widget_type=\"text-editor.default\">\n\t\t\t\t<div class=\"elementor-widget-container\">\n\t\t\t\t\t\t\t\t\t<p>La tecnologia de les m\u00e0quines de neteja elimina els residus despr\u00e9s del mecanitzat per garantir la precisi\u00f3 dimensional i preparar la superf\u00edcie amb hidrocarburs mitjan\u00e7ant m\u00e0quines D\u00dcRR.<\/p><p>Aquest proc\u00e9s garanteix peces de m\u00e9s qualitat, garantint que estiguin lliures d&#8217;olis, encenalls o impureses que podrien afectar processos posteriors com ara altres tractaments, recobriments o muntatge.<\/p>\t\t\t\t\t\t\t\t<\/div>\n\t\t\t\t<\/div>\n\t\t\t\t<div class=\"elementor-element elementor-element-65b0551 elementor-absolute e-transform elementor-view-default elementor-widget elementor-widget-icon\" data-id=\"65b0551\" data-element_type=\"widget\" data-e-type=\"widget\" data-settings=\"{&quot;_position&quot;:&quot;absolute&quot;,&quot;_transform_rotateZ_effect_tablet&quot;:{&quot;unit&quot;:&quot;deg&quot;,&quot;size&quot;:270,&quot;sizes&quot;:[]},&quot;_transform_rotateZ_effect_mobile&quot;:{&quot;unit&quot;:&quot;deg&quot;,&quot;size&quot;:270,&quot;sizes&quot;:[]},&quot;_transform_rotateZ_effect&quot;:{&quot;unit&quot;:&quot;px&quot;,&quot;size&quot;:&quot;&quot;,&quot;sizes&quot;:[]}}\" data-widget_type=\"icon.default\">\n\t\t\t\t<div class=\"elementor-widget-container\">\n\t\t\t\t\t\t\t<div class=\"elementor-icon-wrapper\">\n\t\t\t<div class=\"elementor-icon\">\n\t\t\t<svg xmlns=\"http:\/\/www.w3.org\/2000\/svg\" width=\"39\" height=\"47\" viewBox=\"0 0 39 47\" fill=\"none\"><path d=\"M39 23.133L0 46.276V-0.0100098L39 23.133Z\" fill=\"white\"><\/path><\/svg>\t\t\t<\/div>\n\t\t<\/div>\n\t\t\t\t\t\t<\/div>\n\t\t\t\t<\/div>\n\t\t\t\t<\/div>\n\t\t\t\t<\/div>\n\t\t\t\t\t<\/div>\n\t\t\t\t<\/div>\n\t\t<div class=\"elementor-element elementor-element-44a28c4 image-columns-section e-flex e-con-boxed e-con e-parent\" data-id=\"44a28c4\" data-element_type=\"container\" data-e-type=\"container\">\n\t\t\t\t\t<div class=\"e-con-inner\">\n\t\t\t\t<div class=\"elementor-element elementor-element-5f5929a elementor-widget elementor-widget-heading\" data-id=\"5f5929a\" data-element_type=\"widget\" data-e-type=\"widget\" data-widget_type=\"heading.default\">\n\t\t\t\t<div class=\"elementor-widget-container\">\n\t\t\t\t\t<p class=\"elementor-heading-title elementor-size-default\">Un espai per a la perfecci\u00f3<\/p>\t\t\t\t<\/div>\n\t\t\t\t<\/div>\n\t\t\t\t<div class=\"elementor-element elementor-element-af71de1 elementor-widget elementor-widget-heading\" data-id=\"af71de1\" data-element_type=\"widget\" data-e-type=\"widget\" data-widget_type=\"heading.default\">\n\t\t\t\t<div class=\"elementor-widget-container\">\n\t\t\t\t\t<h3 class=\"elementor-heading-title elementor-size-default\"><b>Cleaning Machines<\/b><\/h3>\t\t\t\t<\/div>\n\t\t\t\t<\/div>\n\t\t\t\t<div class=\"elementor-element elementor-element-5656e5e elementor-widget__width-initial elementor-icon-list--layout-traditional elementor-list-item-link-full_width elementor-widget elementor-widget-icon-list\" data-id=\"5656e5e\" data-element_type=\"widget\" data-e-type=\"widget\" data-widget_type=\"icon-list.default\">\n\t\t\t\t<div class=\"elementor-widget-container\">\n\t\t\t\t\t\t\t<ul class=\"elementor-icon-list-items\">\n\t\t\t\t\t\t\t<li class=\"elementor-icon-list-item\">\n\t\t\t\t\t\t\t\t\t\t\t<span class=\"elementor-icon-list-icon\">\n\t\t\t\t\t\t\t<i aria-hidden=\"true\" class=\"fas fa-check\"><\/i>\t\t\t\t\t\t<\/span>\n\t\t\t\t\t\t\t\t\t\t<span class=\"elementor-icon-list-text\">D\u00dcRR<\/span>\n\t\t\t\t\t\t\t\t\t<\/li>\n\t\t\t\t\t\t\t\t<li class=\"elementor-icon-list-item\">\n\t\t\t\t\t\t\t\t\t\t\t<span class=\"elementor-icon-list-icon\">\n\t\t\t\t\t\t\t<i aria-hidden=\"true\" class=\"fas fa-microscope\"><\/i>\t\t\t\t\t\t<\/span>\n\t\t\t\t\t\t\t\t\t\t<span class=\"elementor-icon-list-text\">Garantia de qualitat<\/span>\n\t\t\t\t\t\t\t\t\t<\/li>\n\t\t\t\t\t\t\t\t<li class=\"elementor-icon-list-item\">\n\t\t\t\t\t\t\t\t\t\t\t<span class=\"elementor-icon-list-icon\">\n\t\t\t\t\t\t\t<i aria-hidden=\"true\" class=\"fas fa-random\"><\/i>\t\t\t\t\t\t<\/span>\n\t\t\t\t\t\t\t\t\t\t<span class=\"elementor-icon-list-text\">Major durabilitat<\/span>\n\t\t\t\t\t\t\t\t\t<\/li>\n\t\t\t\t\t\t\t\t<li class=\"elementor-icon-list-item\">\n\t\t\t\t\t\t\t\t\t\t\t<span class=\"elementor-icon-list-icon\">\n\t\t\t\t\t\t\t<i aria-hidden=\"true\" class=\"fas fa-dot-circle\"><\/i>\t\t\t\t\t\t<\/span>\n\t\t\t\t\t\t\t\t\t\t<span class=\"elementor-icon-list-text\">Compliment de les normatives mediambientals<\/span>\n\t\t\t\t\t\t\t\t\t<\/li>\n\t\t\t\t\t\t<\/ul>\n\t\t\t\t\t\t<\/div>\n\t\t\t\t<\/div>\n\t\t\t\t\t<\/div>\n\t\t\t\t<\/div>\n\t\t<div class=\"elementor-element elementor-element-a39b06d e-con-full e-flex e-con e-parent\" data-id=\"a39b06d\" data-element_type=\"container\" data-e-type=\"container\">\n\t\t\t\t<div class=\"elementor-element elementor-element-1923362 elementor-widget elementor-widget-n-carousel\" data-id=\"1923362\" data-element_type=\"widget\" data-e-type=\"widget\" data-settings=\"{&quot;carousel_items&quot;:[{&quot;slide_title&quot;:&quot;Diapositiva n\\u00ba 1&quot;,&quot;_id&quot;:&quot;d48357c&quot;},{&quot;slide_title&quot;:&quot;Diapositiva n\\u00ba 1&quot;,&quot;_id&quot;:&quot;cf4c176&quot;},{&quot;slide_title&quot;:&quot;Diapositiva n\\u00ba 1&quot;,&quot;_id&quot;:&quot;04e7d0d&quot;},{&quot;slide_title&quot;:&quot;Diapositiva n\\u00ba 1&quot;,&quot;_id&quot;:&quot;fcef1a5&quot;},{&quot;slide_title&quot;:&quot;Diapositiva n\\u00ba 1&quot;,&quot;_id&quot;:&quot;4f1eff5&quot;}],&quot;slides_to_show&quot;:&quot;5&quot;,&quot;slides_to_scroll&quot;:&quot;1&quot;,&quot;autoplay_speed&quot;:0,&quot;speed&quot;:5000,&quot;image_spacing_custom&quot;:{&quot;unit&quot;:&quot;px&quot;,&quot;size&quot;:68,&quot;sizes&quot;:[]},&quot;slides_to_show_tablet&quot;:&quot;2&quot;,&quot;slides_to_show_mobile&quot;:&quot;1&quot;,&quot;autoplay&quot;:&quot;yes&quot;,&quot;pause_on_hover&quot;:&quot;yes&quot;,&quot;pause_on_interaction&quot;:&quot;yes&quot;,&quot;infinite&quot;:&quot;yes&quot;,&quot;offset_sides&quot;:&quot;none&quot;,&quot;image_spacing_custom_tablet&quot;:{&quot;unit&quot;:&quot;px&quot;,&quot;size&quot;:&quot;&quot;,&quot;sizes&quot;:[]},&quot;image_spacing_custom_mobile&quot;:{&quot;unit&quot;:&quot;px&quot;,&quot;size&quot;:&quot;&quot;,&quot;sizes&quot;:[]}}\" data-widget_type=\"nested-carousel.default\">\n\t\t\t\t<div class=\"elementor-widget-container\">\n\t\t\t\t\t\t\t<div class=\"e-n-carousel swiper\" role=\"region\" aria-roledescription=\"carousel\" aria-label=\"Carrusel\" dir=\"ltr\">\n\t\t\t<div class=\"swiper-wrapper\" aria-live=\"off\">\n\t\t\t\t\t\t\t\t\t\t<div class=\"swiper-slide\" data-slide=\"1\" role=\"group\" aria-roledescription=\"slide\" aria-label=\"1 of 5\">\n\t\t\t\t\t\t\t<div class=\"elementor-element elementor-element-f43dc89 e-flex e-con-boxed e-con e-child\" data-id=\"f43dc89\" data-element_type=\"container\" data-e-type=\"container\" data-settings=\"{&quot;background_background&quot;:&quot;classic&quot;}\">\n\t\t\t\t\t<div class=\"e-con-inner\">\n\t\t\t\t\t<\/div>\n\t\t\t\t<\/div>\n\t\t\t\t\t\t\t\t<\/div>\n\t\t\t\t\t\t\t\t\t\t\t<div class=\"swiper-slide\" data-slide=\"2\" role=\"group\" aria-roledescription=\"slide\" aria-label=\"2 of 5\">\n\t\t\t\t\t\t\t<div class=\"elementor-element elementor-element-3ad6a24 e-flex e-con-boxed e-con e-child\" data-id=\"3ad6a24\" data-element_type=\"container\" data-e-type=\"container\" data-settings=\"{&quot;background_background&quot;:&quot;classic&quot;}\">\n\t\t\t\t\t<div class=\"e-con-inner\">\n\t\t\t\t\t<\/div>\n\t\t\t\t<\/div>\n\t\t\t\t\t\t\t\t<\/div>\n\t\t\t\t\t\t\t\t\t\t\t<div class=\"swiper-slide\" data-slide=\"3\" role=\"group\" aria-roledescription=\"slide\" aria-label=\"3 of 5\">\n\t\t\t\t\t\t\t<div class=\"elementor-element elementor-element-3c2749a e-flex e-con-boxed e-con e-child\" data-id=\"3c2749a\" data-element_type=\"container\" data-e-type=\"container\" data-settings=\"{&quot;background_background&quot;:&quot;classic&quot;}\">\n\t\t\t\t\t<div class=\"e-con-inner\">\n\t\t\t\t\t<\/div>\n\t\t\t\t<\/div>\n\t\t\t\t\t\t\t\t<\/div>\n\t\t\t\t\t\t\t\t\t\t\t<div class=\"swiper-slide\" data-slide=\"4\" role=\"group\" aria-roledescription=\"slide\" aria-label=\"4 of 5\">\n\t\t\t\t\t\t\t<div class=\"elementor-element elementor-element-fe5945c e-flex e-con-boxed e-con e-child\" data-id=\"fe5945c\" data-element_type=\"container\" data-e-type=\"container\" data-settings=\"{&quot;background_background&quot;:&quot;classic&quot;}\">\n\t\t\t\t\t<div class=\"e-con-inner\">\n\t\t\t\t\t<\/div>\n\t\t\t\t<\/div>\n\t\t\t\t\t\t\t\t<\/div>\n\t\t\t\t\t\t\t\t\t\t\t<div class=\"swiper-slide\" data-slide=\"5\" role=\"group\" aria-roledescription=\"slide\" aria-label=\"5 of 5\">\n\t\t\t\t\t\t\t<div class=\"elementor-element elementor-element-253de7d e-flex e-con-boxed e-con e-child\" data-id=\"253de7d\" data-element_type=\"container\" data-e-type=\"container\" data-settings=\"{&quot;background_background&quot;:&quot;classic&quot;}\">\n\t\t\t\t\t<div class=\"e-con-inner\">\n\t\t\t\t\t<\/div>\n\t\t\t\t<\/div>\n\t\t\t\t\t\t\t\t<\/div>\n\t\t\t\t\t\t\t\t<\/div>\n\t\t<\/div>\n\t\t\t\t\t\t<\/div>\n\t\t\t\t<\/div>\n\t\t\t\t<\/div>\n\t\t<div class=\"elementor-element elementor-element-a360793 e-flex e-con-boxed e-con e-parent\" data-id=\"a360793\" data-element_type=\"container\" data-e-type=\"container\">\n\t\t\t\t\t<div class=\"e-con-inner\">\n\t\t\t\t<div class=\"elementor-element elementor-element-9ab8de2 elementor-align-center elementor-widget elementor-widget-button\" data-id=\"9ab8de2\" data-element_type=\"widget\" data-e-type=\"widget\" data-widget_type=\"button.default\">\n\t\t\t\t<div class=\"elementor-widget-container\">\n\t\t\t\t\t\t\t\t\t<div class=\"elementor-button-wrapper\">\n\t\t\t\t\t<a class=\"elementor-button elementor-button-link elementor-size-sm\" href=\"https:\/\/vilardellpurti.com\/ca\/tecnologia\/\">\n\t\t\t\t\t\t<span class=\"elementor-button-content-wrapper\">\n\t\t\t\t\t\t\t\t\t<span class=\"elementor-button-text\">- Veure totes les tecnologies - <\/span>\n\t\t\t\t\t<\/span>\n\t\t\t\t\t<\/a>\n\t\t\t\t<\/div>\n\t\t\t\t\t\t\t\t<\/div>\n\t\t\t\t<\/div>\n\t\t\t\t\t<\/div>\n\t\t\t\t<\/div>\n\t\t\t\t<\/div>\n\t\t","protected":false},"excerpt":{"rendered":"<p>Tecnologies M\u00e0quines de neteja Una tecnologia per buscar valor afegit El proc\u00e9s La tecnologia de les m\u00e0quines de neteja elimina els residus despr\u00e9s del mecanitzat per garantir la precisi\u00f3 dimensional i preparar la superf\u00edcie amb hidrocarburs mitjan\u00e7ant m\u00e0quines D\u00dcRR. Aquest proc\u00e9s garanteix peces de m\u00e9s qualitat, garantint que estiguin lliures d&#8217;olis, encenalls o impureses que [&hellip;]<\/p>\n","protected":false},"author":3,"featured_media":0,"parent":4894,"menu_order":0,"comment_status":"closed","ping_status":"closed","template":"","meta":{"_acf_changed":false,"inline_featured_image":false,"footnotes":""},"class_list":["post-4849","page","type-page","status-publish","hentry"],"acf":[],"yoast_head":"<!-- This site is optimized with the Yoast SEO plugin v27.6 - https:\/\/yoast.com\/product\/yoast-seo-wordpress\/ -->\n<title>M\u00e0quines de neteja | Vilardell Purt\u00ed<\/title>\n<meta name=\"description\" content=\"Les m\u00e0quines de neteja de la nostra empresa eliminen els residus despr\u00e9s del mecanitzat per garantir la precisi\u00f3 dimensional i preparar la superf\u00edcie. M\u00e9s informaci\u00f3!\" \/>\n<meta name=\"robots\" content=\"index, follow, max-snippet:-1, max-image-preview:large, max-video-preview:-1\" \/>\n<link rel=\"canonical\" href=\"https:\/\/vilardellpurti.com\/ca\/tecnologia\/maquines-de-neteja\/\" \/>\n<meta property=\"og:locale\" content=\"ca_ES\" \/>\n<meta property=\"og:type\" content=\"article\" \/>\n<meta property=\"og:title\" content=\"M\u00e0quines de neteja | Vilardell Purt\u00ed\" \/>\n<meta property=\"og:description\" content=\"Les m\u00e0quines de neteja de la nostra empresa eliminen els residus despr\u00e9s del mecanitzat per garantir la precisi\u00f3 dimensional i preparar la superf\u00edcie. M\u00e9s informaci\u00f3!\" \/>\n<meta property=\"og:url\" content=\"https:\/\/vilardellpurti.com\/ca\/tecnologia\/maquines-de-neteja\/\" \/>\n<meta property=\"og:site_name\" content=\"Vilardell Purt\u00ed\" \/>\n<meta property=\"article:modified_time\" content=\"2025-12-22T13:43:55+00:00\" \/>\n<meta name=\"twitter:card\" content=\"summary_large_image\" \/>\n<meta name=\"twitter:label1\" content=\"Temps estimat de lectura\" \/>\n\t<meta name=\"twitter:data1\" content=\"1 minut\" \/>\n<script type=\"application\/ld+json\" class=\"yoast-schema-graph\">{\"@context\":\"https:\\\/\\\/schema.org\",\"@graph\":[{\"@type\":\"WebPage\",\"@id\":\"https:\\\/\\\/vilardellpurti.com\\\/ca\\\/tecnologia\\\/maquines-de-neteja\\\/\",\"url\":\"https:\\\/\\\/vilardellpurti.com\\\/ca\\\/tecnologia\\\/maquines-de-neteja\\\/\",\"name\":\"M\u00e0quines de neteja | Vilardell Purt\u00ed\",\"isPartOf\":{\"@id\":\"https:\\\/\\\/vilardellpurti.com\\\/#website\"},\"datePublished\":\"2025-09-25T14:47:16+00:00\",\"dateModified\":\"2025-12-22T13:43:55+00:00\",\"description\":\"Les m\u00e0quines de neteja de la nostra empresa eliminen els residus despr\u00e9s del mecanitzat per garantir la precisi\u00f3 dimensional i preparar la superf\u00edcie. M\u00e9s informaci\u00f3!\",\"breadcrumb\":{\"@id\":\"https:\\\/\\\/vilardellpurti.com\\\/ca\\\/tecnologia\\\/maquines-de-neteja\\\/#breadcrumb\"},\"inLanguage\":\"ca\",\"potentialAction\":[{\"@type\":\"ReadAction\",\"target\":[\"https:\\\/\\\/vilardellpurti.com\\\/ca\\\/tecnologia\\\/maquines-de-neteja\\\/\"]}]},{\"@type\":\"BreadcrumbList\",\"@id\":\"https:\\\/\\\/vilardellpurti.com\\\/ca\\\/tecnologia\\\/maquines-de-neteja\\\/#breadcrumb\",\"itemListElement\":[{\"@type\":\"ListItem\",\"position\":1,\"name\":\"Portada\",\"item\":\"https:\\\/\\\/vilardellpurti.com\\\/ca\\\/home\\\/\"},{\"@type\":\"ListItem\",\"position\":2,\"name\":\"Tecnologia\",\"item\":\"https:\\\/\\\/vilardellpurti.com\\\/ca\\\/tecnologia\\\/\"},{\"@type\":\"ListItem\",\"position\":3,\"name\":\"M\u00e0quines de neteja\"}]},{\"@type\":\"WebSite\",\"@id\":\"https:\\\/\\\/vilardellpurti.com\\\/#website\",\"url\":\"https:\\\/\\\/vilardellpurti.com\\\/\",\"name\":\"Vilardell Purt\u00ed\",\"description\":\"Grupo industrial especializado\",\"publisher\":{\"@id\":\"https:\\\/\\\/vilardellpurti.com\\\/#organization\"},\"potentialAction\":[{\"@type\":\"SearchAction\",\"target\":{\"@type\":\"EntryPoint\",\"urlTemplate\":\"https:\\\/\\\/vilardellpurti.com\\\/?s={search_term_string}\"},\"query-input\":{\"@type\":\"PropertyValueSpecification\",\"valueRequired\":true,\"valueName\":\"search_term_string\"}}],\"inLanguage\":\"ca\"},{\"@type\":\"Organization\",\"@id\":\"https:\\\/\\\/vilardellpurti.com\\\/#organization\",\"name\":\"Vilardell Purt\u00ed\",\"url\":\"https:\\\/\\\/vilardellpurti.com\\\/\",\"logo\":{\"@type\":\"ImageObject\",\"inLanguage\":\"ca\",\"@id\":\"https:\\\/\\\/vilardellpurti.com\\\/#\\\/schema\\\/logo\\\/image\\\/\",\"url\":\"https:\\\/\\\/vilardellpurti.com\\\/wp-content\\\/uploads\\\/2025\\\/04\\\/vilardell-purti-logo.svg\",\"contentUrl\":\"https:\\\/\\\/vilardellpurti.com\\\/wp-content\\\/uploads\\\/2025\\\/04\\\/vilardell-purti-logo.svg\",\"width\":231,\"height\":49,\"caption\":\"Vilardell Purt\u00ed\"},\"image\":{\"@id\":\"https:\\\/\\\/vilardellpurti.com\\\/#\\\/schema\\\/logo\\\/image\\\/\"}}]}<\/script>\n<!-- \/ Yoast SEO plugin. -->","yoast_head_json":{"title":"M\u00e0quines de neteja | Vilardell Purt\u00ed","description":"Les m\u00e0quines de neteja de la nostra empresa eliminen els residus despr\u00e9s del mecanitzat per garantir la precisi\u00f3 dimensional i preparar la superf\u00edcie. M\u00e9s informaci\u00f3!","robots":{"index":"index","follow":"follow","max-snippet":"max-snippet:-1","max-image-preview":"max-image-preview:large","max-video-preview":"max-video-preview:-1"},"canonical":"https:\/\/vilardellpurti.com\/ca\/tecnologia\/maquines-de-neteja\/","og_locale":"ca_ES","og_type":"article","og_title":"M\u00e0quines de neteja | Vilardell Purt\u00ed","og_description":"Les m\u00e0quines de neteja de la nostra empresa eliminen els residus despr\u00e9s del mecanitzat per garantir la precisi\u00f3 dimensional i preparar la superf\u00edcie. M\u00e9s informaci\u00f3!","og_url":"https:\/\/vilardellpurti.com\/ca\/tecnologia\/maquines-de-neteja\/","og_site_name":"Vilardell Purt\u00ed","article_modified_time":"2025-12-22T13:43:55+00:00","twitter_card":"summary_large_image","twitter_misc":{"Temps estimat de lectura":"1 minut"},"schema":{"@context":"https:\/\/schema.org","@graph":[{"@type":"WebPage","@id":"https:\/\/vilardellpurti.com\/ca\/tecnologia\/maquines-de-neteja\/","url":"https:\/\/vilardellpurti.com\/ca\/tecnologia\/maquines-de-neteja\/","name":"M\u00e0quines de neteja | Vilardell Purt\u00ed","isPartOf":{"@id":"https:\/\/vilardellpurti.com\/#website"},"datePublished":"2025-09-25T14:47:16+00:00","dateModified":"2025-12-22T13:43:55+00:00","description":"Les m\u00e0quines de neteja de la nostra empresa eliminen els residus despr\u00e9s del mecanitzat per garantir la precisi\u00f3 dimensional i preparar la superf\u00edcie. M\u00e9s informaci\u00f3!","breadcrumb":{"@id":"https:\/\/vilardellpurti.com\/ca\/tecnologia\/maquines-de-neteja\/#breadcrumb"},"inLanguage":"ca","potentialAction":[{"@type":"ReadAction","target":["https:\/\/vilardellpurti.com\/ca\/tecnologia\/maquines-de-neteja\/"]}]},{"@type":"BreadcrumbList","@id":"https:\/\/vilardellpurti.com\/ca\/tecnologia\/maquines-de-neteja\/#breadcrumb","itemListElement":[{"@type":"ListItem","position":1,"name":"Portada","item":"https:\/\/vilardellpurti.com\/ca\/home\/"},{"@type":"ListItem","position":2,"name":"Tecnologia","item":"https:\/\/vilardellpurti.com\/ca\/tecnologia\/"},{"@type":"ListItem","position":3,"name":"M\u00e0quines de neteja"}]},{"@type":"WebSite","@id":"https:\/\/vilardellpurti.com\/#website","url":"https:\/\/vilardellpurti.com\/","name":"Vilardell Purt\u00ed","description":"Grupo industrial especializado","publisher":{"@id":"https:\/\/vilardellpurti.com\/#organization"},"potentialAction":[{"@type":"SearchAction","target":{"@type":"EntryPoint","urlTemplate":"https:\/\/vilardellpurti.com\/?s={search_term_string}"},"query-input":{"@type":"PropertyValueSpecification","valueRequired":true,"valueName":"search_term_string"}}],"inLanguage":"ca"},{"@type":"Organization","@id":"https:\/\/vilardellpurti.com\/#organization","name":"Vilardell Purt\u00ed","url":"https:\/\/vilardellpurti.com\/","logo":{"@type":"ImageObject","inLanguage":"ca","@id":"https:\/\/vilardellpurti.com\/#\/schema\/logo\/image\/","url":"https:\/\/vilardellpurti.com\/wp-content\/uploads\/2025\/04\/vilardell-purti-logo.svg","contentUrl":"https:\/\/vilardellpurti.com\/wp-content\/uploads\/2025\/04\/vilardell-purti-logo.svg","width":231,"height":49,"caption":"Vilardell Purt\u00ed"},"image":{"@id":"https:\/\/vilardellpurti.com\/#\/schema\/logo\/image\/"}}]}},"_links":{"self":[{"href":"https:\/\/vilardellpurti.com\/ca\/wp-json\/wp\/v2\/pages\/4849","targetHints":{"allow":["GET"]}}],"collection":[{"href":"https:\/\/vilardellpurti.com\/ca\/wp-json\/wp\/v2\/pages"}],"about":[{"href":"https:\/\/vilardellpurti.com\/ca\/wp-json\/wp\/v2\/types\/page"}],"author":[{"embeddable":true,"href":"https:\/\/vilardellpurti.com\/ca\/wp-json\/wp\/v2\/users\/3"}],"replies":[{"embeddable":true,"href":"https:\/\/vilardellpurti.com\/ca\/wp-json\/wp\/v2\/comments?post=4849"}],"version-history":[{"count":2,"href":"https:\/\/vilardellpurti.com\/ca\/wp-json\/wp\/v2\/pages\/4849\/revisions"}],"predecessor-version":[{"id":4906,"href":"https:\/\/vilardellpurti.com\/ca\/wp-json\/wp\/v2\/pages\/4849\/revisions\/4906"}],"up":[{"embeddable":true,"href":"https:\/\/vilardellpurti.com\/ca\/wp-json\/wp\/v2\/pages\/4894"}],"wp:attachment":[{"href":"https:\/\/vilardellpurti.com\/ca\/wp-json\/wp\/v2\/media?parent=4849"}],"curies":[{"name":"wp","href":"https:\/\/api.w.org\/{rel}","templated":true}]}}