{"id":4670,"date":"2025-11-03T11:18:26","date_gmt":"2025-11-03T10:18:26","guid":{"rendered":"https:\/\/vilardellpurti.com\/canal-i-codi-etic\/"},"modified":"2025-12-16T15:33:26","modified_gmt":"2025-12-16T14:33:26","slug":"canal-i-codi-etic","status":"publish","type":"page","link":"https:\/\/vilardellpurti.com\/ca\/canal-i-codi-etic\/","title":{"rendered":"Canal i codi \u00e8tic"},"content":{"rendered":"\t\t<div data-elementor-type=\"wp-page\" data-elementor-id=\"4670\" class=\"elementor elementor-4670 elementor-4187\" data-elementor-post-type=\"page\">\n\t\t\t\t<div class=\"elementor-element elementor-element-d459bc8 e-flex e-con-boxed e-con e-parent\" data-id=\"d459bc8\" data-element_type=\"container\" data-e-type=\"container\">\n\t\t\t\t\t<div class=\"e-con-inner\">\n\t\t\t\t<div class=\"elementor-element elementor-element-8a1b6c0 elementor-widget elementor-widget-heading\" data-id=\"8a1b6c0\" data-element_type=\"widget\" data-e-type=\"widget\" data-widget_type=\"heading.default\">\n\t\t\t\t<div class=\"elementor-widget-container\">\n\t\t\t\t\t<h1 class=\"elementor-heading-title elementor-size-default\"><b>Canal i codi \u00e8tic<\/b><\/h1>\t\t\t\t<\/div>\n\t\t\t\t<\/div>\n\t\t\t\t<div class=\"elementor-element elementor-element-1516b77 elementor-widget elementor-widget-spacer\" data-id=\"1516b77\" data-element_type=\"widget\" data-e-type=\"widget\" data-widget_type=\"spacer.default\">\n\t\t\t\t<div class=\"elementor-widget-container\">\n\t\t\t\t\t\t\t<div class=\"elementor-spacer\">\n\t\t\t<div class=\"elementor-spacer-inner\"><\/div>\n\t\t<\/div>\n\t\t\t\t\t\t<\/div>\n\t\t\t\t<\/div>\n\t\t\t\t<div class=\"elementor-element elementor-element-ea3eb76 elementor-widget elementor-widget-text-editor\" data-id=\"ea3eb76\" data-element_type=\"widget\" data-e-type=\"widget\" data-widget_type=\"text-editor.default\">\n\t\t\t\t<div class=\"elementor-widget-container\">\n\t\t\t\t\t\t\t\t\t<p>AVINENT GROUP, a trav\u00e9s del seu codi \u00e8tic, declara p\u00fablicament els seus valors i normes de comportament per a tot el personal i tamb\u00e9 per a la seva relaci\u00f3 amb tercers. Pots consultar-ho fent <span style=\"text-decoration: underline;\"><a style=\"color: inherit; text-decoration: underline;\" href=\"https:\/\/vilardellpurti.com\/wp-content\/uploads\/2025\/12\/Codi-Etic_Avinent-Group.pdf\">clic aqu\u00ed<\/a><\/span>.<\/p><p>AVINENT GROUP est\u00e0 fermament comprom\u00e8s amb el compliment de les lleis aplicables i altres normatives volunt\u00e0ries. Per aix\u00f2, per tal de complir amb la Llei 2\/2023, si creus que hi pot haver un incompliment, pots posar-te en contacte amb nosaltres a trav\u00e9s d&#8217;aquest canal \u00e8tic.<\/p><p>Pots accedir a la pol\u00edtica de privadesa fent <a style=\"color: inherit; text-decoration: underline;\" href=\"https:\/\/vilardellpurti.com\/ca\/politica-de-privacitat\/\">clic aqu\u00ed<\/a>.<\/p><p>Per posar-te en contacte amb nosaltres, posem a la teva disposici\u00f3 els canals de comunicaci\u00f3 seg\u00fcents:<\/p>\t\t\t\t\t\t\t\t<\/div>\n\t\t\t\t<\/div>\n\t\t\t\t\t<\/div>\n\t\t\t\t<\/div>\n\t\t<div class=\"elementor-element elementor-element-91fd115 e-flex e-con-boxed e-con e-parent\" data-id=\"91fd115\" data-element_type=\"container\" data-e-type=\"container\">\n\t\t\t\t\t<div class=\"e-con-inner\">\n\t\t<div class=\"elementor-element elementor-element-2c32c1b e-con-full e-flex e-con e-child\" data-id=\"2c32c1b\" data-element_type=\"container\" data-e-type=\"container\">\n\t\t\t\t<div class=\"elementor-element elementor-element-b5e64ff elementor-widget elementor-widget-text-editor\" data-id=\"b5e64ff\" data-element_type=\"widget\" data-e-type=\"widget\" data-widget_type=\"text-editor.default\">\n\t\t\t\t<div class=\"elementor-widget-container\">\n\t\t\t\t\t\t\t\t\t<h4 style=\"text-align: center;\"><strong>FORMULARI INTERN<\/strong><\/h4><p>Les comunicacions realitzades a trav\u00e9s del formulari \u00abCanal \u00c8tic\u00bb es poden fer per escrit utilitzant el formulari que es troba fent<a style=\"color: inherit; text-decoration: none;\" href=\"https:\/\/centinela.lefebvre.es\/public\/concept\/2293031\"> <span style=\"text-decoration: underline;\">clic aqu\u00ed<\/span><\/a>.<\/p>\t\t\t\t\t\t\t\t<\/div>\n\t\t\t\t<\/div>\n\t\t\t\t<\/div>\n\t\t<div class=\"elementor-element elementor-element-86091a7 e-con-full e-flex e-con e-child\" data-id=\"86091a7\" data-element_type=\"container\" data-e-type=\"container\">\n\t\t\t\t<div class=\"elementor-element elementor-element-53b5b49 elementor-widget elementor-widget-text-editor\" data-id=\"53b5b49\" data-element_type=\"widget\" data-e-type=\"widget\" data-widget_type=\"text-editor.default\">\n\t\t\t\t<div class=\"elementor-widget-container\">\n\t\t\t\t\t\t\t\t\t<h4 style=\"text-align: center;\"><strong>COMUNICACI\u00d3 ESCRITA<\/strong><\/h3>\nEnviant una comunicaci\u00f3 escrita a l&#8217;atenci\u00f3 del Responsable del Sistema d&#8217;Informaci\u00f3 Interna a la seg\u00fcent adre\u00e7a postal:\n<p style=\"padding-left: 40px;\">Carretera de Navarcles, 107\nPol. Ind. Santa Anna I\n08251, Santpedor, Barcelona.<\/p>\t\t\t\t\t\t\t\t<\/div>\n\t\t\t\t<\/div>\n\t\t\t\t<\/div>\n\t\t\t\t\t<\/div>\n\t\t\t\t<\/div>\n\t\t<div class=\"elementor-element elementor-element-c13b727 e-flex e-con-boxed e-con e-parent\" data-id=\"c13b727\" data-element_type=\"container\" data-e-type=\"container\">\n\t\t\t\t\t<div class=\"e-con-inner\">\n\t\t<div class=\"elementor-element elementor-element-b336f1c e-con-full e-flex e-con e-child\" data-id=\"b336f1c\" data-element_type=\"container\" data-e-type=\"container\">\n\t\t\t\t<div class=\"elementor-element elementor-element-5826e81 elementor-widget elementor-widget-text-editor\" data-id=\"5826e81\" data-element_type=\"widget\" data-e-type=\"widget\" data-widget_type=\"text-editor.default\">\n\t\t\t\t<div class=\"elementor-widget-container\">\n\t\t\t\t\t\t\t\t\t<h4 style=\"text-align: center;\"><strong>EN PERSONA<\/strong><\/h3>\nPots realitzar aquesta comunicaci\u00f3 personalment a les nostres instal\u00b7lacions situades a <a href=\"https:\/\/maps.app.goo.gl\/zm55QBPHmiVXmmNQ6\">Carretera de Navarcles, 107, Pol. Ind. Santa Anna I, 08251, Santpedor, Barcelona<\/a>. En aquest cas, haur\u00e0s de demanar parlar amb el Responsable del Sistema d&#8217;Informaci\u00f3 Interna per fer la comunicaci\u00f3 correctament.\t\t\t\t\t\t\t\t<\/div>\n\t\t\t\t<\/div>\n\t\t\t\t<\/div>\n\t\t<div class=\"elementor-element elementor-element-9d8a7fd e-con-full e-flex e-con e-child\" data-id=\"9d8a7fd\" data-element_type=\"container\" data-e-type=\"container\">\n\t\t\t\t<div class=\"elementor-element elementor-element-630f7f0 elementor-widget elementor-widget-text-editor\" data-id=\"630f7f0\" data-element_type=\"widget\" data-e-type=\"widget\" data-widget_type=\"text-editor.default\">\n\t\t\t\t<div class=\"elementor-widget-container\">\n\t\t\t\t\t\t\t\t\t<h4 style=\"text-align: center;\"><strong>COMUNICACI\u00d3 TELEF\u00d2NICA<\/strong><\/h4><p>Finalment, tamb\u00e9 et pots comunicar per tel\u00e8fon, trucant al <span data-olk-copy-source=\"MessageBody\"><a href=\"tel:938272720\">938 272 720<\/a><\/span> i preguntant pel Responsable del Sistema d&#8217;Informaci\u00f3 Interna. Tamb\u00e9 t&#8217;informem que aquesta comunicaci\u00f3 es pot fer de forma an\u00f2nima, si ho consideres oport\u00fa. <\/p>\t\t\t\t\t\t\t\t<\/div>\n\t\t\t\t<\/div>\n\t\t\t\t<\/div>\n\t\t\t\t\t<\/div>\n\t\t\t\t<\/div>\n\t\t\t\t<\/div>\n\t\t","protected":false},"excerpt":{"rendered":"<p>Canal i codi \u00e8tic AVINENT GROUP, a trav\u00e9s del seu codi \u00e8tic, declara p\u00fablicament els seus valors i normes de comportament per a tot el personal i tamb\u00e9 per a la seva relaci\u00f3 amb tercers. Pots consultar-ho fent clic aqu\u00ed. AVINENT GROUP est\u00e0 fermament comprom\u00e8s amb el compliment de les lleis aplicables i altres normatives [&hellip;]<\/p>\n","protected":false},"author":3,"featured_media":0,"parent":0,"menu_order":0,"comment_status":"closed","ping_status":"closed","template":"elementor_header_footer","meta":{"_acf_changed":false,"inline_featured_image":false,"footnotes":""},"class_list":["post-4670","page","type-page","status-publish","hentry"],"acf":[],"yoast_head":"<!-- This site is optimized with the Yoast SEO plugin v27.6 - https:\/\/yoast.com\/product\/yoast-seo-wordpress\/ -->\n<title>Canal i codi \u00e8tic - Vilardell Purt\u00ed<\/title>\n<meta name=\"description\" content=\"Canal i codi \u00e8tic AVINENT GROUP, a trav\u00e9s del seu codi \u00e8tic, declara p\u00fablicament els seus valors i normes de comportament per a tot el personal i tamb\u00e9\" \/>\n<meta name=\"robots\" content=\"noindex, nofollow\" \/>\n<meta property=\"og:locale\" content=\"ca_ES\" \/>\n<meta property=\"og:type\" content=\"article\" \/>\n<meta property=\"og:title\" content=\"Canal i codi \u00e8tic - Vilardell Purt\u00ed\" \/>\n<meta property=\"og:description\" content=\"Canal i codi \u00e8tic AVINENT GROUP, a trav\u00e9s del seu codi \u00e8tic, declara p\u00fablicament els seus valors i normes de comportament per a tot el personal i tamb\u00e9\" \/>\n<meta property=\"og:url\" content=\"https:\/\/vilardellpurti.com\/channel-and-code-of-ethics\/\" \/>\n<meta property=\"og:site_name\" content=\"Vilardell Purt\u00ed\" \/>\n<meta property=\"article:modified_time\" content=\"2025-12-16T14:33:26+00:00\" \/>\n<meta name=\"twitter:card\" content=\"summary_large_image\" \/>\n<meta name=\"twitter:label1\" content=\"Temps estimat de lectura\" \/>\n\t<meta name=\"twitter:data1\" content=\"2 minuts\" \/>\n<script type=\"application\/ld+json\" class=\"yoast-schema-graph\">{\"@context\":\"https:\\\/\\\/schema.org\",\"@graph\":[{\"@type\":\"WebPage\",\"@id\":\"https:\\\/\\\/vilardellpurti.com\\\/channel-and-code-of-ethics\\\/\",\"url\":\"https:\\\/\\\/vilardellpurti.com\\\/channel-and-code-of-ethics\\\/\",\"name\":\"Canal i codi \u00e8tic - Vilardell Purt\u00ed\",\"isPartOf\":{\"@id\":\"https:\\\/\\\/vilardellpurti.com\\\/#website\"},\"datePublished\":\"2025-11-03T10:18:26+00:00\",\"dateModified\":\"2025-12-16T14:33:26+00:00\",\"description\":\"Canal i codi \u00e8tic AVINENT GROUP, a trav\u00e9s del seu codi \u00e8tic, declara p\u00fablicament els seus valors i normes de comportament per a tot el personal i tamb\u00e9\",\"breadcrumb\":{\"@id\":\"https:\\\/\\\/vilardellpurti.com\\\/channel-and-code-of-ethics\\\/#breadcrumb\"},\"inLanguage\":\"ca\",\"potentialAction\":[{\"@type\":\"ReadAction\",\"target\":[\"https:\\\/\\\/vilardellpurti.com\\\/channel-and-code-of-ethics\\\/\"]}]},{\"@type\":\"BreadcrumbList\",\"@id\":\"https:\\\/\\\/vilardellpurti.com\\\/channel-and-code-of-ethics\\\/#breadcrumb\",\"itemListElement\":[{\"@type\":\"ListItem\",\"position\":1,\"name\":\"Portada\",\"item\":\"https:\\\/\\\/vilardellpurti.com\\\/ca\\\/home\\\/\"},{\"@type\":\"ListItem\",\"position\":2,\"name\":\"Canal i codi \u00e8tic\"}]},{\"@type\":\"WebSite\",\"@id\":\"https:\\\/\\\/vilardellpurti.com\\\/#website\",\"url\":\"https:\\\/\\\/vilardellpurti.com\\\/\",\"name\":\"Vilardell Purt\u00ed\",\"description\":\"Grupo industrial especializado\",\"publisher\":{\"@id\":\"https:\\\/\\\/vilardellpurti.com\\\/#organization\"},\"potentialAction\":[{\"@type\":\"SearchAction\",\"target\":{\"@type\":\"EntryPoint\",\"urlTemplate\":\"https:\\\/\\\/vilardellpurti.com\\\/?s={search_term_string}\"},\"query-input\":{\"@type\":\"PropertyValueSpecification\",\"valueRequired\":true,\"valueName\":\"search_term_string\"}}],\"inLanguage\":\"ca\"},{\"@type\":\"Organization\",\"@id\":\"https:\\\/\\\/vilardellpurti.com\\\/#organization\",\"name\":\"Vilardell Purt\u00ed\",\"url\":\"https:\\\/\\\/vilardellpurti.com\\\/\",\"logo\":{\"@type\":\"ImageObject\",\"inLanguage\":\"ca\",\"@id\":\"https:\\\/\\\/vilardellpurti.com\\\/#\\\/schema\\\/logo\\\/image\\\/\",\"url\":\"https:\\\/\\\/vilardellpurti.com\\\/wp-content\\\/uploads\\\/2025\\\/04\\\/vilardell-purti-logo.svg\",\"contentUrl\":\"https:\\\/\\\/vilardellpurti.com\\\/wp-content\\\/uploads\\\/2025\\\/04\\\/vilardell-purti-logo.svg\",\"width\":231,\"height\":49,\"caption\":\"Vilardell Purt\u00ed\"},\"image\":{\"@id\":\"https:\\\/\\\/vilardellpurti.com\\\/#\\\/schema\\\/logo\\\/image\\\/\"}}]}<\/script>\n<!-- \/ Yoast SEO plugin. -->","yoast_head_json":{"title":"Canal i codi \u00e8tic - Vilardell Purt\u00ed","description":"Canal i codi \u00e8tic AVINENT GROUP, a trav\u00e9s del seu codi \u00e8tic, declara p\u00fablicament els seus valors i normes de comportament per a tot el personal i tamb\u00e9","robots":{"index":"noindex","follow":"nofollow"},"og_locale":"ca_ES","og_type":"article","og_title":"Canal i codi \u00e8tic - Vilardell Purt\u00ed","og_description":"Canal i codi \u00e8tic AVINENT GROUP, a trav\u00e9s del seu codi \u00e8tic, declara p\u00fablicament els seus valors i normes de comportament per a tot el personal i tamb\u00e9","og_url":"https:\/\/vilardellpurti.com\/channel-and-code-of-ethics\/","og_site_name":"Vilardell Purt\u00ed","article_modified_time":"2025-12-16T14:33:26+00:00","twitter_card":"summary_large_image","twitter_misc":{"Temps estimat de lectura":"2 minuts"},"schema":{"@context":"https:\/\/schema.org","@graph":[{"@type":"WebPage","@id":"https:\/\/vilardellpurti.com\/channel-and-code-of-ethics\/","url":"https:\/\/vilardellpurti.com\/channel-and-code-of-ethics\/","name":"Canal i codi \u00e8tic - Vilardell Purt\u00ed","isPartOf":{"@id":"https:\/\/vilardellpurti.com\/#website"},"datePublished":"2025-11-03T10:18:26+00:00","dateModified":"2025-12-16T14:33:26+00:00","description":"Canal i codi \u00e8tic AVINENT GROUP, a trav\u00e9s del seu codi \u00e8tic, declara p\u00fablicament els seus valors i normes de comportament per a tot el personal i tamb\u00e9","breadcrumb":{"@id":"https:\/\/vilardellpurti.com\/channel-and-code-of-ethics\/#breadcrumb"},"inLanguage":"ca","potentialAction":[{"@type":"ReadAction","target":["https:\/\/vilardellpurti.com\/channel-and-code-of-ethics\/"]}]},{"@type":"BreadcrumbList","@id":"https:\/\/vilardellpurti.com\/channel-and-code-of-ethics\/#breadcrumb","itemListElement":[{"@type":"ListItem","position":1,"name":"Portada","item":"https:\/\/vilardellpurti.com\/ca\/home\/"},{"@type":"ListItem","position":2,"name":"Canal i codi \u00e8tic"}]},{"@type":"WebSite","@id":"https:\/\/vilardellpurti.com\/#website","url":"https:\/\/vilardellpurti.com\/","name":"Vilardell Purt\u00ed","description":"Grupo industrial especializado","publisher":{"@id":"https:\/\/vilardellpurti.com\/#organization"},"potentialAction":[{"@type":"SearchAction","target":{"@type":"EntryPoint","urlTemplate":"https:\/\/vilardellpurti.com\/?s={search_term_string}"},"query-input":{"@type":"PropertyValueSpecification","valueRequired":true,"valueName":"search_term_string"}}],"inLanguage":"ca"},{"@type":"Organization","@id":"https:\/\/vilardellpurti.com\/#organization","name":"Vilardell Purt\u00ed","url":"https:\/\/vilardellpurti.com\/","logo":{"@type":"ImageObject","inLanguage":"ca","@id":"https:\/\/vilardellpurti.com\/#\/schema\/logo\/image\/","url":"https:\/\/vilardellpurti.com\/wp-content\/uploads\/2025\/04\/vilardell-purti-logo.svg","contentUrl":"https:\/\/vilardellpurti.com\/wp-content\/uploads\/2025\/04\/vilardell-purti-logo.svg","width":231,"height":49,"caption":"Vilardell Purt\u00ed"},"image":{"@id":"https:\/\/vilardellpurti.com\/#\/schema\/logo\/image\/"}}]}},"_links":{"self":[{"href":"https:\/\/vilardellpurti.com\/ca\/wp-json\/wp\/v2\/pages\/4670","targetHints":{"allow":["GET"]}}],"collection":[{"href":"https:\/\/vilardellpurti.com\/ca\/wp-json\/wp\/v2\/pages"}],"about":[{"href":"https:\/\/vilardellpurti.com\/ca\/wp-json\/wp\/v2\/types\/page"}],"author":[{"embeddable":true,"href":"https:\/\/vilardellpurti.com\/ca\/wp-json\/wp\/v2\/users\/3"}],"replies":[{"embeddable":true,"href":"https:\/\/vilardellpurti.com\/ca\/wp-json\/wp\/v2\/comments?post=4670"}],"version-history":[{"count":4,"href":"https:\/\/vilardellpurti.com\/ca\/wp-json\/wp\/v2\/pages\/4670\/revisions"}],"predecessor-version":[{"id":4780,"href":"https:\/\/vilardellpurti.com\/ca\/wp-json\/wp\/v2\/pages\/4670\/revisions\/4780"}],"wp:attachment":[{"href":"https:\/\/vilardellpurti.com\/ca\/wp-json\/wp\/v2\/media?parent=4670"}],"curies":[{"name":"wp","href":"https:\/\/api.w.org\/{rel}","templated":true}]}}