{"id":4666,"date":"2021-10-18T07:29:35","date_gmt":"2021-10-18T05:29:35","guid":{"rendered":"https:\/\/vilardellpurti.com\/politica-de-cookies\/"},"modified":"2025-12-15T15:31:08","modified_gmt":"2025-12-15T14:31:08","slug":"politica-de-cookies","status":"publish","type":"page","link":"https:\/\/vilardellpurti.com\/ca\/politica-de-cookies\/","title":{"rendered":"Pol\u00edtica de cookies"},"content":{"rendered":"\t\t<div data-elementor-type=\"wp-page\" data-elementor-id=\"4666\" class=\"elementor elementor-4666 elementor-99\" data-elementor-post-type=\"page\">\n\t\t\t\t<div class=\"elementor-element elementor-element-98c8198 e-flex e-con-boxed e-con e-parent\" data-id=\"98c8198\" data-element_type=\"container\" data-e-type=\"container\">\n\t\t\t\t\t<div class=\"e-con-inner\">\n\t\t\t\t<div class=\"elementor-element elementor-element-f164451 elementor-widget elementor-widget-heading\" data-id=\"f164451\" data-element_type=\"widget\" data-e-type=\"widget\" data-widget_type=\"heading.default\">\n\t\t\t\t<div class=\"elementor-widget-container\">\n\t\t\t\t\t<h1 class=\"elementor-heading-title elementor-size-default\"><b>Pol\u00edtica de cookies<\/b><\/h1>\t\t\t\t<\/div>\n\t\t\t\t<\/div>\n\t\t\t\t<div class=\"elementor-element elementor-element-631428a elementor-widget elementor-widget-spacer\" data-id=\"631428a\" data-element_type=\"widget\" data-e-type=\"widget\" data-widget_type=\"spacer.default\">\n\t\t\t\t<div class=\"elementor-widget-container\">\n\t\t\t\t\t\t\t<div class=\"elementor-spacer\">\n\t\t\t<div class=\"elementor-spacer-inner\"><\/div>\n\t\t<\/div>\n\t\t\t\t\t\t<\/div>\n\t\t\t\t<\/div>\n\t\t\t\t<div class=\"elementor-element elementor-element-94459ff elementor-widget elementor-widget-text-editor\" data-id=\"94459ff\" data-element_type=\"widget\" data-e-type=\"widget\" data-widget_type=\"text-editor.default\">\n\t\t\t\t<div class=\"elementor-widget-container\">\n\t\t\t\t\t\t\t\t\t<p>El nostre lloc web, vilardellpurti.com, utilitza cookies que emmagatzemen i recuperen informaci\u00f3 quan navegueu.<\/p><p>Una cookie \u00e9s un fitxer que es descarrega al vostre ordinador, tel\u00e8fon m\u00f2bil, tauleta, etc. quan accedeix a determinats llocs web. En general, les cookies es poden utilitzar per a una varietat de finalitats, com ara recon\u00e8ixer-vos com a usuari, obtenir informaci\u00f3 sobre els vostres h\u00e0bits de navegaci\u00f3 o personalitzar la manera com es mostra el contingut. <\/p><p>Les cookies s\u00f3n essencials per al funcionament d&#8217;Internet, proporcionant innombrables avantatges en la prestaci\u00f3 de serveis interactius, facilitant la vostra navegaci\u00f3 i la usabilitat del nostre lloc web.<\/p><p>Quan visiteu el nostre lloc web per primera vegada, us mostrarem una finestra emergent amb una explicaci\u00f3 sobre les cookies. Tan bon punt feu clic a &#8220;Desa prefer\u00e8ncies&#8221;, accepteu el nostre \u00fas de les categories de cookies que heu seleccionat a la finestra emergent, tal com es descriu en aquesta pol\u00edtica de cookies. Podeu desactivar l&#8217;\u00fas de cookies a trav\u00e9s del vostre navegador, per\u00f2 tingueu en compte que el nostre lloc web pot deixar de funcionar correctament.  <\/p><h4><strong>TIPUS DE COOKIES<\/strong><\/h4><h6><b>COOKIES T\u00c8CNIQUES O FUNCIONALS<\/b><\/h6><p>Aquestes s\u00f3n cookies que permeten a l&#8217;usuari navegar per un lloc web, plataforma o aplicaci\u00f3 i utilitzar les diverses opcions o serveis que hi ha disponibles, incloent-hi<\/p><p>aquelles que garanteixen que certes parts del lloc web funcionin correctament i que es recordin les prefer\u00e8ncies de l&#8217;usuari. En col\u00b7locar cookies funcionals, us facilitem la visita al nostre lloc web. No cal consentiment per a l&#8217;\u00fas de cookies t\u00e8cniques o funcionals.  <\/p><p> <\/p><h6><b>COOKIES ESTAD\u00cdSTIQUES<\/b><\/h6><p>Utilitzem cookies estad\u00edstiques per optimitzar l&#8217;experi\u00e8ncia del lloc web per als nostres usuaris. Aquestes cookies estad\u00edstiques ens proporcionen informaci\u00f3 sobre l&#8217;\u00fas del nostre lloc web. Us demanem perm\u00eds per col\u00b7locar cookies estad\u00edstiques.  <\/p><p> <\/p><h6><b>COOKIES DE SESSI\u00d3<\/b><\/h6><p>Aquestes cookies permeten que els usuaris siguin reconeguts en un lloc web de manera que qualsevol canvi que feu, elements que seleccioneu o dades que introdu\u00efu es recordin d&#8217;una p\u00e0gina a una altra.<\/p><p><b style=\"font-weight: bold;\"> <\/b><\/p><h4><b style=\"font-weight: bold;\">COOKIES DE M\u00c0RQUETING\/SEGUIMENT<\/b><\/h4><p>Les cookies de m\u00e0rqueting\/seguiment s\u00f3n cookies, o qualsevol altra forma d&#8217;emmagatzematge local, que s&#8217;utilitzen per crear perfils d&#8217;usuari per mostrar publicitat o per rastrejar l&#8217;usuari en aquest lloc web o en diversos llocs web amb finalitats de m\u00e0rqueting similars.<\/p><p> <\/p><h4><b>COOKIES DE VILARDELL PURTI S.A.U.<\/b><\/h4><p>De conformitat amb el que estableix l&#8217;article 22.2 de la Llei 34\/2002, d&#8217;11 de juliol, de Serveis de la Societat de la Informaci\u00f3 i del Comer\u00e7 Electr\u00f2nic (LSSI-CE), VILARDELL PURTI SA l&#8217;informa de les cookies que utilitza al nostre lloc web:<\/p><table><tbody><tr><td colspan=\"6\" width=\"566\"><strong>TIPUS DE COOKIES<\/strong><\/td><\/tr><tr> <td colspan=\"2\" width=\"189\"><\/td><td width=\"94\">Cookies pr\u00f2piesC<\/td><td width=\"94\">ookies de tercersC<\/td><td width=\"94\">ookies de sessi\u00f3C<\/td><td width=\"94\">ookies persistents<\/td><\/tr><tr><td rowspan=\"4\" width=\"94\">PROP\u00d2SIT<\/td><td width=\"94\">Cookies t\u00e8cniques<\/td><td width=\"94\">X<\/td><td width=\"94\">&#8211;<\/td><td width=\"94\">X<\/td><td width=\"94\">&#8211;<\/td><\/tr><tr><td width=\"94\">Personalizaci\u00f3 cookies<\/td><td width=\"94\">X<\/td><td width=\"94\">&#8211;<\/td><td width=\"94\">X<\/td><td width=\"94\">&#8211;<\/td><\/tr><tr><td width=\"94\">Cookies estad\u00edstiques<\/td><td width=\"94\">&#8211;<\/td><td width=\"94\">X<\/td><td width=\"94\">&#8211;<\/td><td width=\"94\">X<\/td><\/tr><tr><td width=\"94\">Cookies publicit\u00e0ries<\/td><td width=\"94\">&#8211;<\/td><td width=\"94\">&#8211;<\/td><td width=\"94\">&#8211;<\/td><td width=\"94\">&#8211;<\/td><\/tr><\/tbody><\/table><p> <\/p><h4><b>ACTIVACI\u00d3\/DESACTIVACI\u00d3 I ELIMINACI\u00d3 DE COOKIES<\/b><\/h4><p>Pots utilitzar el teu navegador d&#8217;internet per eliminar les cookies autom\u00e0ticament o manualment. Tamb\u00e9 pots optar per impedir que s&#8217;instal\u00b7lin determinades cookies.<br>Aqu\u00ed teniu els enlla\u00e7os a diversos navegadors on podeu configurar aquests par\u00e0metres: <\/p><ul><li>Firefox des d&#8217;aqu\u00ed: <a href=\"http:\/\/support.mozilla.org\/es\/kb\/habilitar-y-deshabilitar-cookies-que-los-sitios-we\">http:\/\/support.mozilla.org\/es\/kb\/habilitar-y-deshabilitar-cookies-que-los-sitios-we<\/a><\/li><li>Chrome des d&#8217;aqu\u00ed: <a href=\"http:\/\/support.google.com\/chrome\/bin\/answer.py?hl=es&amp;answer=95647\">http:\/\/support.google.com\/chrome\/bin\/answer.py?hl=es&amp;answer=95647<\/a><\/li><li>Explorer des d&#8217;aqu\u00ed: <a href=\"http:\/\/windows.microsoft.com\/es-es\/internet-explorer\/delete-manage-cookies#ie=ie-10\">http:\/\/windows.microsoft.com\/es-es\/internet-explorer\/delete-manage-cookies#ie=ie-10<\/a><\/li><li>Safari des d&#8217;aqu\u00ed: <a href=\"https:\/\/support.apple.com\/kb\/ph17191?locale=es_ES\">https:\/\/support.apple.com\/kb\/ph17191?locale=es_ES<\/a><\/li><li>Opera des d&#8217;aqu\u00ed: <a href=\"http:\/\/help.opera.com\/Windows\/11.50\/es-ES\/cookies.html\">http:\/\/help.opera.com\/Windows\/11.50\/es-ES\/cookies.html<\/a><\/li><\/ul>\t\t\t\t\t\t\t\t<\/div>\n\t\t\t\t<\/div>\n\t\t\t\t\t<\/div>\n\t\t\t\t<\/div>\n\t\t\t\t<\/div>\n\t\t","protected":false},"excerpt":{"rendered":"<p>Pol\u00edtica de cookies El nostre lloc web, vilardellpurti.com, utilitza cookies que emmagatzemen i recuperen informaci\u00f3 quan navegueu. Una cookie \u00e9s un fitxer que es descarrega al vostre ordinador, tel\u00e8fon m\u00f2bil, tauleta, etc. quan accedeix a determinats llocs web. En general, les cookies es poden utilitzar per a una varietat de finalitats, com ara recon\u00e8ixer-vos com [&hellip;]<\/p>\n","protected":false},"author":2,"featured_media":0,"parent":0,"menu_order":0,"comment_status":"closed","ping_status":"closed","template":"","meta":{"_acf_changed":false,"inline_featured_image":false,"footnotes":""},"class_list":["post-4666","page","type-page","status-publish","hentry"],"acf":[],"yoast_head":"<!-- This site is optimized with the Yoast SEO plugin v27.6 - https:\/\/yoast.com\/product\/yoast-seo-wordpress\/ -->\n<title>Pol\u00edtica de cookies - Vilardell Purt\u00ed<\/title>\n<meta name=\"description\" content=\"Pol\u00edtica de cookies El nostre lloc web, vilardellpurti.com, utilitza cookies que emmagatzemen i recuperen informaci\u00f3 quan navegueu.Una cookie \u00e9s un fitxer \u2713\" \/>\n<meta name=\"robots\" content=\"noindex, nofollow\" \/>\n<meta property=\"og:locale\" content=\"ca_ES\" \/>\n<meta property=\"og:type\" content=\"article\" \/>\n<meta property=\"og:title\" content=\"Pol\u00edtica de cookies - Vilardell Purt\u00ed\" \/>\n<meta property=\"og:description\" content=\"Pol\u00edtica de cookies El nostre lloc web, vilardellpurti.com, utilitza cookies que emmagatzemen i recuperen informaci\u00f3 quan navegueu.Una cookie \u00e9s un fitxer \u2713\" \/>\n<meta property=\"og:url\" content=\"https:\/\/vilardellpurti.com\/ca\/politica-de-cookies\/\" \/>\n<meta property=\"og:site_name\" content=\"Vilardell Purt\u00ed\" \/>\n<meta property=\"article:modified_time\" content=\"2025-12-15T14:31:08+00:00\" \/>\n<meta name=\"twitter:card\" content=\"summary_large_image\" \/>\n<meta name=\"twitter:label1\" content=\"Temps estimat de lectura\" \/>\n\t<meta name=\"twitter:data1\" content=\"3 minuts\" \/>\n<script type=\"application\/ld+json\" class=\"yoast-schema-graph\">{\"@context\":\"https:\\\/\\\/schema.org\",\"@graph\":[{\"@type\":\"WebPage\",\"@id\":\"https:\\\/\\\/vilardellpurti.com\\\/ca\\\/politica-de-cookies\\\/\",\"url\":\"https:\\\/\\\/vilardellpurti.com\\\/ca\\\/politica-de-cookies\\\/\",\"name\":\"Pol\u00edtica de cookies - Vilardell Purt\u00ed\",\"isPartOf\":{\"@id\":\"https:\\\/\\\/vilardellpurti.com\\\/#website\"},\"datePublished\":\"2021-10-18T05:29:35+00:00\",\"dateModified\":\"2025-12-15T14:31:08+00:00\",\"description\":\"Pol\u00edtica de cookies El nostre lloc web, vilardellpurti.com, utilitza cookies que emmagatzemen i recuperen informaci\u00f3 quan navegueu.Una cookie \u00e9s un fitxer \u2713\",\"breadcrumb\":{\"@id\":\"https:\\\/\\\/vilardellpurti.com\\\/ca\\\/politica-de-cookies\\\/#breadcrumb\"},\"inLanguage\":\"ca\",\"potentialAction\":[{\"@type\":\"ReadAction\",\"target\":[\"https:\\\/\\\/vilardellpurti.com\\\/ca\\\/politica-de-cookies\\\/\"]}]},{\"@type\":\"BreadcrumbList\",\"@id\":\"https:\\\/\\\/vilardellpurti.com\\\/ca\\\/politica-de-cookies\\\/#breadcrumb\",\"itemListElement\":[{\"@type\":\"ListItem\",\"position\":1,\"name\":\"Portada\",\"item\":\"https:\\\/\\\/vilardellpurti.com\\\/ca\\\/home\\\/\"},{\"@type\":\"ListItem\",\"position\":2,\"name\":\"Pol\u00edtica de cookies\"}]},{\"@type\":\"WebSite\",\"@id\":\"https:\\\/\\\/vilardellpurti.com\\\/#website\",\"url\":\"https:\\\/\\\/vilardellpurti.com\\\/\",\"name\":\"Vilardell Purt\u00ed\",\"description\":\"Grupo industrial especializado\",\"publisher\":{\"@id\":\"https:\\\/\\\/vilardellpurti.com\\\/#organization\"},\"potentialAction\":[{\"@type\":\"SearchAction\",\"target\":{\"@type\":\"EntryPoint\",\"urlTemplate\":\"https:\\\/\\\/vilardellpurti.com\\\/?s={search_term_string}\"},\"query-input\":{\"@type\":\"PropertyValueSpecification\",\"valueRequired\":true,\"valueName\":\"search_term_string\"}}],\"inLanguage\":\"ca\"},{\"@type\":\"Organization\",\"@id\":\"https:\\\/\\\/vilardellpurti.com\\\/#organization\",\"name\":\"Vilardell Purt\u00ed\",\"url\":\"https:\\\/\\\/vilardellpurti.com\\\/\",\"logo\":{\"@type\":\"ImageObject\",\"inLanguage\":\"ca\",\"@id\":\"https:\\\/\\\/vilardellpurti.com\\\/#\\\/schema\\\/logo\\\/image\\\/\",\"url\":\"https:\\\/\\\/vilardellpurti.com\\\/wp-content\\\/uploads\\\/2025\\\/04\\\/vilardell-purti-logo.svg\",\"contentUrl\":\"https:\\\/\\\/vilardellpurti.com\\\/wp-content\\\/uploads\\\/2025\\\/04\\\/vilardell-purti-logo.svg\",\"width\":231,\"height\":49,\"caption\":\"Vilardell Purt\u00ed\"},\"image\":{\"@id\":\"https:\\\/\\\/vilardellpurti.com\\\/#\\\/schema\\\/logo\\\/image\\\/\"}}]}<\/script>\n<!-- \/ Yoast SEO plugin. -->","yoast_head_json":{"title":"Pol\u00edtica de cookies - Vilardell Purt\u00ed","description":"Pol\u00edtica de cookies El nostre lloc web, vilardellpurti.com, utilitza cookies que emmagatzemen i recuperen informaci\u00f3 quan navegueu.Una cookie \u00e9s un fitxer \u2713","robots":{"index":"noindex","follow":"nofollow"},"og_locale":"ca_ES","og_type":"article","og_title":"Pol\u00edtica de cookies - Vilardell Purt\u00ed","og_description":"Pol\u00edtica de cookies El nostre lloc web, vilardellpurti.com, utilitza cookies que emmagatzemen i recuperen informaci\u00f3 quan navegueu.Una cookie \u00e9s un fitxer \u2713","og_url":"https:\/\/vilardellpurti.com\/ca\/politica-de-cookies\/","og_site_name":"Vilardell Purt\u00ed","article_modified_time":"2025-12-15T14:31:08+00:00","twitter_card":"summary_large_image","twitter_misc":{"Temps estimat de lectura":"3 minuts"},"schema":{"@context":"https:\/\/schema.org","@graph":[{"@type":"WebPage","@id":"https:\/\/vilardellpurti.com\/ca\/politica-de-cookies\/","url":"https:\/\/vilardellpurti.com\/ca\/politica-de-cookies\/","name":"Pol\u00edtica de cookies - Vilardell Purt\u00ed","isPartOf":{"@id":"https:\/\/vilardellpurti.com\/#website"},"datePublished":"2021-10-18T05:29:35+00:00","dateModified":"2025-12-15T14:31:08+00:00","description":"Pol\u00edtica de cookies El nostre lloc web, vilardellpurti.com, utilitza cookies que emmagatzemen i recuperen informaci\u00f3 quan navegueu.Una cookie \u00e9s un fitxer \u2713","breadcrumb":{"@id":"https:\/\/vilardellpurti.com\/ca\/politica-de-cookies\/#breadcrumb"},"inLanguage":"ca","potentialAction":[{"@type":"ReadAction","target":["https:\/\/vilardellpurti.com\/ca\/politica-de-cookies\/"]}]},{"@type":"BreadcrumbList","@id":"https:\/\/vilardellpurti.com\/ca\/politica-de-cookies\/#breadcrumb","itemListElement":[{"@type":"ListItem","position":1,"name":"Portada","item":"https:\/\/vilardellpurti.com\/ca\/home\/"},{"@type":"ListItem","position":2,"name":"Pol\u00edtica de cookies"}]},{"@type":"WebSite","@id":"https:\/\/vilardellpurti.com\/#website","url":"https:\/\/vilardellpurti.com\/","name":"Vilardell Purt\u00ed","description":"Grupo industrial especializado","publisher":{"@id":"https:\/\/vilardellpurti.com\/#organization"},"potentialAction":[{"@type":"SearchAction","target":{"@type":"EntryPoint","urlTemplate":"https:\/\/vilardellpurti.com\/?s={search_term_string}"},"query-input":{"@type":"PropertyValueSpecification","valueRequired":true,"valueName":"search_term_string"}}],"inLanguage":"ca"},{"@type":"Organization","@id":"https:\/\/vilardellpurti.com\/#organization","name":"Vilardell Purt\u00ed","url":"https:\/\/vilardellpurti.com\/","logo":{"@type":"ImageObject","inLanguage":"ca","@id":"https:\/\/vilardellpurti.com\/#\/schema\/logo\/image\/","url":"https:\/\/vilardellpurti.com\/wp-content\/uploads\/2025\/04\/vilardell-purti-logo.svg","contentUrl":"https:\/\/vilardellpurti.com\/wp-content\/uploads\/2025\/04\/vilardell-purti-logo.svg","width":231,"height":49,"caption":"Vilardell Purt\u00ed"},"image":{"@id":"https:\/\/vilardellpurti.com\/#\/schema\/logo\/image\/"}}]}},"_links":{"self":[{"href":"https:\/\/vilardellpurti.com\/ca\/wp-json\/wp\/v2\/pages\/4666","targetHints":{"allow":["GET"]}}],"collection":[{"href":"https:\/\/vilardellpurti.com\/ca\/wp-json\/wp\/v2\/pages"}],"about":[{"href":"https:\/\/vilardellpurti.com\/ca\/wp-json\/wp\/v2\/types\/page"}],"author":[{"embeddable":true,"href":"https:\/\/vilardellpurti.com\/ca\/wp-json\/wp\/v2\/users\/2"}],"replies":[{"embeddable":true,"href":"https:\/\/vilardellpurti.com\/ca\/wp-json\/wp\/v2\/comments?post=4666"}],"version-history":[{"count":1,"href":"https:\/\/vilardellpurti.com\/ca\/wp-json\/wp\/v2\/pages\/4666\/revisions"}],"predecessor-version":[{"id":4667,"href":"https:\/\/vilardellpurti.com\/ca\/wp-json\/wp\/v2\/pages\/4666\/revisions\/4667"}],"wp:attachment":[{"href":"https:\/\/vilardellpurti.com\/ca\/wp-json\/wp\/v2\/media?parent=4666"}],"curies":[{"name":"wp","href":"https:\/\/api.w.org\/{rel}","templated":true}]}}