{"id":4662,"date":"2021-10-14T15:46:36","date_gmt":"2021-10-14T13:46:36","guid":{"rendered":"https:\/\/vilardellpurti.com\/politica-de-privacitat\/"},"modified":"2025-12-15T09:49:58","modified_gmt":"2025-12-15T08:49:58","slug":"politica-de-privacitat","status":"publish","type":"page","link":"https:\/\/vilardellpurti.com\/ca\/politica-de-privacitat\/","title":{"rendered":"Pol\u00edtica de privacitat"},"content":{"rendered":"\t\t<div data-elementor-type=\"wp-page\" data-elementor-id=\"4662\" class=\"elementor elementor-4662 elementor-38\" data-elementor-post-type=\"page\">\n\t\t\t\t<div class=\"elementor-element elementor-element-d459bc8 e-flex e-con-boxed e-con e-parent\" data-id=\"d459bc8\" data-element_type=\"container\" data-e-type=\"container\">\n\t\t\t\t\t<div class=\"e-con-inner\">\n\t\t\t\t<div class=\"elementor-element elementor-element-8a1b6c0 elementor-widget elementor-widget-heading\" data-id=\"8a1b6c0\" data-element_type=\"widget\" data-e-type=\"widget\" data-widget_type=\"heading.default\">\n\t\t\t\t<div class=\"elementor-widget-container\">\n\t\t\t\t\t<h1 class=\"elementor-heading-title elementor-size-default\"><b>Pol\u00edtica de privacitat<\/b><\/h1>\t\t\t\t<\/div>\n\t\t\t\t<\/div>\n\t\t\t\t<div class=\"elementor-element elementor-element-1516b77 elementor-widget elementor-widget-spacer\" data-id=\"1516b77\" data-element_type=\"widget\" data-e-type=\"widget\" data-widget_type=\"spacer.default\">\n\t\t\t\t<div class=\"elementor-widget-container\">\n\t\t\t\t\t\t\t<div class=\"elementor-spacer\">\n\t\t\t<div class=\"elementor-spacer-inner\"><\/div>\n\t\t<\/div>\n\t\t\t\t\t\t<\/div>\n\t\t\t\t<\/div>\n\t\t\t\t<div class=\"elementor-element elementor-element-ea3eb76 elementor-widget elementor-widget-text-editor\" data-id=\"ea3eb76\" data-element_type=\"widget\" data-e-type=\"widget\" data-widget_type=\"text-editor.default\">\n\t\t\t\t<div class=\"elementor-widget-container\">\n\t\t\t\t\t\t\t\t\t<p>D&#8217;acord amb la normativa vigent en mat\u00e8ria de protecci\u00f3 de dades de car\u00e0cter personal, us informem que les vostres dades seran incorporades al sistema de tractament de la titularitat de<\/p><ul><li>VILARDELL PURT\u00cd, S.A.<\/li><li>Carretera de Navarcles, 107, Pol. Ind. Santa Anna I.08251 Santpedor (Barcelona).<\/li><li>F.<a href=\"tel:+34938272720\">+34 938 272 720<\/a><\/li><li>N\u00daMERO D&#8217;IDENTIFICACI\u00d3 FISCAL: ESA08283798<\/li><li>Contacte de protecci\u00f3 de dades: <a href=\"mailto:vpsa@vilardellpurti.com\">vpsa@vilardellpurti.com<\/a><\/li><\/ul><p><strong> <\/strong><\/p><p> <\/p><h4><strong>FINALITAT DEL TRACTAMENT DE DADES PERSONALS<\/strong><\/h4><p>A VILARDELL PURTI, S.A. tractem les dades que ens facilitem els nostres clients, prove\u00efdors, col\u00b7laboradors, candidats i\/o interessats amb les seg\u00fcents finalitats:<\/p><ul><li>Oferir la millor experi\u00e8ncia possible i poder complir els compromisos derivats de la nostra relaci\u00f3 comercial.<\/li><li>Mantenir la relaci\u00f3 comercial existent i complir amb les obligacions que puguin derivar-se de la mateixa i de la normativa aplicable.<\/li><li>Registra&#8217;t al nostre lloc web per posar-te en contacte amb nosaltres utilitzant les seccions &#8216;contacte&#8217; i &#8216;treballa amb nosaltres&#8217;.<\/li><li>Per respondre a les vostres consultes i proporcionar a les parts interessades informaci\u00f3 sobre els nostres productes i serveis.<\/li><li>Per enviar la informaci\u00f3 que sol\u00b7liciti i mantenir la informaci\u00f3 de qualsevol novetat que afecti als nostres productes i serveis.<\/li><\/ul><p>VILARDELL PURTI, SA us informar\u00e0 de les vostres dades conservades durant el termini estrictament necessari per complir amb el que seran establerts, respectant sempre el temps necessari per complir amb les obligacions legals.<\/p><p>Mentre no ens comuniquem el contrari, entenem que les vostres dades no han estat modificades, us comprometeu a notificar qualsevol variaci\u00f3 i tenim el vostre consentiment per utilitzar-los per a les finalitats senyalades.<\/p><p>Les dades de contacte corporatives podran ser utilitzats per a l&#8217;enviament d&#8217;informaci\u00f3 comercial sobre els nostres productes i serveis, sempre en base a l&#8217;inter\u00e8s leg\u00edtim de les nostres relacions existents i\/o al consentiment lliurement expressat per rebre aquest tipus d&#8217;informaci\u00f3, de conformitat amb el disposat en el mateix GDPR i en l&#8217;article 21.2 de la Llei 34\/2002, d&#8217;11 de juliol de la Societat d&#8217;Informaci\u00f3 de Serveis.<\/p><p> <\/p><h4><strong>LEGITIMACI\u00d3 DEL TRACTAMENT<\/strong><\/h4><p>La legitimaci\u00f3 per al tractament de les dades personals \u00e9s el consentiment otorgat de forma expl\u00edcita i lliure per a l&#8217;usuari. Los datos no se cedran a terceros salva obligaci\u00f3n legal.<\/p><h6><strong>DESTINARIS: <\/strong><\/h6><p>Els dades facilitades no seran cedits a tercers, salva obligaci\u00f3 legal. No obstant aix\u00f2, quan sigui necessari per a l&#8217;execuci\u00f3 d&#8217;una relaci\u00f3 contractual i\/o per complir les disposicions de la normativa aplicable, els dades personals podran ser comunicats a:<\/p><ul><li>Entitats banc\u00e0ries i de gesti\u00f3 de pagaments, autoritats fiscals i duaneres i altres administracions p\u00fabliques, aix\u00ed com autoritats competents en compliment de la normativa aplicable.<\/li><li>Transportistes o operadors log\u00edstics que duen a terme activitats de transport o enviament, fabricants, subcontractistes i\/o prove\u00efdors de determinats productes\/serveis administrats, en la mesura estrictament necess\u00e0ria per a l&#8217;execuci\u00f3 de la relaci\u00f3.<\/li><li>Empreses col\u00b7laboradores en el proc\u00e9s de selecci\u00f3 de personal, sobre les dades dels candidats.<\/li><\/ul><p> <\/p><p> <\/p><h4><strong>DERECHOS<\/strong><\/h4><p>D&#8217;acord amb els drets que se li confia a la normativa vigent en mat\u00e8ria de protecci\u00f3 de dades , l&#8217;usuari podr\u00e0 exercir els seus drets d&#8217;acc\u00e9s, rectificaci\u00f3, supressi\u00f3, limitaci\u00f3 del tractament, oposici\u00f3, portabilitat i oposici\u00f3 a la presa de decisions individuals automatitzades dirigint-se a VILARDELL PURT\u00cd, SA, en el seu cas, mitjan\u00e7ant l&#8217;enviament d&#8217;un correu electr\u00f2nic a <a href=\"mailto:vpsa@vilardellpurti.com\">vpsa@vilardellpurti.com<\/a> per escrit al domicili social de VILARDELL, SA. S.A. Carretera de Navarcles, 107, Pol. Ind. Santa Anna I, 08251 Santpedor (Barcelona). Tamb\u00e9 poden revocar el seu consentiment si ho han donat per a un fin espec\u00edfic i poden modificar les seves prefer\u00e8ncies en qualsevol moment.<\/p><p>Finally, we inform interested parties that they may file complaints regarding the processing of their personal data with the Spanish Data Protection Agency or in the competent courts of justice.<\/p>\t\t\t\t\t\t\t\t<\/div>\n\t\t\t\t<\/div>\n\t\t\t\t\t<\/div>\n\t\t\t\t<\/div>\n\t\t\t\t<\/div>\n\t\t","protected":false},"excerpt":{"rendered":"<p>Pol\u00edtica de privacitat D&#8217;acord amb la normativa vigent en mat\u00e8ria de protecci\u00f3 de dades de car\u00e0cter personal, us informem que les vostres dades seran incorporades al sistema de tractament de la titularitat de VILARDELL PURT\u00cd, S.A. Carretera de Navarcles, 107, Pol. Ind. Santa Anna I.08251 Santpedor (Barcelona). F.+34 938 272 720 N\u00daMERO D&#8217;IDENTIFICACI\u00d3 FISCAL: ESA08283798 [&hellip;]<\/p>\n","protected":false},"author":2,"featured_media":0,"parent":0,"menu_order":0,"comment_status":"closed","ping_status":"closed","template":"elementor_header_footer","meta":{"_acf_changed":false,"inline_featured_image":false,"footnotes":""},"class_list":["post-4662","page","type-page","status-publish","hentry"],"acf":[],"yoast_head":"<!-- This site is optimized with the Yoast SEO plugin v27.6 - https:\/\/yoast.com\/product\/yoast-seo-wordpress\/ -->\n<title>Pol\u00edtica de privacitat - Vilardell Purt\u00ed<\/title>\n<meta name=\"description\" content=\"Pol\u00edtica de privacitat D&#039;acord amb la normativa vigent en mat\u00e8ria de protecci\u00f3 de dades de car\u00e0cter personal, us informem que les vostres dades seran\" \/>\n<meta name=\"robots\" content=\"noindex, nofollow\" \/>\n<meta property=\"og:locale\" content=\"ca_ES\" \/>\n<meta property=\"og:type\" content=\"article\" \/>\n<meta property=\"og:title\" content=\"Pol\u00edtica de privacitat - Vilardell Purt\u00ed\" \/>\n<meta property=\"og:description\" content=\"Pol\u00edtica de privacitat D&#039;acord amb la normativa vigent en mat\u00e8ria de protecci\u00f3 de dades de car\u00e0cter personal, us informem que les vostres dades seran\" \/>\n<meta property=\"og:url\" content=\"https:\/\/vilardellpurti.com\/ca\/politica-de-privacitat\/\" \/>\n<meta property=\"og:site_name\" content=\"Vilardell Purt\u00ed\" \/>\n<meta property=\"article:modified_time\" content=\"2025-12-15T08:49:58+00:00\" \/>\n<meta name=\"twitter:card\" content=\"summary_large_image\" \/>\n<meta name=\"twitter:label1\" content=\"Temps estimat de lectura\" \/>\n\t<meta name=\"twitter:data1\" content=\"3 minuts\" \/>\n<script type=\"application\/ld+json\" class=\"yoast-schema-graph\">{\"@context\":\"https:\\\/\\\/schema.org\",\"@graph\":[{\"@type\":\"WebPage\",\"@id\":\"https:\\\/\\\/vilardellpurti.com\\\/ca\\\/politica-de-privacitat\\\/\",\"url\":\"https:\\\/\\\/vilardellpurti.com\\\/ca\\\/politica-de-privacitat\\\/\",\"name\":\"Pol\u00edtica de privacitat - Vilardell Purt\u00ed\",\"isPartOf\":{\"@id\":\"https:\\\/\\\/vilardellpurti.com\\\/#website\"},\"datePublished\":\"2021-10-14T13:46:36+00:00\",\"dateModified\":\"2025-12-15T08:49:58+00:00\",\"description\":\"Pol\u00edtica de privacitat D'acord amb la normativa vigent en mat\u00e8ria de protecci\u00f3 de dades de car\u00e0cter personal, us informem que les vostres dades seran\",\"breadcrumb\":{\"@id\":\"https:\\\/\\\/vilardellpurti.com\\\/ca\\\/politica-de-privacitat\\\/#breadcrumb\"},\"inLanguage\":\"ca\",\"potentialAction\":[{\"@type\":\"ReadAction\",\"target\":[\"https:\\\/\\\/vilardellpurti.com\\\/ca\\\/politica-de-privacitat\\\/\"]}]},{\"@type\":\"BreadcrumbList\",\"@id\":\"https:\\\/\\\/vilardellpurti.com\\\/ca\\\/politica-de-privacitat\\\/#breadcrumb\",\"itemListElement\":[{\"@type\":\"ListItem\",\"position\":1,\"name\":\"Portada\",\"item\":\"https:\\\/\\\/vilardellpurti.com\\\/ca\\\/home\\\/\"},{\"@type\":\"ListItem\",\"position\":2,\"name\":\"Pol\u00edtica de privacitat\"}]},{\"@type\":\"WebSite\",\"@id\":\"https:\\\/\\\/vilardellpurti.com\\\/#website\",\"url\":\"https:\\\/\\\/vilardellpurti.com\\\/\",\"name\":\"Vilardell Purt\u00ed\",\"description\":\"Grupo industrial especializado\",\"publisher\":{\"@id\":\"https:\\\/\\\/vilardellpurti.com\\\/#organization\"},\"potentialAction\":[{\"@type\":\"SearchAction\",\"target\":{\"@type\":\"EntryPoint\",\"urlTemplate\":\"https:\\\/\\\/vilardellpurti.com\\\/?s={search_term_string}\"},\"query-input\":{\"@type\":\"PropertyValueSpecification\",\"valueRequired\":true,\"valueName\":\"search_term_string\"}}],\"inLanguage\":\"ca\"},{\"@type\":\"Organization\",\"@id\":\"https:\\\/\\\/vilardellpurti.com\\\/#organization\",\"name\":\"Vilardell Purt\u00ed\",\"url\":\"https:\\\/\\\/vilardellpurti.com\\\/\",\"logo\":{\"@type\":\"ImageObject\",\"inLanguage\":\"ca\",\"@id\":\"https:\\\/\\\/vilardellpurti.com\\\/#\\\/schema\\\/logo\\\/image\\\/\",\"url\":\"https:\\\/\\\/vilardellpurti.com\\\/wp-content\\\/uploads\\\/2025\\\/04\\\/vilardell-purti-logo.svg\",\"contentUrl\":\"https:\\\/\\\/vilardellpurti.com\\\/wp-content\\\/uploads\\\/2025\\\/04\\\/vilardell-purti-logo.svg\",\"width\":231,\"height\":49,\"caption\":\"Vilardell Purt\u00ed\"},\"image\":{\"@id\":\"https:\\\/\\\/vilardellpurti.com\\\/#\\\/schema\\\/logo\\\/image\\\/\"}}]}<\/script>\n<!-- \/ Yoast SEO plugin. -->","yoast_head_json":{"title":"Pol\u00edtica de privacitat - Vilardell Purt\u00ed","description":"Pol\u00edtica de privacitat D'acord amb la normativa vigent en mat\u00e8ria de protecci\u00f3 de dades de car\u00e0cter personal, us informem que les vostres dades seran","robots":{"index":"noindex","follow":"nofollow"},"og_locale":"ca_ES","og_type":"article","og_title":"Pol\u00edtica de privacitat - Vilardell Purt\u00ed","og_description":"Pol\u00edtica de privacitat D'acord amb la normativa vigent en mat\u00e8ria de protecci\u00f3 de dades de car\u00e0cter personal, us informem que les vostres dades seran","og_url":"https:\/\/vilardellpurti.com\/ca\/politica-de-privacitat\/","og_site_name":"Vilardell Purt\u00ed","article_modified_time":"2025-12-15T08:49:58+00:00","twitter_card":"summary_large_image","twitter_misc":{"Temps estimat de lectura":"3 minuts"},"schema":{"@context":"https:\/\/schema.org","@graph":[{"@type":"WebPage","@id":"https:\/\/vilardellpurti.com\/ca\/politica-de-privacitat\/","url":"https:\/\/vilardellpurti.com\/ca\/politica-de-privacitat\/","name":"Pol\u00edtica de privacitat - Vilardell Purt\u00ed","isPartOf":{"@id":"https:\/\/vilardellpurti.com\/#website"},"datePublished":"2021-10-14T13:46:36+00:00","dateModified":"2025-12-15T08:49:58+00:00","description":"Pol\u00edtica de privacitat D'acord amb la normativa vigent en mat\u00e8ria de protecci\u00f3 de dades de car\u00e0cter personal, us informem que les vostres dades seran","breadcrumb":{"@id":"https:\/\/vilardellpurti.com\/ca\/politica-de-privacitat\/#breadcrumb"},"inLanguage":"ca","potentialAction":[{"@type":"ReadAction","target":["https:\/\/vilardellpurti.com\/ca\/politica-de-privacitat\/"]}]},{"@type":"BreadcrumbList","@id":"https:\/\/vilardellpurti.com\/ca\/politica-de-privacitat\/#breadcrumb","itemListElement":[{"@type":"ListItem","position":1,"name":"Portada","item":"https:\/\/vilardellpurti.com\/ca\/home\/"},{"@type":"ListItem","position":2,"name":"Pol\u00edtica de privacitat"}]},{"@type":"WebSite","@id":"https:\/\/vilardellpurti.com\/#website","url":"https:\/\/vilardellpurti.com\/","name":"Vilardell Purt\u00ed","description":"Grupo industrial especializado","publisher":{"@id":"https:\/\/vilardellpurti.com\/#organization"},"potentialAction":[{"@type":"SearchAction","target":{"@type":"EntryPoint","urlTemplate":"https:\/\/vilardellpurti.com\/?s={search_term_string}"},"query-input":{"@type":"PropertyValueSpecification","valueRequired":true,"valueName":"search_term_string"}}],"inLanguage":"ca"},{"@type":"Organization","@id":"https:\/\/vilardellpurti.com\/#organization","name":"Vilardell Purt\u00ed","url":"https:\/\/vilardellpurti.com\/","logo":{"@type":"ImageObject","inLanguage":"ca","@id":"https:\/\/vilardellpurti.com\/#\/schema\/logo\/image\/","url":"https:\/\/vilardellpurti.com\/wp-content\/uploads\/2025\/04\/vilardell-purti-logo.svg","contentUrl":"https:\/\/vilardellpurti.com\/wp-content\/uploads\/2025\/04\/vilardell-purti-logo.svg","width":231,"height":49,"caption":"Vilardell Purt\u00ed"},"image":{"@id":"https:\/\/vilardellpurti.com\/#\/schema\/logo\/image\/"}}]}},"_links":{"self":[{"href":"https:\/\/vilardellpurti.com\/ca\/wp-json\/wp\/v2\/pages\/4662","targetHints":{"allow":["GET"]}}],"collection":[{"href":"https:\/\/vilardellpurti.com\/ca\/wp-json\/wp\/v2\/pages"}],"about":[{"href":"https:\/\/vilardellpurti.com\/ca\/wp-json\/wp\/v2\/types\/page"}],"author":[{"embeddable":true,"href":"https:\/\/vilardellpurti.com\/ca\/wp-json\/wp\/v2\/users\/2"}],"replies":[{"embeddable":true,"href":"https:\/\/vilardellpurti.com\/ca\/wp-json\/wp\/v2\/comments?post=4662"}],"version-history":[{"count":3,"href":"https:\/\/vilardellpurti.com\/ca\/wp-json\/wp\/v2\/pages\/4662\/revisions"}],"predecessor-version":[{"id":4665,"href":"https:\/\/vilardellpurti.com\/ca\/wp-json\/wp\/v2\/pages\/4662\/revisions\/4665"}],"wp:attachment":[{"href":"https:\/\/vilardellpurti.com\/ca\/wp-json\/wp\/v2\/media?parent=4662"}],"curies":[{"name":"wp","href":"https:\/\/api.w.org\/{rel}","templated":true}]}}