{"id":4660,"date":"2021-10-16T15:24:59","date_gmt":"2021-10-16T13:24:59","guid":{"rendered":"https:\/\/vilardellpurti.com\/avis-legal\/"},"modified":"2025-12-15T09:49:34","modified_gmt":"2025-12-15T08:49:34","slug":"avis-legal","status":"publish","type":"page","link":"https:\/\/vilardellpurti.com\/ca\/avis-legal\/","title":{"rendered":"Av\u00eds legal"},"content":{"rendered":"\t\t<div data-elementor-type=\"wp-page\" data-elementor-id=\"4660\" class=\"elementor elementor-4660 elementor-57\" data-elementor-post-type=\"page\">\n\t\t\t\t<div class=\"elementor-element elementor-element-1fe9f8c e-flex e-con-boxed e-con e-parent\" data-id=\"1fe9f8c\" data-element_type=\"container\" data-e-type=\"container\">\n\t\t\t\t\t<div class=\"e-con-inner\">\n\t\t\t\t<div class=\"elementor-element elementor-element-a5ff62c elementor-widget elementor-widget-heading\" data-id=\"a5ff62c\" data-element_type=\"widget\" data-e-type=\"widget\" data-widget_type=\"heading.default\">\n\t\t\t\t<div class=\"elementor-widget-container\">\n\t\t\t\t\t<h1 class=\"elementor-heading-title elementor-size-default\"><strong>Av\u00eds legal<\/strong><\/h1>\t\t\t\t<\/div>\n\t\t\t\t<\/div>\n\t\t\t\t<div class=\"elementor-element elementor-element-3456f9a elementor-widget elementor-widget-spacer\" data-id=\"3456f9a\" data-element_type=\"widget\" data-e-type=\"widget\" data-widget_type=\"spacer.default\">\n\t\t\t\t<div class=\"elementor-widget-container\">\n\t\t\t\t\t\t\t<div class=\"elementor-spacer\">\n\t\t\t<div class=\"elementor-spacer-inner\"><\/div>\n\t\t<\/div>\n\t\t\t\t\t\t<\/div>\n\t\t\t\t<\/div>\n\t\t\t\t<div class=\"elementor-element elementor-element-1cd37e0 elementor-widget elementor-widget-text-editor\" data-id=\"1cd37e0\" data-element_type=\"widget\" data-e-type=\"widget\" data-widget_type=\"text-editor.default\">\n\t\t\t\t<div class=\"elementor-widget-container\">\n\t\t\t\t\t\t\t\t\t<h4><strong>CONDICIONS D&#8217;\u00daS<\/strong><\/h4><p>En compliment de la Llei 34\/2002, d&#8217;11 de juny, de Serveis de la Societat de la Informaci\u00f3 i del Comer\u00e7 Electr\u00f2nic (LSSI-CE), VILARDELL PURTI SA informa a l&#8217;usuari que \u00e9s titular del lloc web https:\/\/www.vilardellpurti.com. D&#8217;acord amb el que estableix l&#8217;article 10 de la Llei esmentada, VILARDELL PURT\u00cd SA informa als usuaris del seg\u00fcent:<br>El titular d&#8217;aquest lloc web \u00e9s VILARDELLPURTI SA, amb NIF ESA08283798 i domicili social a CARRETERA DE NAVARCLES, 107 POL. IND. SANTA ANNA I, 08251 SANTPEDOR, BARCELONA, Inscrita al Registre Mercantil de Barcelona, \u200b\u200bvolum 2035, Llibre 1438, Secci\u00f3 2, Foli 86, Full 20230. El correu electr\u00f2nic de contacte de l&#8217;empresa \u00e9s: <a href=\"mailto:vpsa@vilardellputri.com\">vpsa@vilardellputri.com<\/a> i el tel\u00e8fon \u00e9s +34 938 272 720.   <\/p><p> <\/p><h5><strong>Usuaris i r\u00e8gim de responsabilitat<\/strong><\/h5><p>El lloc web de VILARDELL PURTI SA ofereix una \u00e0mplia gamma de serveis, informaci\u00f3 i dades. L&#8217;usuari accepta la responsabilitat personal del correcte \u00fas d&#8217;aquest lloc web. Aquesta responsabilitat inclou, entre d&#8217;altres:  <\/p><ul><li>L&#8217;\u00fas dels serveis, informaci\u00f3 i dades oferts per VILARDELL PURTI SA<\/li><li>L&#8217;\u00fas contrari al que es disposa en aquestes condicions generals, la llei, la moral, els bons costums i l&#8217;ordre p\u00fablic, o qualsevol altre \u00fas que pugui afectar el bon funcionament del lloc web.<\/li><li>La veracitat i legalitat de la informaci\u00f3 proporcionada per l&#8217;usuari en els formularis sol\u00b7licitats per VILARDELL PURTI SA per accedir als serveis oferts al lloc web.<\/li><\/ul><p>Quan navegueu, accediu i utilitzeu el lloc web de VILARDELL PURTI SA, us convertiu en usuari. En navegar pel lloc web de VILARDELL PURTI SA, l&#8217;usuari accepta totes les condicions d&#8217;\u00fas que s&#8217;estableixen en aquest document, d&#8217;acord amb les lleis establertes en cada \u00e0mbit. <\/p><p> <\/p><h5><strong>Pol\u00edtica d&#8217;enlla\u00e7os i exempci\u00f3 de responsabilitat<\/strong><\/h5><p>VILARDELL PURTI SA no es responsabilitza del contingut dels llocs web als quals els usuaris puguin accedir a trav\u00e9s d&#8217;enlla\u00e7os inclosos al lloc web, i en cap cas examinar\u00e0 ni exercir\u00e0 cap control sobre el contingut d&#8217;altres llocs web. A m\u00e9s, no pot garantir la veracitat, l&#8217;exactitud, la disponibilitat t\u00e8cnica o la legalitat dels llocs web de tercers als quals es pugui accedir a trav\u00e9s dels enlla\u00e7os inclosos en aquest lloc web. <\/p><p>VILARDELL PURTI SA, mitjan\u00e7ant la seguretat de la informaci\u00f3, pot assegurar que ha pres les mesures necess\u00e0ries per evitar que l&#8217;experi\u00e8ncia del client en navegar pel lloc web no sigui segura. En conseq\u00fc\u00e8ncia, VILARDELL PURTI SA no es responsabilitza dels possibles danys que pugui patir l&#8217;usuari en relaci\u00f3 amb l&#8217;\u00fas d&#8217;Internet. <\/p><p> <\/p><h5><strong>Modificacions<\/strong><\/h5><p>La informaci\u00f3 d&#8217;aquest lloc web pot ser modificada o actualitzada per VILARDELL PURTI SA sense previ av\u00eds. Aix\u00f2 inclou el contingut del lloc web, els seus Termes i Condicions d&#8217;\u00das i les Condicions Generals de la Contractaci\u00f3. Aquestes modificacions s\u00f3n vinculants mentre romanguin publicades al lloc web i fins que siguin modificades per modificacions posteriors.  <\/p><p> <\/p><h5><strong>Accions legals, legislaci\u00f3 aplicable i jurisdicci\u00f3<\/strong><\/h5><p>VILARDELL PURTI SA es reserva el dret d&#8217;emprendre qualsevol acci\u00f3 civil o penal que consideri oportuna per l&#8217;\u00fas no autoritzat del seu lloc web i els seus continguts, o per l&#8217;incompliment d&#8217;aquestes condicions.<\/p><p>La relaci\u00f3 entre l&#8217;usuari i VILARDELL PURT\u00cd SA es regir\u00e0 per la legislaci\u00f3 vigent aplicable a Espanya. En cas de controv\u00e8rsia, les parts podran sotmetre les seves controv\u00e8rsies a arbitratge o rec\u00f3rrer a les vies legals habituals, d&#8217;acord amb les normes aplicables sobre jurisdicci\u00f3 i compet\u00e8ncia. El domicili social de VILARDELL PURTI SA es troba a SANTPEDOR, Espanya.  <\/p><p> <\/p><h4><strong>COOKIES <\/strong><\/h4><p>El lloc web de VILARDELL PURTI, SA utilitza cookies pr\u00f2pies i de tercers amb finalitats t\u00e8cniques i anal\u00edtiques. Podeu trobar informaci\u00f3 detallada a la nostra Pol\u00edtica de Cookies i configurar o rebutjar el seu \u00fas segons les vostres prefer\u00e8ncies a trav\u00e9s del panell de configuraci\u00f3 corresponent. <\/p><p> <\/p><h4><strong>PROPIETAT INTEL\u00b7LECTUAL I INDUSTRIAL<\/strong><\/h4><p>VILARDELL PURTI SA \u00e9s titular de tots els drets de propietat intel\u00b7lectual i industrial del seu lloc web. A m\u00e9s, tots els elements continguts al lloc web (inclosos, entre d&#8217;altres, imatges, \u00e0udio, so, v\u00eddeo, programari o text; marques o logotips, combinacions de colors, disseny i maquetaci\u00f3, etc.) s\u00f3n propietat de VILARDELL PURTI SA. En conseq\u00fc\u00e8ncia, aquestes obres estan protegides com a propietat intel\u00b7lectual per les lleis espanyoles i europees.  <\/p><p>Els usuaris no han de suprimir ni manipular cap dispositiu de protecci\u00f3 o sistema de seguretat instal\u00b7lat al lloc web de VILARDELL PURTI SA.<\/p><p>Tots els drets reservats. D&#8217;acord amb el que s&#8217;estableix en aquestes Lleis, queda estrictament prohibida la reproducci\u00f3, distribuci\u00f3 o comunicaci\u00f3 p\u00fablica de tot o part dels continguts d&#8217;aquest lloc web amb finalitats comercials, en qualsevol forma i per qualsevol mitj\u00e0 t\u00e8cnic, sense l&#8217;autoritzaci\u00f3 de VILARDELL PURTI SA. <\/p><p>L&#8217;usuari es compromet a respectar els drets de propietat intel\u00b7lectual i industrial titularitat de VILARDELL PURTI SA. Queda prohibit suprimir, alterar o manipular qualsevol dispositiu de protecci\u00f3 o sistema de seguretat instal\u00b7lat al lloc web de VILARDELL PURT\u00cd SA. <\/p><p>Si observeu algun contingut al lloc web que pogu\u00e9s infringir drets de propietat intel\u00b7lectual i industrial, si us plau, notifiqueu-ho al prestador el m\u00e9s aviat possible enviant un correu electr\u00f2nic a <a href=\"mailto:vpsa@vilardellpurti.com\">vpsa@vilardellpurti.com.<\/a><\/p><p> <\/p><h4><strong>PROTECCI\u00d3 DE DADES<\/strong><\/h4><p>De conformitat amb el que estableix la legislaci\u00f3 vigent en mat\u00e8ria de protecci\u00f3 de dades de car\u00e0cter personal, us informem que les vostres dades seran incorporades al sistema de tractament propietat de VILARDELL PURTI SA, amb NIF ESA08283798 i domicili social a CARRETERA DE NAVARCLES, 107 POL. IND. SANTA ANNA I, 08251 SANTPEDOR, BARCELONA, amb la finalitat de facilitar, atendre i complir els compromisos establerts entre ambdues parts. D&#8217;acord amb la normativa aplicable, VILARDELL PURTI SA informa als usuaris que les seves dades seran conservades durant el termini necessari per complir amb les condicions.   <\/p><p>VILARDELL PURTI SA us informa que tractarem les vostres dades sobre la base d&#8217;un inter\u00e8s leg\u00edtim per part de VILARDELL PURTI SA. Sou responsable de mantenir les vostres dades actualitzades i us comprometeu a notificar-nos qualsevol canvi. En conseq\u00fc\u00e8ncia, tenim el vostre consentiment per utilitzar les vostres dades per a les finalitats indicades anteriorment.  <\/p><p>VILARDELL PURTI SA tamb\u00e9 us informa que tractar\u00e0 les vostres dades de manera l\u00edcita, justa, transparent, adequada, pertinent, limitada i exacta (art. 5 RGPD). En conseq\u00fc\u00e8ncia, VILARDELL PURTI SA es compromet a prendre totes les mesures raonables per garantir que les vostres dades siguin suprimides o rectificades sense demora si s\u00f3n inexactes. <\/p><p>D&#8217;acord amb els drets que us confereix la legislaci\u00f3 vigent en mat\u00e8ria de protecci\u00f3 de dades personals, podeu exercir els drets d&#8217;acc\u00e9s, rectificaci\u00f3, limitaci\u00f3 del tractament, supressi\u00f3, portabilitat i oposici\u00f3 enviant la vostra sol\u00b7licitud a l&#8217;adre\u00e7a postal indicada anteriorment o escrivint un correu electr\u00f2nic a <a href=\"mailto:vpsa@vilardellpurti.com\">vpsa@vilardellpurti.com<\/a>.<\/p><p>Podeu contactar amb l&#8217;Ag\u00e8ncia Espanyola de Protecci\u00f3 de Dades (AEPD) si creieu que les vostres dades personals no han estat tractades correctament.<\/p>\t\t\t\t\t\t\t\t<\/div>\n\t\t\t\t<\/div>\n\t\t\t\t\t<\/div>\n\t\t\t\t<\/div>\n\t\t\t\t<\/div>\n\t\t","protected":false},"excerpt":{"rendered":"<p>Av\u00eds legal CONDICIONS D&#8217;\u00daS En compliment de la Llei 34\/2002, d&#8217;11 de juny, de Serveis de la Societat de la Informaci\u00f3 i del Comer\u00e7 Electr\u00f2nic (LSSI-CE), VILARDELL PURTI SA informa a l&#8217;usuari que \u00e9s titular del lloc web https:\/\/www.vilardellpurti.com. D&#8217;acord amb el que estableix l&#8217;article 10 de la Llei esmentada, VILARDELL PURT\u00cd SA informa als [&hellip;]<\/p>\n","protected":false},"author":2,"featured_media":0,"parent":0,"menu_order":0,"comment_status":"closed","ping_status":"closed","template":"elementor_header_footer","meta":{"_acf_changed":false,"inline_featured_image":false,"footnotes":""},"class_list":["post-4660","page","type-page","status-publish","hentry"],"acf":[],"yoast_head":"<!-- This site is optimized with the Yoast SEO plugin v27.6 - https:\/\/yoast.com\/product\/yoast-seo-wordpress\/ -->\n<title>Av\u00eds legal - Vilardell Purt\u00ed<\/title>\n<meta name=\"description\" content=\"Av\u00eds legal CONDICIONS D&#039;\u00daSEn compliment de la Llei 34\/2002, d&#039;11 de juny, de Serveis de la Societat de la Informaci\u00f3 i del Comer\u00e7 Electr\u00f2nic (LSSI-CE),\" \/>\n<meta name=\"robots\" content=\"noindex, nofollow\" \/>\n<meta property=\"og:locale\" content=\"ca_ES\" \/>\n<meta property=\"og:type\" content=\"article\" \/>\n<meta property=\"og:title\" content=\"Av\u00eds legal - Vilardell Purt\u00ed\" \/>\n<meta property=\"og:description\" content=\"Av\u00eds legal CONDICIONS D&#039;\u00daSEn compliment de la Llei 34\/2002, d&#039;11 de juny, de Serveis de la Societat de la Informaci\u00f3 i del Comer\u00e7 Electr\u00f2nic (LSSI-CE),\" \/>\n<meta property=\"og:url\" content=\"https:\/\/vilardellpurti.com\/ca\/avis-legal\/\" \/>\n<meta property=\"og:site_name\" content=\"Vilardell Purt\u00ed\" \/>\n<meta property=\"article:modified_time\" content=\"2025-12-15T08:49:34+00:00\" \/>\n<meta name=\"twitter:card\" content=\"summary_large_image\" \/>\n<meta name=\"twitter:label1\" content=\"Temps estimat de lectura\" \/>\n\t<meta name=\"twitter:data1\" content=\"6 minuts\" \/>\n<script type=\"application\/ld+json\" class=\"yoast-schema-graph\">{\"@context\":\"https:\\\/\\\/schema.org\",\"@graph\":[{\"@type\":\"WebPage\",\"@id\":\"https:\\\/\\\/vilardellpurti.com\\\/ca\\\/avis-legal\\\/\",\"url\":\"https:\\\/\\\/vilardellpurti.com\\\/ca\\\/avis-legal\\\/\",\"name\":\"Av\u00eds legal - Vilardell Purt\u00ed\",\"isPartOf\":{\"@id\":\"https:\\\/\\\/vilardellpurti.com\\\/#website\"},\"datePublished\":\"2021-10-16T13:24:59+00:00\",\"dateModified\":\"2025-12-15T08:49:34+00:00\",\"description\":\"Av\u00eds legal CONDICIONS D'\u00daSEn compliment de la Llei 34\\\/2002, d'11 de juny, de Serveis de la Societat de la Informaci\u00f3 i del Comer\u00e7 Electr\u00f2nic (LSSI-CE),\",\"breadcrumb\":{\"@id\":\"https:\\\/\\\/vilardellpurti.com\\\/ca\\\/avis-legal\\\/#breadcrumb\"},\"inLanguage\":\"ca\",\"potentialAction\":[{\"@type\":\"ReadAction\",\"target\":[\"https:\\\/\\\/vilardellpurti.com\\\/ca\\\/avis-legal\\\/\"]}]},{\"@type\":\"BreadcrumbList\",\"@id\":\"https:\\\/\\\/vilardellpurti.com\\\/ca\\\/avis-legal\\\/#breadcrumb\",\"itemListElement\":[{\"@type\":\"ListItem\",\"position\":1,\"name\":\"Portada\",\"item\":\"https:\\\/\\\/vilardellpurti.com\\\/ca\\\/home\\\/\"},{\"@type\":\"ListItem\",\"position\":2,\"name\":\"Av\u00eds legal\"}]},{\"@type\":\"WebSite\",\"@id\":\"https:\\\/\\\/vilardellpurti.com\\\/#website\",\"url\":\"https:\\\/\\\/vilardellpurti.com\\\/\",\"name\":\"Vilardell Purt\u00ed\",\"description\":\"Grupo industrial especializado\",\"publisher\":{\"@id\":\"https:\\\/\\\/vilardellpurti.com\\\/#organization\"},\"potentialAction\":[{\"@type\":\"SearchAction\",\"target\":{\"@type\":\"EntryPoint\",\"urlTemplate\":\"https:\\\/\\\/vilardellpurti.com\\\/?s={search_term_string}\"},\"query-input\":{\"@type\":\"PropertyValueSpecification\",\"valueRequired\":true,\"valueName\":\"search_term_string\"}}],\"inLanguage\":\"ca\"},{\"@type\":\"Organization\",\"@id\":\"https:\\\/\\\/vilardellpurti.com\\\/#organization\",\"name\":\"Vilardell Purt\u00ed\",\"url\":\"https:\\\/\\\/vilardellpurti.com\\\/\",\"logo\":{\"@type\":\"ImageObject\",\"inLanguage\":\"ca\",\"@id\":\"https:\\\/\\\/vilardellpurti.com\\\/#\\\/schema\\\/logo\\\/image\\\/\",\"url\":\"https:\\\/\\\/vilardellpurti.com\\\/wp-content\\\/uploads\\\/2025\\\/04\\\/vilardell-purti-logo.svg\",\"contentUrl\":\"https:\\\/\\\/vilardellpurti.com\\\/wp-content\\\/uploads\\\/2025\\\/04\\\/vilardell-purti-logo.svg\",\"width\":231,\"height\":49,\"caption\":\"Vilardell Purt\u00ed\"},\"image\":{\"@id\":\"https:\\\/\\\/vilardellpurti.com\\\/#\\\/schema\\\/logo\\\/image\\\/\"}}]}<\/script>\n<!-- \/ Yoast SEO plugin. -->","yoast_head_json":{"title":"Av\u00eds legal - Vilardell Purt\u00ed","description":"Av\u00eds legal CONDICIONS D'\u00daSEn compliment de la Llei 34\/2002, d'11 de juny, de Serveis de la Societat de la Informaci\u00f3 i del Comer\u00e7 Electr\u00f2nic (LSSI-CE),","robots":{"index":"noindex","follow":"nofollow"},"og_locale":"ca_ES","og_type":"article","og_title":"Av\u00eds legal - Vilardell Purt\u00ed","og_description":"Av\u00eds legal CONDICIONS D'\u00daSEn compliment de la Llei 34\/2002, d'11 de juny, de Serveis de la Societat de la Informaci\u00f3 i del Comer\u00e7 Electr\u00f2nic (LSSI-CE),","og_url":"https:\/\/vilardellpurti.com\/ca\/avis-legal\/","og_site_name":"Vilardell Purt\u00ed","article_modified_time":"2025-12-15T08:49:34+00:00","twitter_card":"summary_large_image","twitter_misc":{"Temps estimat de lectura":"6 minuts"},"schema":{"@context":"https:\/\/schema.org","@graph":[{"@type":"WebPage","@id":"https:\/\/vilardellpurti.com\/ca\/avis-legal\/","url":"https:\/\/vilardellpurti.com\/ca\/avis-legal\/","name":"Av\u00eds legal - Vilardell Purt\u00ed","isPartOf":{"@id":"https:\/\/vilardellpurti.com\/#website"},"datePublished":"2021-10-16T13:24:59+00:00","dateModified":"2025-12-15T08:49:34+00:00","description":"Av\u00eds legal CONDICIONS D'\u00daSEn compliment de la Llei 34\/2002, d'11 de juny, de Serveis de la Societat de la Informaci\u00f3 i del Comer\u00e7 Electr\u00f2nic (LSSI-CE),","breadcrumb":{"@id":"https:\/\/vilardellpurti.com\/ca\/avis-legal\/#breadcrumb"},"inLanguage":"ca","potentialAction":[{"@type":"ReadAction","target":["https:\/\/vilardellpurti.com\/ca\/avis-legal\/"]}]},{"@type":"BreadcrumbList","@id":"https:\/\/vilardellpurti.com\/ca\/avis-legal\/#breadcrumb","itemListElement":[{"@type":"ListItem","position":1,"name":"Portada","item":"https:\/\/vilardellpurti.com\/ca\/home\/"},{"@type":"ListItem","position":2,"name":"Av\u00eds legal"}]},{"@type":"WebSite","@id":"https:\/\/vilardellpurti.com\/#website","url":"https:\/\/vilardellpurti.com\/","name":"Vilardell Purt\u00ed","description":"Grupo industrial especializado","publisher":{"@id":"https:\/\/vilardellpurti.com\/#organization"},"potentialAction":[{"@type":"SearchAction","target":{"@type":"EntryPoint","urlTemplate":"https:\/\/vilardellpurti.com\/?s={search_term_string}"},"query-input":{"@type":"PropertyValueSpecification","valueRequired":true,"valueName":"search_term_string"}}],"inLanguage":"ca"},{"@type":"Organization","@id":"https:\/\/vilardellpurti.com\/#organization","name":"Vilardell Purt\u00ed","url":"https:\/\/vilardellpurti.com\/","logo":{"@type":"ImageObject","inLanguage":"ca","@id":"https:\/\/vilardellpurti.com\/#\/schema\/logo\/image\/","url":"https:\/\/vilardellpurti.com\/wp-content\/uploads\/2025\/04\/vilardell-purti-logo.svg","contentUrl":"https:\/\/vilardellpurti.com\/wp-content\/uploads\/2025\/04\/vilardell-purti-logo.svg","width":231,"height":49,"caption":"Vilardell Purt\u00ed"},"image":{"@id":"https:\/\/vilardellpurti.com\/#\/schema\/logo\/image\/"}}]}},"_links":{"self":[{"href":"https:\/\/vilardellpurti.com\/ca\/wp-json\/wp\/v2\/pages\/4660","targetHints":{"allow":["GET"]}}],"collection":[{"href":"https:\/\/vilardellpurti.com\/ca\/wp-json\/wp\/v2\/pages"}],"about":[{"href":"https:\/\/vilardellpurti.com\/ca\/wp-json\/wp\/v2\/types\/page"}],"author":[{"embeddable":true,"href":"https:\/\/vilardellpurti.com\/ca\/wp-json\/wp\/v2\/users\/2"}],"replies":[{"embeddable":true,"href":"https:\/\/vilardellpurti.com\/ca\/wp-json\/wp\/v2\/comments?post=4660"}],"version-history":[{"count":1,"href":"https:\/\/vilardellpurti.com\/ca\/wp-json\/wp\/v2\/pages\/4660\/revisions"}],"predecessor-version":[{"id":4661,"href":"https:\/\/vilardellpurti.com\/ca\/wp-json\/wp\/v2\/pages\/4660\/revisions\/4661"}],"wp:attachment":[{"href":"https:\/\/vilardellpurti.com\/ca\/wp-json\/wp\/v2\/media?parent=4660"}],"curies":[{"name":"wp","href":"https:\/\/api.w.org\/{rel}","templated":true}]}}